{"id":4013,"date":"2019-11-09T12:27:53","date_gmt":"2019-11-09T12:27:53","guid":{"rendered":"https:\/\/factory.sale\/product\/mirror-fix-sil-300ml-silicone-adhesive-and-sealant-for-mirrors-2\/"},"modified":"2025-03-23T11:25:35","modified_gmt":"2025-03-23T08:25:35","slug":"mirror-fix-sil-300ml-silikoniliima-ja-tiiviste-peilien-varten","status":"publish","type":"product","link":"https:\/\/factory.sale\/fi\/tuote\/mirror-fix-sil-300ml-silikoniliima-ja-tiiviste-peilien-varten\/","title":{"rendered":"MIRROR FIX SIL 300ML-SILIKONILIIMA JA TIIVISTE PEILIEN VARTEN"},"content":{"rendered":"<p>Erityinen silikoniliima ja rakennustiiviste peilien, laminaattien ja lasimosaiikkien liimaamiseen, my\u00f6s peili-peilij\u00e4rjestelm\u00e4ss\u00e4. Se tarttuu eritt\u00e4in hyvin tyypillisiin rakennusmateriaaleihin, kuten lasi, metalli, muovi, puu, tiili, lasite, betoni, kivi, keramiikka, kipsiosa jne. Tuotteella on neutraali kovetusj\u00e4rjestelm\u00e4. Liuotinvapaa. Se on joustava ja kest\u00e4v\u00e4. Kest\u00e4\u00e4 l\u00e4mp\u00f6tilan muutoksia: -40 &#8211; + 180 \u00b0 C.<\/p>\n<p><strong>Toteutusmenetelm\u00e4<\/strong><\/p>\n<p>Liimattujen pintojen on oltava kuivia ja puhtaita, p\u00f6lytt\u00f6mi\u00e4, ilman likaa, rasvaa, ruostetta ja muita tarttuvuutta v\u00e4hent\u00e4vi\u00e4 aineita. Lasista, lasitetuilta pinnoilta, puusta tulee poistaa rasva alkoholilla, bensiinill\u00e4 tai muilla liuottimilla. Imev\u00e4t pinnat, kuten kipsi tai tiili, tulee pohjustaa. Liima on levitett\u00e4v\u00e4 pystysuorilla raidoilla tai pisteill\u00e4 &#8211; liimalla on oltava ilmap\u00e4\u00e4sy. Paina liimatut pinnat tiukasti ja tasaisesti, k\u00e4yt\u00e4 tukia liiman kovettumiseen (syv\u00e4 kovettumisaika: 2 mm \/ 24 tuntia). \u00c4l\u00e4 sulje peilin reunaa ennen kovettumista.<\/p>\n<p><strong>Varoitus<\/strong><\/p>\n<p>Tuntemattomien valmistajien peilien on teht\u00e4v\u00e4 koeliimaukset. Sis\u00e4k\u00e4ytt\u00f6\u00f6n tarkoitetut peilit on suojattava pinnoitteella, joka on 0,7 g \/ m 2 hopeaa, 0,2 g \/ m 2 kuparia, pohjakerros 50 mm ja yl\u00e4kerros, mukaan lukien 20 \u00b0 pohjakerros.<\/p>\n<p>On my\u00f6s suositeltavaa suorittaa alusta-tarttuvuustesti ennen tuotteen levitt\u00e4mist\u00e4.<\/p>\n","protected":false},"excerpt":{"rendered":"<p>Erityinen silikoniliima ja rakennustiiviste peilien, laminaattien ja lasimosaiikkien liimaamiseen, my\u00f6s peili-peilij\u00e4rjestelm\u00e4ss\u00e4. Se tarttuu eritt\u00e4in hyvin tyypillisiin rakennusmateriaaleihin, kuten lasi, metalli, muovi, puu, tiili, lasite, betoni, kivi, keramiikka, kipsiosa jne. Tuotteella on neutraali kovetusj\u00e4rjestelm\u00e4. Liuotinvapaa. Se on joustava ja kest\u00e4v\u00e4. Kest\u00e4\u00e4 l\u00e4mp\u00f6tilan muutoksia: -40 &#8211; + 180 \u00b0.<\/p>\n","protected":false},"featured_media":4015,"comment_status":"open","ping_status":"closed","template":"","meta":{"_acf_changed":false},"factory":[],"free-shipment":[],"product_brand":[],"product_cat":[425,429],"product_tag":[571],"class_list":{"0":"post-4013","1":"product","2":"type-product","3":"status-publish","4":"has-post-thumbnail","6":"product_cat-construction-chemistry-fi","7":"product_cat-glues-fi","8":"product_tag-glues-fi","10":"first","11":"instock","12":"sale","13":"taxable","14":"shipping-taxable","15":"purchasable","16":"product-type-simple"},"acf":[],"_links":{"self":[{"href":"https:\/\/factory.sale\/fi\/wp-json\/wp\/v2\/product\/4013","targetHints":{"allow":["GET"]}}],"collection":[{"href":"https:\/\/factory.sale\/fi\/wp-json\/wp\/v2\/product"}],"about":[{"href":"https:\/\/factory.sale\/fi\/wp-json\/wp\/v2\/types\/product"}],"replies":[{"embeddable":true,"href":"https:\/\/factory.sale\/fi\/wp-json\/wp\/v2\/comments?post=4013"}],"wp:featuredmedia":[{"embeddable":true,"href":"https:\/\/factory.sale\/fi\/wp-json\/wp\/v2\/media\/4015"}],"wp:attachment":[{"href":"https:\/\/factory.sale\/fi\/wp-json\/wp\/v2\/media?parent=4013"}],"wp:term":[{"taxonomy":"factory","embeddable":true,"href":"https:\/\/factory.sale\/fi\/wp-json\/wp\/v2\/factory?post=4013"},{"taxonomy":"free-shipment","embeddable":true,"href":"https:\/\/factory.sale\/fi\/wp-json\/wp\/v2\/free-shipment?post=4013"},{"taxonomy":"product_brand","embeddable":true,"href":"https:\/\/factory.sale\/fi\/wp-json\/wp\/v2\/product_brand?post=4013"},{"taxonomy":"product_cat","embeddable":true,"href":"https:\/\/factory.sale\/fi\/wp-json\/wp\/v2\/product_cat?post=4013"},{"taxonomy":"product_tag","embeddable":true,"href":"https:\/\/factory.sale\/fi\/wp-json\/wp\/v2\/product_tag?post=4013"}],"curies":[{"name":"wp","href":"https:\/\/api.w.org\/{rel}","templated":true}]}}