{"id":4010,"date":"2019-11-09T12:31:09","date_gmt":"2019-11-09T12:31:09","guid":{"rendered":"https:\/\/factory.sale\/product\/plastic-glue-20ml-adhesive-for-hard-plastics-and-pvc\/"},"modified":"2025-03-19T01:29:11","modified_gmt":"2025-03-18T22:29:11","slug":"muoviliima-20ml-liima-kovien-muovien-ja-pvc-varten","status":"publish","type":"product","link":"https:\/\/factory.sale\/fi\/tuote\/muoviliima-20ml-liima-kovien-muovien-ja-pvc-varten\/","title":{"rendered":"MUOVILIIMA 20ML \u2013 LIIMA KOVIEN MUOVIEN JA PVC VARTEN"},"content":{"rendered":"<p>Kovien muovien liima on suunniteltu yhdist\u00e4m\u00e4\u00e4n modernit synteettiset materiaalit kuten ABS, akryylilasi, TR, EVA ja kova PVC putkiin, liittimiin, sadevesiputkiin, laattoihin (paitsi PE, PA, HDPE). Muodostaa eritt\u00e4in vahvan liitoksen, joka kest\u00e4\u00e4 kylm\u00e4\u00e4 ja kuumaa vett\u00e4 sek\u00e4 kemikaaleja.<\/p>\n<p><strong>Tyypillisi\u00e4 k\u00e4ytt\u00f6kohteita<\/strong><\/p>\n<p>Kodinkoneiden korjaus: P\u00f6lynimurit, hanat, j\u00e4\u00e4kaapit, kahvinkeittimet, kuivaimet, mehukoneet, muoviset auton ajovalojen suojukset, tietokoneet, nauhurit, puhelimet, kojetaulut, muovilelut. Kovasta PVC: st\u00e4 valmistetut vesi- ja viem\u00e4rij\u00e4rjestelmien liitoselementit.<\/p>\n","protected":false},"excerpt":{"rendered":"<p>ADHESIVE FOR HARD PLASTICS liima on suunniteltu yhdist\u00e4m\u00e4\u00e4n modernit synteettiset materiaalit kuten ABS, akryylilasi, TR, EVA ja kova PVC putkiin, liittimiin, sadevesiputkiin, laattoihin (paitsi PE, PA, HDPE). Muodostaa eritt\u00e4in vahvan liitoksen, joka kest\u00e4\u00e4 kylm\u00e4\u00e4 ja kuumaa vett\u00e4 sek\u00e4 kemikaaleja.<\/p>\n","protected":false},"featured_media":4012,"comment_status":"open","ping_status":"closed","template":"","meta":{"_acf_changed":false},"factory":[],"free-shipment":[],"product_brand":[],"product_cat":[429,425],"product_tag":[],"class_list":{"0":"post-4010","1":"product","2":"type-product","3":"status-publish","4":"has-post-thumbnail","6":"product_cat-glues-fi","7":"product_cat-construction-chemistry-fi","9":"first","10":"instock","11":"sale","12":"taxable","13":"shipping-taxable","14":"purchasable","15":"product-type-simple"},"acf":[],"_links":{"self":[{"href":"https:\/\/factory.sale\/fi\/wp-json\/wp\/v2\/product\/4010","targetHints":{"allow":["GET"]}}],"collection":[{"href":"https:\/\/factory.sale\/fi\/wp-json\/wp\/v2\/product"}],"about":[{"href":"https:\/\/factory.sale\/fi\/wp-json\/wp\/v2\/types\/product"}],"replies":[{"embeddable":true,"href":"https:\/\/factory.sale\/fi\/wp-json\/wp\/v2\/comments?post=4010"}],"wp:featuredmedia":[{"embeddable":true,"href":"https:\/\/factory.sale\/fi\/wp-json\/wp\/v2\/media\/4012"}],"wp:attachment":[{"href":"https:\/\/factory.sale\/fi\/wp-json\/wp\/v2\/media?parent=4010"}],"wp:term":[{"taxonomy":"factory","embeddable":true,"href":"https:\/\/factory.sale\/fi\/wp-json\/wp\/v2\/factory?post=4010"},{"taxonomy":"free-shipment","embeddable":true,"href":"https:\/\/factory.sale\/fi\/wp-json\/wp\/v2\/free-shipment?post=4010"},{"taxonomy":"product_brand","embeddable":true,"href":"https:\/\/factory.sale\/fi\/wp-json\/wp\/v2\/product_brand?post=4010"},{"taxonomy":"product_cat","embeddable":true,"href":"https:\/\/factory.sale\/fi\/wp-json\/wp\/v2\/product_cat?post=4010"},{"taxonomy":"product_tag","embeddable":true,"href":"https:\/\/factory.sale\/fi\/wp-json\/wp\/v2\/product_tag?post=4010"}],"curies":[{"name":"wp","href":"https:\/\/api.w.org\/{rel}","templated":true}]}}