{"id":4007,"date":"2019-11-09T12:33:46","date_gmt":"2019-11-09T12:33:46","guid":{"rendered":"https:\/\/factory.sale\/product\/rubber-glue-20ml-rubber-adhesive\/"},"modified":"2024-06-28T08:05:26","modified_gmt":"2024-06-28T08:05:26","slug":"kumiliima-20ml-kumista-tarttuva","status":"publish","type":"product","link":"https:\/\/factory.sale\/fi\/tuote\/kumiliima-20ml-kumista-tarttuva\/","title":{"rendered":"KUMILIIMA 20ML \u2013 KUMISTA TARTTUVA"},"content":{"rendered":"<p>Erinomainen liima kumielementeille. T\u00e4m\u00e4 liima luo vahvan ja eritt\u00e4in joustavan saranan, joka kest\u00e4\u00e4 muuttuvia l\u00e4mp\u00f6tiloja.<br \/>\nT\u00e4ydellinen auto- ja polkupy\u00f6r\u00e4renkaiden liimaamiseen ja vuotaviin kumiletkuihin. Se sopii my\u00f6s p\u00e4\u00e4llystetylle kumille sek\u00e4 puhallettaville patjoille.<\/p>\n<p><strong>K\u00e4ytt\u00f6<\/strong><\/p>\n<p>Levit\u00e4 ohut kerros liimaa puhdistetuille (NT-hiekkapaperi) tai asetonipohjaisille pinnoille. Hyvin imukykyisille pinnoille levit\u00e4 toinen kerros liimaa muutaman minuuttin er\u00e4ss\u00e4. Odota 5\u201310 minuuttia ennen liitt\u00e4mist\u00e4, paina tiukasti kiinni ja j\u00e4t\u00e4 kuivumaan yhteen puristettuna noin 12 tunniksi.<\/p>\n<p>Kiinnij\u00e4\u00e4neet sis\u00e4renkaat voidaan kiinnitt\u00e4\u00e4 py\u00f6riin heti liimaamisen j\u00e4lkeen.<\/p>\n<p>L\u00e4mp\u00f6tila liimalla ty\u00f6skennelless\u00e4: +12 &#8211; + 25 \u00b0 C.<\/p>\n","protected":false},"excerpt":{"rendered":"<p>Erinomainen liima kumielementeille. Liima luo vahvan ja eritt\u00e4in joustavan saranan, joka kest\u00e4 muuttuvia l\u00e4mp\u00f6tiloja.<br \/>\nSe on t\u00e4ydellinen auto- ja polkupy\u00f6r\u00e4renkaiden liimaamiseen ja vuotaviin kumiletkuihin. Se sopii my\u00f6s p\u00e4\u00e4llystetylle kumille sek\u00e4 puhallettaville patjoille.<\/p>\n","protected":false},"featured_media":4009,"comment_status":"open","ping_status":"closed","template":"","meta":{"_acf_changed":false},"factory":[],"free-shipment":[],"product_brand":[],"product_cat":[429,425],"product_tag":[571],"class_list":{"0":"post-4007","1":"product","2":"type-product","3":"status-publish","4":"has-post-thumbnail","6":"product_cat-glues-fi","7":"product_cat-construction-chemistry-fi","8":"product_tag-glues-fi","10":"first","11":"instock","12":"sale","13":"taxable","14":"shipping-taxable","15":"purchasable","16":"product-type-simple"},"acf":[],"_links":{"self":[{"href":"https:\/\/factory.sale\/fi\/wp-json\/wp\/v2\/product\/4007","targetHints":{"allow":["GET"]}}],"collection":[{"href":"https:\/\/factory.sale\/fi\/wp-json\/wp\/v2\/product"}],"about":[{"href":"https:\/\/factory.sale\/fi\/wp-json\/wp\/v2\/types\/product"}],"replies":[{"embeddable":true,"href":"https:\/\/factory.sale\/fi\/wp-json\/wp\/v2\/comments?post=4007"}],"wp:featuredmedia":[{"embeddable":true,"href":"https:\/\/factory.sale\/fi\/wp-json\/wp\/v2\/media\/4009"}],"wp:attachment":[{"href":"https:\/\/factory.sale\/fi\/wp-json\/wp\/v2\/media?parent=4007"}],"wp:term":[{"taxonomy":"factory","embeddable":true,"href":"https:\/\/factory.sale\/fi\/wp-json\/wp\/v2\/factory?post=4007"},{"taxonomy":"free-shipment","embeddable":true,"href":"https:\/\/factory.sale\/fi\/wp-json\/wp\/v2\/free-shipment?post=4007"},{"taxonomy":"product_brand","embeddable":true,"href":"https:\/\/factory.sale\/fi\/wp-json\/wp\/v2\/product_brand?post=4007"},{"taxonomy":"product_cat","embeddable":true,"href":"https:\/\/factory.sale\/fi\/wp-json\/wp\/v2\/product_cat?post=4007"},{"taxonomy":"product_tag","embeddable":true,"href":"https:\/\/factory.sale\/fi\/wp-json\/wp\/v2\/product_tag?post=4007"}],"curies":[{"name":"wp","href":"https:\/\/api.w.org\/{rel}","templated":true}]}}