{"id":4004,"date":"2019-11-09T12:37:09","date_gmt":"2019-11-09T12:37:09","guid":{"rendered":"https:\/\/factory.sale\/product\/montage-gunfoam-b1-750ml-flame-retardant-low-expansion-pistol-assembly-foam\/"},"modified":"2024-06-26T15:58:54","modified_gmt":"2024-06-26T15:58:54","slug":"montage-gunfoam-b1-750ml-palosuojattu-matalalaajennuspistooli-asennusvaahto","status":"publish","type":"product","link":"https:\/\/factory.sale\/fi\/tuote\/montage-gunfoam-b1-750ml-palosuojattu-matalalaajennuspistooli-asennusvaahto\/","title":{"rendered":"MONTAGE GUNFOAM B1 750ML- palosuojattu matalalaajennuspistooli asennusvaahto"},"content":{"rendered":"<p>Yksikomponenttinen, pistooli, v\u00e4h\u00e4n laajenevaa, paloa hidastavaa polyuretaanikokoonpanoa ja eristysvaahtoa, joille on ominaista yhten\u00e4inen ja s\u00e4\u00e4nn\u00f6llinen suljettujen solujen rakenne, alhainen kosteuden imeytyminen sek\u00e4 erinomaiset parametrit l\u00e4mp\u00f6- ja \u00e4\u00e4nieristyksen alalla. K\u00e4ytt\u00f6l\u00e4mp\u00f6tila-alue: +10 \u00b0C &#8211; +35 \u00b0C.<\/p>\n<p><strong>Ominaisuudet<\/strong><\/p>\n<ul>\n<li>K\u00e4ytett\u00e4v\u00e4ksi laajalla l\u00e4mp\u00f6tila-alueella +10 \u00b0 C &#8211; + 35 \u00b0 C<\/li>\n<li>Laajenee altistettaessa alustan kosteudelle ja ilmakeh\u00e4n ilmalle<\/li>\n<li>Hyv\u00e4 liima betonille, laastille, tiilelle, puulle, PVC: lle, metalleille, lasille ja monille muoveille jne.<\/li>\n<li>Varmistaa hyv\u00e4n l\u00e4mm\u00f6n- ja \u00e4\u00e4nieristyksen<\/li>\n<li>Sill\u00e4 on oikea k\u00e4sittelyaika ja alkuper\u00e4inen kapasiteetti<\/li>\n<li>Liimaa pysty- ja vaakasuorille pinnoille &#8211; ei tipu<\/li>\n<li>Mittasuhteessa vakaa ajan my\u00f6t\u00e4<\/li>\n<li>Varmistaa koottujen elementtien vakauden ja joustavuuden<\/li>\n<\/ul>\n<p><strong>K\u00e4ytt\u00f6<\/strong><\/p>\n<ul>\n<li>Puu-, metalli- ja muoviosien kokoonpanon rakentamisessa ja teollisuudessa<\/li>\n<li>Kaihtimien, ikkuna- ja ovikehysten asennus ja tiivistys<\/li>\n<li>Halkeamien ja aukkojen t\u00e4ytt\u00e4minen v\u00e4liseinien v\u00e4lisiss\u00e4 liitoksissa<\/li>\n<li>Aukkojen ja urien t\u00e4ytt\u00e4minen sein\u00e4miss\u00e4, kattoissa, kattoputkissa ja asennusputkissa<\/li>\n<li>Kattojen ja kattojen l\u00e4mm\u00f6neristys<\/li>\n<li>Tiivist\u00e4v\u00e4t kattoliitokset<\/li>\n<li>Vesi-, viem\u00e4ri- ja keskusl\u00e4mmitysverkkojen l\u00e4mm\u00f6neristys<\/li>\n<li>\u00c4\u00e4nieristys, elementtien liitt\u00e4minen ja tiivist\u00e4minen luurakenteissa<\/li>\n<\/ul>\n","protected":false},"excerpt":{"rendered":"<p>Yksikomponenttinen, pistooli, v\u00e4h\u00e4n laajenevaa, paloa hidastavaa polyuretaanikokoonpanoa ja eristysvaahtoa, joille on ominaista yhten\u00e4inen ja s\u00e4\u00e4nn\u00f6llinen suljettujen solujen rakenne, alhainen kosteuden imeytyminen sek\u00e4 erinomaiset parametrit l\u00e4mp\u00f6- ja \u00e4\u00e4nieristyksen alalla. K\u00e4ytt\u00f6l\u00e4mp\u00f6tila-alue: +10 \u00b0C &#8211; +35 \u00b0C.<\/p>\n","protected":false},"featured_media":4006,"comment_status":"open","ping_status":"closed","template":"","meta":{"_acf_changed":false},"factory":[],"free-shipment":[],"product_brand":[],"product_cat":[425,431],"product_tag":[565],"class_list":{"0":"post-4004","1":"product","2":"type-product","3":"status-publish","4":"has-post-thumbnail","6":"product_cat-construction-chemistry-fi","7":"product_cat-vaahdot","8":"product_tag-foams-fi","10":"first","11":"instock","12":"sale","13":"taxable","14":"shipping-taxable","15":"purchasable","16":"product-type-simple"},"acf":[],"_links":{"self":[{"href":"https:\/\/factory.sale\/fi\/wp-json\/wp\/v2\/product\/4004","targetHints":{"allow":["GET"]}}],"collection":[{"href":"https:\/\/factory.sale\/fi\/wp-json\/wp\/v2\/product"}],"about":[{"href":"https:\/\/factory.sale\/fi\/wp-json\/wp\/v2\/types\/product"}],"replies":[{"embeddable":true,"href":"https:\/\/factory.sale\/fi\/wp-json\/wp\/v2\/comments?post=4004"}],"wp:featuredmedia":[{"embeddable":true,"href":"https:\/\/factory.sale\/fi\/wp-json\/wp\/v2\/media\/4006"}],"wp:attachment":[{"href":"https:\/\/factory.sale\/fi\/wp-json\/wp\/v2\/media?parent=4004"}],"wp:term":[{"taxonomy":"factory","embeddable":true,"href":"https:\/\/factory.sale\/fi\/wp-json\/wp\/v2\/factory?post=4004"},{"taxonomy":"free-shipment","embeddable":true,"href":"https:\/\/factory.sale\/fi\/wp-json\/wp\/v2\/free-shipment?post=4004"},{"taxonomy":"product_brand","embeddable":true,"href":"https:\/\/factory.sale\/fi\/wp-json\/wp\/v2\/product_brand?post=4004"},{"taxonomy":"product_cat","embeddable":true,"href":"https:\/\/factory.sale\/fi\/wp-json\/wp\/v2\/product_cat?post=4004"},{"taxonomy":"product_tag","embeddable":true,"href":"https:\/\/factory.sale\/fi\/wp-json\/wp\/v2\/product_tag?post=4004"}],"curies":[{"name":"wp","href":"https:\/\/api.w.org\/{rel}","templated":true}]}}