{"id":4001,"date":"2019-11-09T12:38:49","date_gmt":"2019-11-09T12:38:49","guid":{"rendered":"https:\/\/factory.sale\/product\/montage-foam-500ml-snake-mounting-foam-all-year-round\/"},"modified":"2024-06-26T08:42:20","modified_gmt":"2024-06-26T08:42:20","slug":"polyuretaanivaahto-500ml-snake-asennusvaahto-ympari-vuoden","status":"publish","type":"product","link":"https:\/\/factory.sale\/fi\/tuote\/polyuretaanivaahto-500ml-snake-asennusvaahto-ympari-vuoden\/","title":{"rendered":"POLYURETAANIVAAHTO 500ML \u2013 \u2019\u2019SNAKE\u2019\u2019 ASENNUSVAAHTO"},"content":{"rendered":"<p>Yksikomponenttinen, polyuretaanisarja ja eristysvaahto, joille on ominaista tasainen ja s\u00e4\u00e4nn\u00f6llinen suljettujen kennojen rakenne, alhainen kosteuden imeytyminen sek\u00e4 erinomaiset parametrit l\u00e4mm\u00f6n ja \u00e4\u00e4nieristyksen alalla. Levitysl\u00e4mp\u00f6tila-alue: -10 \u00b0 C &#8211; + 35 \u00b0 C<\/p>\n<p><strong>Ominaisuudet<\/strong><\/p>\n<ul>\n<li>Oikea k\u00e4sittelyaika ja alkuper\u00e4inen tehokkuus<\/li>\n<li>Ominaista korkea tiheys, alhainen imukyky, tasainen rakenne ja mittojen stabiilisuus<\/li>\n<li>Levityksen j\u00e4lkeen se laajenee ja kovettuu sek\u00e4 ilmakeh\u00e4n ett\u00e4 rakennusmateriaalien kosteuden vaikutuksesta<\/li>\n<li>Tarjoaa erinomaisen l\u00e4mm\u00f6n, \u00e4\u00e4nen ja kosteuden eristyksen<\/li>\n<li>Kemiallisesti neutraali kuivumisen j\u00e4lkeen, kest\u00e4v\u00e4 useille l\u00e4mp\u00f6tiloille sek\u00e4 sienten ja homeen kehittymiselle<\/li>\n<li>Hyv\u00e4 tarttuvuus esim. betoni, raappaus, rakennuskeramiikka, puu, ter\u00e4s, metallit, PVC ja vastaavat muovit<\/li>\n<li>Liima vaaka- ja pystysuorille pinnoille &#8211; ei tipu<\/li>\n<li>Varmistaa koottujen elementtien vakauden ja joustavuuden<\/li>\n<li>Ei sis\u00e4ll\u00e4 (H) CFC-yhdisteit\u00e4, PCB-yhdisteit\u00e4 tai formaldehydi\u00e4<\/li>\n<li>Varmistaa tarkan annostelun<\/li>\n<li>Tehokas k\u00e4ytt\u00e4\u00e4<\/li>\n<\/ul>\n<p><strong>K\u00e4ytt\u00f6<\/strong><\/p>\n<ul>\n<li>Ikkuna- ja ovikehysten, autotalli-ovien ja rullakaihtimien kokoonpano, tiivist\u00e4minen ja liitt\u00e4minen (edelt\u00e4v\u00e4n mekaanisen kiinnityksen j\u00e4lkeen ja suoja muodonmuutoksesta)<\/li>\n<li>Halkeamien ja aukkojen t\u00e4ytt\u00e4minen v\u00e4liseinien v\u00e4lisiss\u00e4 liitoksissa<\/li>\n<li>Aukkojen ja urien t\u00e4ytt\u00e4minen sein\u00e4miss\u00e4, kattoissa, kattoputkissa ja asennusputkissa<\/li>\n<li>Aukkojen t\u00e4ytt\u00e4minen savupiippujen ja kattoikkunoiden ymp\u00e4rill\u00e4<\/li>\n<li>Aukkojen t\u00e4ytt\u00e4minen vaahdotettujen polystyreenilevyjen v\u00e4lill\u00e4 ulkoseinien eristysj\u00e4rjestelmiss\u00e4<\/li>\n<li>Kattojen ja kattojen l\u00e4mm\u00f6neristys<\/li>\n<li>\u00c4\u00e4nieristys, elementtien liitt\u00e4minen ja tiivist\u00e4minen luurakenteissa<\/li>\n<li>Liimaamalla koristeelliset ja erist\u00e4v\u00e4t paneelit ja paneelit<\/li>\n<li>Kiinnityslaudat, portaat, ikkunalaudat ja muut viimeistelyelementit<\/li>\n<\/ul>\n","protected":false},"excerpt":{"rendered":"<p>Yksikomponenttinen, polyuretaanisarja ja eristysvaahto, joille on ominaista tasainen ja s\u00e4\u00e4nn\u00f6llinen suljettujen kennojen rakenne, alhainen kosteuden imeytyminen sek\u00e4 erinomaiset parametrit l\u00e4mm\u00f6n ja \u00e4\u00e4nieristyksen alalla. Levitysl\u00e4mp\u00f6tila-alue: -10 \u00b0 C &#8211; + 35 \u00b0 C<\/p>\n","protected":false},"featured_media":4003,"comment_status":"open","ping_status":"closed","template":"","meta":{"_acf_changed":false},"factory":[],"free-shipment":[],"product_brand":[],"product_cat":[425,431],"product_tag":[565],"class_list":{"0":"post-4001","1":"product","2":"type-product","3":"status-publish","4":"has-post-thumbnail","6":"product_cat-construction-chemistry-fi","7":"product_cat-vaahdot","8":"product_tag-foams-fi","10":"first","11":"instock","12":"sale","13":"taxable","14":"shipping-taxable","15":"purchasable","16":"product-type-simple"},"acf":[],"_links":{"self":[{"href":"https:\/\/factory.sale\/fi\/wp-json\/wp\/v2\/product\/4001","targetHints":{"allow":["GET"]}}],"collection":[{"href":"https:\/\/factory.sale\/fi\/wp-json\/wp\/v2\/product"}],"about":[{"href":"https:\/\/factory.sale\/fi\/wp-json\/wp\/v2\/types\/product"}],"replies":[{"embeddable":true,"href":"https:\/\/factory.sale\/fi\/wp-json\/wp\/v2\/comments?post=4001"}],"wp:featuredmedia":[{"embeddable":true,"href":"https:\/\/factory.sale\/fi\/wp-json\/wp\/v2\/media\/4003"}],"wp:attachment":[{"href":"https:\/\/factory.sale\/fi\/wp-json\/wp\/v2\/media?parent=4001"}],"wp:term":[{"taxonomy":"factory","embeddable":true,"href":"https:\/\/factory.sale\/fi\/wp-json\/wp\/v2\/factory?post=4001"},{"taxonomy":"free-shipment","embeddable":true,"href":"https:\/\/factory.sale\/fi\/wp-json\/wp\/v2\/free-shipment?post=4001"},{"taxonomy":"product_brand","embeddable":true,"href":"https:\/\/factory.sale\/fi\/wp-json\/wp\/v2\/product_brand?post=4001"},{"taxonomy":"product_cat","embeddable":true,"href":"https:\/\/factory.sale\/fi\/wp-json\/wp\/v2\/product_cat?post=4001"},{"taxonomy":"product_tag","embeddable":true,"href":"https:\/\/factory.sale\/fi\/wp-json\/wp\/v2\/product_tag?post=4001"}],"curies":[{"name":"wp","href":"https:\/\/api.w.org\/{rel}","templated":true}]}}