{"id":3998,"date":"2019-11-09T12:40:51","date_gmt":"2019-11-09T12:40:51","guid":{"rendered":"https:\/\/factory.sale\/product\/pu-cleaner-500ml-cleaner-for-polyurethane-foams-and-adhesives\/"},"modified":"2024-06-28T03:25:04","modified_gmt":"2024-06-28T03:25:04","slug":"pu-cleaner-500ml-puhdistusaine-polyuretaanivaahtojen-ja-liimojen-puhdistukseen","status":"publish","type":"product","link":"https:\/\/factory.sale\/fi\/tuote\/pu-cleaner-500ml-puhdistusaine-polyuretaanivaahtojen-ja-liimojen-puhdistukseen\/","title":{"rendered":"PU-CLEANER 500ML &#8211; PUHDISTUSAINE POLYURETAANIVAAHTOJEN JA LIIMOJEN PUHDISTUKSEEN"},"content":{"rendered":"<p><strong>Ominaisuudet<\/strong><\/p>\n<p>Universaali asetonisuihkupuhdistin vaahtopistoolien puhdistamiseen ja lian poistamiseen hiomattomista vaahto- ja polyuretaaniliimoista.<\/p>\n<p><strong>K\u00e4ytt\u00f6<\/strong><\/p>\n<ul>\n<li>Sis\u00e4isten ja ulkoisten ep\u00e4puhtauksien poisto polyuretaanivaahdosta paisutetusta polystyreenist\u00e4.<\/li>\n<li>Puhdistusv\u00e4lineet ja ymp\u00e4rist\u00f6 tuoreiden vaahto- ja polyuretaaniliimojen lis\u00e4\u00e4misest\u00e4.<\/li>\n<\/ul>\n<p>&nbsp;<\/p>\n","protected":false},"excerpt":{"rendered":"<p>Universaali asetonisuihkupuhdistin vaahtopistoolien puhdistamiseen ja lian poistamiseen hiomattomista vaahto- ja polyuretaaniliimoista.<\/p>\n","protected":false},"featured_media":4000,"comment_status":"open","ping_status":"closed","template":"","meta":{"_acf_changed":false},"factory":[],"free-shipment":[],"product_brand":[],"product_cat":[425,431],"product_tag":[565],"class_list":{"0":"post-3998","1":"product","2":"type-product","3":"status-publish","4":"has-post-thumbnail","6":"product_cat-construction-chemistry-fi","7":"product_cat-vaahdot","8":"product_tag-foams-fi","10":"first","11":"instock","12":"sale","13":"taxable","14":"shipping-taxable","15":"purchasable","16":"product-type-simple"},"acf":[],"_links":{"self":[{"href":"https:\/\/factory.sale\/fi\/wp-json\/wp\/v2\/product\/3998","targetHints":{"allow":["GET"]}}],"collection":[{"href":"https:\/\/factory.sale\/fi\/wp-json\/wp\/v2\/product"}],"about":[{"href":"https:\/\/factory.sale\/fi\/wp-json\/wp\/v2\/types\/product"}],"replies":[{"embeddable":true,"href":"https:\/\/factory.sale\/fi\/wp-json\/wp\/v2\/comments?post=3998"}],"wp:featuredmedia":[{"embeddable":true,"href":"https:\/\/factory.sale\/fi\/wp-json\/wp\/v2\/media\/4000"}],"wp:attachment":[{"href":"https:\/\/factory.sale\/fi\/wp-json\/wp\/v2\/media?parent=3998"}],"wp:term":[{"taxonomy":"factory","embeddable":true,"href":"https:\/\/factory.sale\/fi\/wp-json\/wp\/v2\/factory?post=3998"},{"taxonomy":"free-shipment","embeddable":true,"href":"https:\/\/factory.sale\/fi\/wp-json\/wp\/v2\/free-shipment?post=3998"},{"taxonomy":"product_brand","embeddable":true,"href":"https:\/\/factory.sale\/fi\/wp-json\/wp\/v2\/product_brand?post=3998"},{"taxonomy":"product_cat","embeddable":true,"href":"https:\/\/factory.sale\/fi\/wp-json\/wp\/v2\/product_cat?post=3998"},{"taxonomy":"product_tag","embeddable":true,"href":"https:\/\/factory.sale\/fi\/wp-json\/wp\/v2\/product_tag?post=3998"}],"curies":[{"name":"wp","href":"https:\/\/api.w.org\/{rel}","templated":true}]}}