{"id":3995,"date":"2019-11-09T12:44:00","date_gmt":"2019-11-09T12:44:00","guid":{"rendered":"https:\/\/factory.sale\/product\/penetrative-primer-5l-deep-penetrating-primer\/"},"modified":"2024-06-26T14:52:45","modified_gmt":"2024-06-26T14:52:45","slug":"penetrative-primer-5l-syva-lapitunkeva-pohjamaali","status":"publish","type":"product","link":"https:\/\/factory.sale\/fi\/tuote\/penetrative-primer-5l-syva-lapitunkeva-pohjamaali\/","title":{"rendered":"PENETRATIVE PRIMER 5L &#8211; SYV\u00c4 L\u00c4PITUNKEVA POHJAMAALI"},"content":{"rendered":"<p>Akryylidispersioon perustuva valmiste kaikkien huokoisten ja imukykyisten substraattien (betoni, sementti-kalkki, kipsi, kipsilevy, kyll\u00e4stetty puu jne.) pohjaamiseksi (kiinnitt\u00e4miseksi) rakennuksen sis\u00e4ll\u00e4 ja ulkopuolella. Korkean l\u00e4p\u00e4isevyytens\u00e4 vuoksi se tunkeutuu syv\u00e4lle ja vahvistaa tehokkaasti vanhaa kipsi\u00e4 ja lattiaa. Lis\u00e4\u00e4 liiman tarttuvuutta. Yksin k\u00e4ytettyn\u00e4 se on suojaava ja s\u00e4ilytt\u00e4v\u00e4 pinnoite. V\u00e4hent\u00e4\u00e4 maalien ja liimojen kulutusta.<\/p>\n<p><strong>Ominaisuudet<\/strong><\/p>\n<ul>\n<li>Yksin k\u00e4ytettyn\u00e4 se on suojaava ja s\u00e4ilytt\u00e4v\u00e4 pinnoite<\/li>\n<li>T\u00e4ydellinen uusille, imukykyisille alustoille<\/li>\n<li>Kalvolla on eritt\u00e4in hyv\u00e4t lujuusparametrit (vastustuskyky m\u00e4rk\u00e4puhdistukselle ja alkalille)<\/li>\n<li>Lis\u00e4\u00e4 maalien, laastarien, liimojen ja viimeistelyaineiden tarttuvuutta<\/li>\n<li>V\u00e4hent\u00e4\u00e4 maalien ja liimojen kulutusta<\/li>\n<li>Tasoittaa ja v\u00e4hent\u00e4\u00e4 alustojen imukyky\u00e4 varmistaen paremman maalin suorituskyvyn<\/li>\n<li>Lis\u00e4\u00e4 tarttuvuutta ja varmistaa pintatuotteiden optimaaliset kuivausolosuhteet (est\u00e4\u00e4 veden liiallisen valumisen pinnoista, laastit, tasoitukset)<\/li>\n<li>Substraatin k\u00e4ytt\u00f6 pohjamaalien tekemiseen ennen taustakuvien asentamista helpottaa kuoriutumista huoneita uusittaessa<\/li>\n<li>V\u00e4hent\u00e4\u00e4 tasoitteiden p\u00f6ly\u00e4 ja helpottaa puhdistusta<\/li>\n<li>Pohjustettu pinta on vesih\u00f6yryn l\u00e4p\u00e4isev\u00e4<\/li>\n<\/ul>\n<p><strong>K\u00e4ytt\u00f6<\/strong><\/p>\n<ul>\n<li>Pintak\u00e4sittely maalaukseen, tapetointiin, lasien liimaukseen, rappaukseen<\/li>\n<li>Pohjamaalataan julkisivu ennen koriste-raappausta tai maalia<\/li>\n<li>Lattioiden pohjamaalaus ennen terrakotta- ja itsetasoittavaa tasoitetta<\/li>\n<li>Vanhojen laastarien ja lattioiden vahvistaminen (poistaa p\u00f6lyn)<\/li>\n<\/ul>\n","protected":false},"excerpt":{"rendered":"<p>Akryylidispersioon perustuva valmiste kaikkien huokoisten ja imukykyisten substraattien (betoni, sementti-kalkki, kipsi, kipsilevy, kyll\u00e4stetty puu jne.) pohjaamiseksi (kiinnitt\u00e4miseksi) rakennuksen sis\u00e4ll\u00e4 ja ulkopuolella. Korkean l\u00e4p\u00e4isevyytens\u00e4 vuoksi se tunkeutuu syv\u00e4lle ja vahvistaa tehokkaasti vanhaa kipsi\u00e4 ja lattiaa. Lis\u00e4\u00e4 liiman tarttuvuutta. Yksin k\u00e4ytettyn\u00e4 se on suojaava ja s\u00e4ilytt\u00e4v\u00e4 pinnoite. V\u00e4hent\u00e4\u00e4 maalien ja liimojen kulutusta.<\/p>\n","protected":false},"featured_media":3997,"comment_status":"open","ping_status":"closed","template":"","meta":{"_acf_changed":false},"factory":[],"free-shipment":[],"product_brand":[],"product_cat":[425,430],"product_tag":[523],"class_list":{"0":"post-3995","1":"product","2":"type-product","3":"status-publish","4":"has-post-thumbnail","6":"product_cat-construction-chemistry-fi","7":"product_cat-pohjamaalit-ja-maalit","8":"product_tag-primer-fi","10":"first","11":"instock","12":"sale","13":"taxable","14":"shipping-taxable","15":"purchasable","16":"product-type-simple"},"acf":[],"_links":{"self":[{"href":"https:\/\/factory.sale\/fi\/wp-json\/wp\/v2\/product\/3995","targetHints":{"allow":["GET"]}}],"collection":[{"href":"https:\/\/factory.sale\/fi\/wp-json\/wp\/v2\/product"}],"about":[{"href":"https:\/\/factory.sale\/fi\/wp-json\/wp\/v2\/types\/product"}],"replies":[{"embeddable":true,"href":"https:\/\/factory.sale\/fi\/wp-json\/wp\/v2\/comments?post=3995"}],"wp:featuredmedia":[{"embeddable":true,"href":"https:\/\/factory.sale\/fi\/wp-json\/wp\/v2\/media\/3997"}],"wp:attachment":[{"href":"https:\/\/factory.sale\/fi\/wp-json\/wp\/v2\/media?parent=3995"}],"wp:term":[{"taxonomy":"factory","embeddable":true,"href":"https:\/\/factory.sale\/fi\/wp-json\/wp\/v2\/factory?post=3995"},{"taxonomy":"free-shipment","embeddable":true,"href":"https:\/\/factory.sale\/fi\/wp-json\/wp\/v2\/free-shipment?post=3995"},{"taxonomy":"product_brand","embeddable":true,"href":"https:\/\/factory.sale\/fi\/wp-json\/wp\/v2\/product_brand?post=3995"},{"taxonomy":"product_cat","embeddable":true,"href":"https:\/\/factory.sale\/fi\/wp-json\/wp\/v2\/product_cat?post=3995"},{"taxonomy":"product_tag","embeddable":true,"href":"https:\/\/factory.sale\/fi\/wp-json\/wp\/v2\/product_tag?post=3995"}],"curies":[{"name":"wp","href":"https:\/\/api.w.org\/{rel}","templated":true}]}}