{"id":3992,"date":"2019-11-09T12:45:39","date_gmt":"2019-11-09T12:45:39","guid":{"rendered":"https:\/\/factory.sale\/product\/primer-1l-ready-ground\/"},"modified":"2024-06-27T21:20:14","modified_gmt":"2024-06-27T21:20:14","slug":"primer-1l-valmis-pohjamaali","status":"publish","type":"product","link":"https:\/\/factory.sale\/fi\/tuote\/primer-1l-valmis-pohjamaali\/","title":{"rendered":"PRIMER 1L &#8211; VALMIS POHJAMAALI"},"content":{"rendered":"<p>Erityinen valmistelu kaikkien huokoisten ja imukykyisten alusten pohjalle: betoni, sementti-kalkki, kipsi, kipsilevy, kyll\u00e4stetyt puupohjaiset materiaalit jne. rakennuksen sis\u00e4ll\u00e4 ja ulkopuolella. Se tunkeutuu syv\u00e4\u00e4n ja vahvistaa tehokkaasti vanhoja laastaria ja lattioita. Yksin k\u00e4ytettyn\u00e4 se on suoja- ja suojapeite<\/p>\n<p><strong>Ominasuudet<\/strong><\/p>\n<p>Erityinen valmistelu kaikkien huokoisten ja imukykyisten alusten pohjalle: betoni, sementti-kalkki, kipsi, kipsilevy, kyll\u00e4stetyt puupohjaiset materiaalit jne. rakennuksen sis\u00e4ll\u00e4 ja ulkopuolella. Se tunkeutuu syv\u00e4\u00e4n ja vahvistaa tehokkaasti vanhoja laastaria ja lattioita.<\/p>\n<ul>\n<li>Yksin k\u00e4ytettyn\u00e4 se on suojaava ja s\u00e4ilytt\u00e4v\u00e4 pinnoite<\/li>\n<li>T\u00e4ydellinen uusille, imukykyisille alustoille<\/li>\n<li>Kalvolla on eritt\u00e4in hyv\u00e4t lujuusparametrit (vastustuskyky m\u00e4rk\u00e4puhdistukselle ja alkalille)<\/li>\n<li>Lis\u00e4\u00e4 maalien, laastarien, liimojen ja viimeistelyaineiden tarttuvuutta<\/li>\n<li>V\u00e4hent\u00e4\u00e4 maalien ja liimojen kulutusta<\/li>\n<li>Tasoittaa ja v\u00e4hent\u00e4\u00e4 alustojen imukyky\u00e4 varmistaen paremman maalin suorituskyvyn<\/li>\n<li>Lis\u00e4\u00e4 tarttuvuutta ja varmistaa pintatuotteiden optimaaliset kuivausolosuhteet (est\u00e4\u00e4 veden liiallisen valumisen pinnoista, laastit, tasoitukset)<\/li>\n<li>Substraatin k\u00e4ytt\u00f6 pohjamaalien tekemiseen ennen taustakuvien asentamista helpottaa kuoriutumista huoneita uusittaessa<\/li>\n<li>V\u00e4hent\u00e4\u00e4 tasoitteiden p\u00f6ly\u00e4 ja helpottaa puhdistusta<\/li>\n<li>Pohjustettu pinta on vesih\u00f6yryn l\u00e4p\u00e4isev\u00e4.<\/li>\n<\/ul>\n<p><strong>K\u00e4ytt\u00f6<\/strong><\/p>\n<ul>\n<li>Pintak\u00e4sittely maalaus, tapetointi, lasien liimaus, rappaus<\/li>\n<li>Julkisivun pohjustus ennen koristeraappausta tai maalia<\/li>\n<li>Lattiapohjat pohjustetaan ennen terrakotta- ja itsetasoittavaa tasoitetta<\/li>\n<li>Vanhojen laastarien ja lattioiden vahvistus (poistaa p\u00f6lyn)<\/li>\n<\/ul>\n","protected":false},"excerpt":{"rendered":"<p>Erityinen valmistelu kaikkien huokoisten ja imukykyisten alusten pohjalle: betoni, sementti-kalkki, kipsi, kipsilevy, kyll\u00e4stetyt puupohjaiset materiaalit jne. rakennuksen sis\u00e4ll\u00e4 ja ulkopuolella. Se tunkeutuu syv\u00e4\u00e4n ja vahvistaa tehokkaasti vanhoja laastaria ja lattioita. Yksin k\u00e4ytettyn\u00e4 se on suoja- ja suojapeite.<\/p>\n","protected":false},"featured_media":3994,"comment_status":"open","ping_status":"closed","template":"","meta":{"_acf_changed":false},"factory":[],"free-shipment":[],"product_brand":[],"product_cat":[425,430,430,425],"product_tag":[523,523],"class_list":{"0":"post-3992","1":"product","2":"type-product","3":"status-publish","4":"has-post-thumbnail","6":"product_cat-construction-chemistry-fi","7":"product_cat-pohjamaalit-ja-maalit","10":"product_tag-primer-fi","13":"first","14":"instock","15":"sale","16":"taxable","17":"shipping-taxable","18":"purchasable","19":"product-type-simple"},"acf":[],"_links":{"self":[{"href":"https:\/\/factory.sale\/fi\/wp-json\/wp\/v2\/product\/3992","targetHints":{"allow":["GET"]}}],"collection":[{"href":"https:\/\/factory.sale\/fi\/wp-json\/wp\/v2\/product"}],"about":[{"href":"https:\/\/factory.sale\/fi\/wp-json\/wp\/v2\/types\/product"}],"replies":[{"embeddable":true,"href":"https:\/\/factory.sale\/fi\/wp-json\/wp\/v2\/comments?post=3992"}],"wp:featuredmedia":[{"embeddable":true,"href":"https:\/\/factory.sale\/fi\/wp-json\/wp\/v2\/media\/3994"}],"wp:attachment":[{"href":"https:\/\/factory.sale\/fi\/wp-json\/wp\/v2\/media?parent=3992"}],"wp:term":[{"taxonomy":"factory","embeddable":true,"href":"https:\/\/factory.sale\/fi\/wp-json\/wp\/v2\/factory?post=3992"},{"taxonomy":"free-shipment","embeddable":true,"href":"https:\/\/factory.sale\/fi\/wp-json\/wp\/v2\/free-shipment?post=3992"},{"taxonomy":"product_brand","embeddable":true,"href":"https:\/\/factory.sale\/fi\/wp-json\/wp\/v2\/product_brand?post=3992"},{"taxonomy":"product_cat","embeddable":true,"href":"https:\/\/factory.sale\/fi\/wp-json\/wp\/v2\/product_cat?post=3992"},{"taxonomy":"product_tag","embeddable":true,"href":"https:\/\/factory.sale\/fi\/wp-json\/wp\/v2\/product_tag?post=3992"}],"curies":[{"name":"wp","href":"https:\/\/api.w.org\/{rel}","templated":true}]}}