{"id":3989,"date":"2019-11-09T12:47:11","date_gmt":"2019-11-09T12:47:11","guid":{"rendered":"https:\/\/factory.sale\/product\/primer-wm-5l-ready-ground\/"},"modified":"2024-07-01T05:16:20","modified_gmt":"2024-07-01T05:16:20","slug":"primer-wm-5l-valmis-pohjamaali","status":"publish","type":"product","link":"https:\/\/factory.sale\/fi\/tuote\/primer-wm-5l-valmis-pohjamaali\/","title":{"rendered":"PRIMER WM 5L \u2013 VALMIS POHJAMAALI"},"content":{"rendered":"<p>Akryyli-, styreeniakryylidispersiooniin perustuva valmiste kaikkien huokoisten ja imukykyisten substraattien pohjaamiseksi: betoni, sementti-kalkki, kipsi, kipsilevy, kyll\u00e4stetty puu jne. Rakennuksen sis\u00e4ll\u00e4 ja ulkopuolella. Suuren l\u00e4p\u00e4isykyvyn vuoksi se tunkeutuu syv\u00e4lle ja vahvistaa tehokkaasti vanhaa kipsi\u00e4. Lis\u00e4\u00e4 maalien ja liimojen tarttuvuutta.<\/p>\n<p><strong>Ominaisuudet<\/strong><\/p>\n<p>Erityinen valmistelu kaikkien huokoisten ja imukykyisten alusten pohjalle: betoni, sementti-kalkki, kipsi, kipsilevy, kyll\u00e4stetyt puupohjaiset materiaalit jne. Soveltuu sek\u00e4 sis\u00e4- ett\u00e4 ulkok\u00e4ytt\u00f6\u00f6n. Se tunkeutuu syv\u00e4\u00e4n ja vahvistaa tehokkaasti vanhaa kipsi\u00e4 ja lattioita.<\/p>\n<p>Yksin k\u00e4ytettyn\u00e4 se on suoja- ja suojapeite.<br \/>\nT\u00e4ydellinen uusille imukykyisille alustoille.<br \/>\nKalvolla on eritt\u00e4in hyv\u00e4t lujuusparametrit (vastustuskyky m\u00e4rk\u00e4puhdistukselle ja alkalille).<br \/>\nLis\u00e4\u00e4 maalien, laastarien, liimojen ja viimeistelyaineiden tarttuvuutta.<br \/>\nV\u00e4hent\u00e4\u00e4 maalien ja liimojen kulutusta.<br \/>\nTasoittaa ja v\u00e4hent\u00e4\u00e4 alustojen imukyky\u00e4 varmistaen paremman maalin suorituskyvyn.<br \/>\nLis\u00e4\u00e4 tarttuvuutta ja varmistaa pintatuotteiden optimaaliset kuivausolosuhteet (est\u00e4\u00e4 veden liiallisen valumisen pinnoista, laastit, tasoitukset).<br \/>\nSubstraatin k\u00e4ytt\u00f6 pohjamaalien tekemiseen ennen taustakuvien asentamista helpottaa kuoriutumista huoneita uusittaessa.<br \/>\nV\u00e4hent\u00e4\u00e4 tasoitteiden p\u00f6ly\u00e4 ja helpottaa puhdistusta.<br \/>\nPohjustettu pinta on vesih\u00f6yryn l\u00e4p\u00e4isev\u00e4.<\/p>\n<p><strong>K\u00e4ytt\u00f6<\/strong><\/p>\n<ul>\n<li>Pintak\u00e4sittely maalaus, tapetointi, lasien liimaus, rappaus<\/li>\n<li>Julkisivun pohjustus ennen koristeraappausta tai maalia<\/li>\n<li>Lattiapohjat pohjustetaan ennen terrakotta- ja itsetasoittavaa tasoitetta<\/li>\n<li>Vanhojen laastarien ja lattioiden vahvistus (poistaa p\u00f6lyn)<\/li>\n<\/ul>\n","protected":false},"excerpt":{"rendered":"<p>Akryyli-, styreeniakryylidispersiooniin perustuva valmiste kaikkien huokoisten ja imukykyisten substraattien pohjaamiseksi: betoni, sementti-kalkki, kipsi, kipsilevy, kyll\u00e4stetty puu jne. rakennuksen sis\u00e4ll\u00e4 ja ulkopuolella. Suuren l\u00e4p\u00e4isykyvyn vuoksi se tunkeutuu syv\u00e4lle ja vahvistaa tehokkaasti vanhaa kipsi\u00e4. Lis\u00e4\u00e4 maalien ja liimojen tarttuvuutta.<\/p>\n","protected":false},"featured_media":3991,"comment_status":"open","ping_status":"closed","template":"","meta":{"_acf_changed":false},"factory":[],"free-shipment":[],"product_brand":[],"product_cat":[425,430],"product_tag":[523],"class_list":{"0":"post-3989","1":"product","2":"type-product","3":"status-publish","4":"has-post-thumbnail","6":"product_cat-construction-chemistry-fi","7":"product_cat-pohjamaalit-ja-maalit","8":"product_tag-primer-fi","10":"first","11":"instock","12":"sale","13":"taxable","14":"shipping-taxable","15":"purchasable","16":"product-type-simple"},"acf":[],"_links":{"self":[{"href":"https:\/\/factory.sale\/fi\/wp-json\/wp\/v2\/product\/3989","targetHints":{"allow":["GET"]}}],"collection":[{"href":"https:\/\/factory.sale\/fi\/wp-json\/wp\/v2\/product"}],"about":[{"href":"https:\/\/factory.sale\/fi\/wp-json\/wp\/v2\/types\/product"}],"replies":[{"embeddable":true,"href":"https:\/\/factory.sale\/fi\/wp-json\/wp\/v2\/comments?post=3989"}],"wp:featuredmedia":[{"embeddable":true,"href":"https:\/\/factory.sale\/fi\/wp-json\/wp\/v2\/media\/3991"}],"wp:attachment":[{"href":"https:\/\/factory.sale\/fi\/wp-json\/wp\/v2\/media?parent=3989"}],"wp:term":[{"taxonomy":"factory","embeddable":true,"href":"https:\/\/factory.sale\/fi\/wp-json\/wp\/v2\/factory?post=3989"},{"taxonomy":"free-shipment","embeddable":true,"href":"https:\/\/factory.sale\/fi\/wp-json\/wp\/v2\/free-shipment?post=3989"},{"taxonomy":"product_brand","embeddable":true,"href":"https:\/\/factory.sale\/fi\/wp-json\/wp\/v2\/product_brand?post=3989"},{"taxonomy":"product_cat","embeddable":true,"href":"https:\/\/factory.sale\/fi\/wp-json\/wp\/v2\/product_cat?post=3989"},{"taxonomy":"product_tag","embeddable":true,"href":"https:\/\/factory.sale\/fi\/wp-json\/wp\/v2\/product_tag?post=3989"}],"curies":[{"name":"wp","href":"https:\/\/api.w.org\/{rel}","templated":true}]}}