{"id":3986,"date":"2019-11-09T12:52:16","date_gmt":"2019-11-09T12:52:16","guid":{"rendered":"https:\/\/factory.sale\/product\/vapor-barrier-tape-internal-without-butyl-glue\/"},"modified":"2024-07-07T04:01:56","modified_gmt":"2024-07-07T04:01:56","slug":"hoyryesto-nauha-sisainen-ilman-butyyliliimaa","status":"publish","type":"product","link":"https:\/\/factory.sale\/fi\/tuote\/hoyryesto-nauha-sisainen-ilman-butyyliliimaa\/","title":{"rendered":"H\u00d6YRYESTO NAUHA (SIS\u00c4INEN), ILMAN BUTYYLILIIMAA"},"content":{"rendered":"<p>Sis\u00e4inen ikkunateippi VB (h\u00f6yryesto) \/ h\u00f6yryesto (sis\u00e4inen) ilman butyyliliimaa<\/p>\n<p>Tyyppi &#8211; h\u00f6yryesto<\/p>\n<p>V\u00e4ri \u2013 Hopea \/ Valkoinen<\/p>\n<p>Nauhan tekniset tiedot liitteen\u00e4 olevan teknisen kortin mukaan.<\/p>\n<p><strong>Mitat<\/strong><\/p>\n<p>Leveys: 75, 100 mm; (\u00b1 2mm)<\/p>\n<p>Pituus: 25m (\u00b1 0.1 m)<\/p>\n<p><em>Muut mitat asiakkaan toiveiden mukaisesti.<\/em><\/p>\n","protected":false},"excerpt":{"rendered":"<p>Sis\u00e4inen ikkunateippi VB (h\u00f6yryesto) \/ h\u00f6yryesto (sis\u00e4inen) ilman butyyliliimaa.<\/p>\n<p>&nbsp;<\/p>\n","protected":false},"featured_media":3988,"comment_status":"open","ping_status":"closed","template":"","meta":{"_acf_changed":false},"factory":[],"free-shipment":[],"product_brand":[],"product_cat":[439,425],"product_tag":[606],"class_list":{"0":"post-3986","1":"product","2":"type-product","3":"status-publish","4":"has-post-thumbnail","6":"product_cat-ikkunateipit","7":"product_cat-construction-chemistry-fi","8":"product_tag-tapes-fi","10":"first","11":"instock","12":"sale","13":"taxable","14":"shipping-taxable","15":"purchasable","16":"product-type-simple"},"acf":[],"_links":{"self":[{"href":"https:\/\/factory.sale\/fi\/wp-json\/wp\/v2\/product\/3986","targetHints":{"allow":["GET"]}}],"collection":[{"href":"https:\/\/factory.sale\/fi\/wp-json\/wp\/v2\/product"}],"about":[{"href":"https:\/\/factory.sale\/fi\/wp-json\/wp\/v2\/types\/product"}],"replies":[{"embeddable":true,"href":"https:\/\/factory.sale\/fi\/wp-json\/wp\/v2\/comments?post=3986"}],"wp:featuredmedia":[{"embeddable":true,"href":"https:\/\/factory.sale\/fi\/wp-json\/wp\/v2\/media\/3988"}],"wp:attachment":[{"href":"https:\/\/factory.sale\/fi\/wp-json\/wp\/v2\/media?parent=3986"}],"wp:term":[{"taxonomy":"factory","embeddable":true,"href":"https:\/\/factory.sale\/fi\/wp-json\/wp\/v2\/factory?post=3986"},{"taxonomy":"free-shipment","embeddable":true,"href":"https:\/\/factory.sale\/fi\/wp-json\/wp\/v2\/free-shipment?post=3986"},{"taxonomy":"product_brand","embeddable":true,"href":"https:\/\/factory.sale\/fi\/wp-json\/wp\/v2\/product_brand?post=3986"},{"taxonomy":"product_cat","embeddable":true,"href":"https:\/\/factory.sale\/fi\/wp-json\/wp\/v2\/product_cat?post=3986"},{"taxonomy":"product_tag","embeddable":true,"href":"https:\/\/factory.sale\/fi\/wp-json\/wp\/v2\/product_tag?post=3986"}],"curies":[{"name":"wp","href":"https:\/\/api.w.org\/{rel}","templated":true}]}}