{"id":3980,"date":"2019-11-09T12:57:41","date_gmt":"2019-11-09T12:57:41","guid":{"rendered":"https:\/\/factory.sale\/product\/vapor-permeable-outer-tape-with-butyl-adhesive\/"},"modified":"2024-07-11T21:04:09","modified_gmt":"2024-07-11T18:04:09","slug":"hoyrya-lapaiseva-ulkoinen-nauha-butyyliliimalla","status":"publish","type":"product","link":"https:\/\/factory.sale\/fi\/tuote\/hoyrya-lapaiseva-ulkoinen-nauha-butyyliliimalla\/","title":{"rendered":"H\u00d6YRY\u00c4 L\u00c4P\u00c4ISEV\u00c4 (ULKOINEN) NAUHA BUTYYLILIIMALLA"},"content":{"rendered":"<p>Ulkoinen ikkunateippi VP (h\u00f6yry\u00e4 l\u00e4p\u00e4isev\u00e4) \/ h\u00f6yry\u00e4 l\u00e4p\u00e4isev\u00e4 teippi (ulkoinen) butyyliliimalla.<\/p>\n<p>Tyyppi: h\u00f6yry\u00e4 l\u00e4p\u00e4isev\u00e4 folio<\/p>\n<p>V\u00e4ri : musta (harmaa) \/ valkoinen<\/p>\n<p>Nauhan tekniset tiedot liitteen\u00e4 olevan teknisen kortin mukaan.<\/p>\n<p><strong>Mitat<\/strong><\/p>\n<p>Leveys: 75, 100 mm; (\u00b1 2mm)<\/p>\n<p>Pituus: 25m (\u00b1 0.1 m)<\/p>\n<p><em>Muut mitat asiakkaan toiveiden mukaisesti.<\/em><\/p>\n","protected":false},"excerpt":{"rendered":"<p>Ulkoinen ikkunateippi VP (h\u00f6yry\u00e4 l\u00e4p\u00e4isev\u00e4) \/ h\u00f6yry\u00e4 l\u00e4p\u00e4isev\u00e4 teippi (ulkoinen) butyyliliimalla.<\/p>\n","protected":false},"featured_media":3982,"comment_status":"open","ping_status":"closed","template":"","meta":{"_acf_changed":false},"factory":[],"free-shipment":[],"product_brand":[],"product_cat":[425,439],"product_tag":[],"class_list":{"0":"post-3980","1":"product","2":"type-product","3":"status-publish","4":"has-post-thumbnail","6":"product_cat-construction-chemistry-fi","7":"product_cat-ikkunateipit","9":"first","10":"instock","11":"sale","12":"taxable","13":"shipping-taxable","14":"purchasable","15":"product-type-simple"},"acf":[],"_links":{"self":[{"href":"https:\/\/factory.sale\/fi\/wp-json\/wp\/v2\/product\/3980","targetHints":{"allow":["GET"]}}],"collection":[{"href":"https:\/\/factory.sale\/fi\/wp-json\/wp\/v2\/product"}],"about":[{"href":"https:\/\/factory.sale\/fi\/wp-json\/wp\/v2\/types\/product"}],"replies":[{"embeddable":true,"href":"https:\/\/factory.sale\/fi\/wp-json\/wp\/v2\/comments?post=3980"}],"wp:featuredmedia":[{"embeddable":true,"href":"https:\/\/factory.sale\/fi\/wp-json\/wp\/v2\/media\/3982"}],"wp:attachment":[{"href":"https:\/\/factory.sale\/fi\/wp-json\/wp\/v2\/media?parent=3980"}],"wp:term":[{"taxonomy":"factory","embeddable":true,"href":"https:\/\/factory.sale\/fi\/wp-json\/wp\/v2\/factory?post=3980"},{"taxonomy":"free-shipment","embeddable":true,"href":"https:\/\/factory.sale\/fi\/wp-json\/wp\/v2\/free-shipment?post=3980"},{"taxonomy":"product_brand","embeddable":true,"href":"https:\/\/factory.sale\/fi\/wp-json\/wp\/v2\/product_brand?post=3980"},{"taxonomy":"product_cat","embeddable":true,"href":"https:\/\/factory.sale\/fi\/wp-json\/wp\/v2\/product_cat?post=3980"},{"taxonomy":"product_tag","embeddable":true,"href":"https:\/\/factory.sale\/fi\/wp-json\/wp\/v2\/product_tag?post=3980"}],"curies":[{"name":"wp","href":"https:\/\/api.w.org\/{rel}","templated":true}]}}