{"id":3977,"date":"2019-11-09T13:01:23","date_gmt":"2019-11-09T13:01:23","guid":{"rendered":"https:\/\/factory.sale\/product\/chemical-anchor-300ml-two-component-anchoring-resin-2\/"},"modified":"2024-06-26T07:54:15","modified_gmt":"2024-06-26T07:54:15","slug":"kemiallinen-ankkuri-300ml-kaksikomponenttinen-ankkurointimassa","status":"publish","type":"product","link":"https:\/\/factory.sale\/fi\/tuote\/kemiallinen-ankkuri-300ml-kaksikomponenttinen-ankkurointimassa\/","title":{"rendered":"KEMIALLINEN ANKKURI 300ML- KAKSIKOMPONENTTINEN ANKKUROINTIMASSA"},"content":{"rendered":"<p>Kaksikomponenttinen polyesterimassa (ilman styreeni\u00e4) elementtien kiinnitt\u00e4miseen. Alustan korkean tarttuvuuden ja valtavan kovuuden vuoksi kemiallinen ankkuri luo liimamaisen yhteyden korkeimmalla lujuusparametrilla. Kemiallinen ankkurointi on vahvin kiinnitystapa sek\u00e4 kiinte\u00e4\u00e4n ett\u00e4 tyhj\u00e4\u00e4\u00e4n tilaan.<\/p>\n<p><strong>Toiminto<\/strong><\/p>\n<p>\u25cf Paras massa tyhjiin tiloihin.<br \/>\n\u25cf Sit\u00e4 voidaan k\u00e4ytt\u00e4\u00e4 kiinnitt\u00e4m\u00e4\u00e4n sek\u00e4 t\u00e4ysi\u00e4 ett\u00e4 tyhji\u00e4 erilaisia \u200b\u200balustoja.<br \/>\n\u25cf Elementit voidaan kiinnitt\u00e4\u00e4 eri syvyyksiin suuremman kuormitettavuuden saavuttamiseksi.<br \/>\n\u25cf Voit lis\u00e4t\u00e4 erityyppisi\u00e4 elementtej\u00e4, kierrettyj\u00e4 tankoja, urapuikkoja, ruuveja, koukkuja ja paljon muuta.<br \/>\n\u25cf Palamaton tuote<br \/>\n\u25cf J\u00e4ljet, melkein hajuton, korkea kemiallinen kest\u00e4vyys<\/p>\n","protected":false},"excerpt":{"rendered":"<p>Kaksikomponenttinen polyesterimassa (ilman styreeni\u00e4) elementtien kiinnitt\u00e4miseen. Alustan korkean tarttuvuuden ja valtavan kovuuden vuoksi kemiallinen ankkuri luo liimamaisen yhteyden korkeimmalla lujuusparametrilla. Kemiallinen ankkurointi on vahvin kiinnitystapa sek\u00e4 kiinte\u00e4\u00e4n ett\u00e4 tyhj\u00e4\u00e4n tilaan.<\/p>\n","protected":false},"featured_media":3979,"comment_status":"open","ping_status":"closed","template":"","meta":{"_acf_changed":false},"factory":[],"free-shipment":[],"product_brand":[],"product_cat":[427,425],"product_tag":[500],"class_list":{"0":"post-3977","1":"product","2":"type-product","3":"status-publish","4":"has-post-thumbnail","6":"product_cat-ankkuri","7":"product_cat-construction-chemistry-fi","8":"product_tag-anchor-fi","10":"first","11":"instock","12":"sale","13":"taxable","14":"shipping-taxable","15":"purchasable","16":"product-type-simple"},"acf":[],"_links":{"self":[{"href":"https:\/\/factory.sale\/fi\/wp-json\/wp\/v2\/product\/3977","targetHints":{"allow":["GET"]}}],"collection":[{"href":"https:\/\/factory.sale\/fi\/wp-json\/wp\/v2\/product"}],"about":[{"href":"https:\/\/factory.sale\/fi\/wp-json\/wp\/v2\/types\/product"}],"replies":[{"embeddable":true,"href":"https:\/\/factory.sale\/fi\/wp-json\/wp\/v2\/comments?post=3977"}],"wp:featuredmedia":[{"embeddable":true,"href":"https:\/\/factory.sale\/fi\/wp-json\/wp\/v2\/media\/3979"}],"wp:attachment":[{"href":"https:\/\/factory.sale\/fi\/wp-json\/wp\/v2\/media?parent=3977"}],"wp:term":[{"taxonomy":"factory","embeddable":true,"href":"https:\/\/factory.sale\/fi\/wp-json\/wp\/v2\/factory?post=3977"},{"taxonomy":"free-shipment","embeddable":true,"href":"https:\/\/factory.sale\/fi\/wp-json\/wp\/v2\/free-shipment?post=3977"},{"taxonomy":"product_brand","embeddable":true,"href":"https:\/\/factory.sale\/fi\/wp-json\/wp\/v2\/product_brand?post=3977"},{"taxonomy":"product_cat","embeddable":true,"href":"https:\/\/factory.sale\/fi\/wp-json\/wp\/v2\/product_cat?post=3977"},{"taxonomy":"product_tag","embeddable":true,"href":"https:\/\/factory.sale\/fi\/wp-json\/wp\/v2\/product_tag?post=3977"}],"curies":[{"name":"wp","href":"https:\/\/api.w.org\/{rel}","templated":true}]}}