{"id":3974,"date":"2019-11-09T13:03:37","date_gmt":"2019-11-09T13:03:37","guid":{"rendered":"https:\/\/factory.sale\/product\/l-plast-plasticizing-additive-for-mortars-20g-up-to-2oc\/"},"modified":"2024-07-02T04:29:00","modified_gmt":"2024-07-02T04:29:00","slug":"l-plast-plastisoiva-seos-laasteille-20g-2oc-asti","status":"publish","type":"product","link":"https:\/\/factory.sale\/fi\/tuote\/l-plast-plastisoiva-seos-laasteille-20g-2oc-asti\/","title":{"rendered":"L-PLAST PLASTISOIVA SEOS LAASTEILLE 20G (-2\u00baC ASTI)"},"content":{"rendered":"<p>Ilmastus ja pehmitt\u00e4v\u00e4 lis\u00e4aine: sekoitusveden tilavuuden v\u00e4hennys yli 8 %; ty\u00f6stett\u00e4vyyden ja tarttuvuuden huomattava parannus &#8211; ei mitattavissa oleva ominaisuus; tuoreen seoksen ilmastuksen lis\u00e4\u00e4minen 10 %; ei muuta asetusaikaa<\/p>\n<p>Ilmastus- ja plastisoiva seos<\/p>\n<table border=\"1\">\n<tbody>\n<tr>\n<td>Fysikaalinen muoto<\/td>\n<td>kiinte\u00e4 \/ jauhe<\/td>\n<\/tr>\n<tr>\n<td>V\u00e4ri<\/td>\n<td>vaaleankeltaisesta ruskeaan<\/td>\n<\/tr>\n<tr>\n<td>Kuivapaino<\/td>\n<td>81-89%<\/td>\n<\/tr>\n<tr>\n<td>ph<\/td>\n<td>10-12<\/td>\n<\/tr>\n<tr>\n<td>Vesiliukoisuus<\/td>\n<td>whole<\/td>\n<\/tr>\n<tr>\n<td>Suositeltu annos<\/td>\n<td>20 g 50 kg sementtipainoa<\/td>\n<\/tr>\n<tr>\n<td>Kestoaika<\/td>\n<td>1 vuosi<\/td>\n<\/tr>\n<tr>\n<td>Varastointi alkuper\u00e4ispakkauksessa<\/td>\n<td>suljetuissa pusseissa l\u00e4mp\u00f6tilassa 0 &#8230; 25 \u00b0 C<\/td>\n<\/tr>\n<tr>\n<td>Klooripitoisuus<\/td>\n<td>1.0%<\/td>\n<\/tr>\n<tr>\n<td>Alkalipitoisuus<\/td>\n<td>40%<\/td>\n<\/tr>\n<\/tbody>\n<\/table>\n<p>&nbsp;<\/p>\n<p>Sis\u00e4lt\u00e4\u00e4 vain standardin PN-EN 934-1: 2008 liitteen A.1 komponenttej\u00e4.<\/p>\n<p>P\u00e4\u00e4vaikutukset laastiin * verrattuna standardiin sekoittamatta<\/p>\n<p>Sekoitusveden m\u00e4\u00e4r\u00e4n v\u00e4hent\u00e4minen yli 8%<br \/>\nMerkitt\u00e4v\u00e4 suorituskyky ja pitoparannus &#8211; toiminto ei ole mitattavissa<br \/>\nTuoreen seoksen ilmastus lis\u00e4\u00e4ntyi 10%<br \/>\nEi muuta asetusaikaa<\/p>\n","protected":false},"excerpt":{"rendered":"<p>Ilmastus ja pehmitt\u00e4v\u00e4 lis\u00e4aine: sekoitusveden tilavuuden v\u00e4hennys yli 8 %; ty\u00f6stett\u00e4vyyden ja tarttuvuuden huomattava parannus &#8211; ei mitattavissa oleva ominaisuus; tuoreen seoksen ilmastuksen lis\u00e4\u00e4minen 10 %; ei muuta asetusaikaa<\/p>\n","protected":false},"featured_media":3976,"comment_status":"open","ping_status":"closed","template":"","meta":{"_acf_changed":false},"factory":[],"free-shipment":[],"product_brand":[],"product_cat":[426,425],"product_tag":[499],"class_list":{"0":"post-3974","1":"product","2":"type-product","3":"status-publish","4":"has-post-thumbnail","6":"product_cat-lisaaineet","7":"product_cat-construction-chemistry-fi","8":"product_tag-additives-fi","10":"first","11":"instock","12":"sale","13":"taxable","14":"shipping-taxable","15":"purchasable","16":"product-type-simple"},"acf":[],"_links":{"self":[{"href":"https:\/\/factory.sale\/fi\/wp-json\/wp\/v2\/product\/3974","targetHints":{"allow":["GET"]}}],"collection":[{"href":"https:\/\/factory.sale\/fi\/wp-json\/wp\/v2\/product"}],"about":[{"href":"https:\/\/factory.sale\/fi\/wp-json\/wp\/v2\/types\/product"}],"replies":[{"embeddable":true,"href":"https:\/\/factory.sale\/fi\/wp-json\/wp\/v2\/comments?post=3974"}],"wp:featuredmedia":[{"embeddable":true,"href":"https:\/\/factory.sale\/fi\/wp-json\/wp\/v2\/media\/3976"}],"wp:attachment":[{"href":"https:\/\/factory.sale\/fi\/wp-json\/wp\/v2\/media?parent=3974"}],"wp:term":[{"taxonomy":"factory","embeddable":true,"href":"https:\/\/factory.sale\/fi\/wp-json\/wp\/v2\/factory?post=3974"},{"taxonomy":"free-shipment","embeddable":true,"href":"https:\/\/factory.sale\/fi\/wp-json\/wp\/v2\/free-shipment?post=3974"},{"taxonomy":"product_brand","embeddable":true,"href":"https:\/\/factory.sale\/fi\/wp-json\/wp\/v2\/product_brand?post=3974"},{"taxonomy":"product_cat","embeddable":true,"href":"https:\/\/factory.sale\/fi\/wp-json\/wp\/v2\/product_cat?post=3974"},{"taxonomy":"product_tag","embeddable":true,"href":"https:\/\/factory.sale\/fi\/wp-json\/wp\/v2\/product_tag?post=3974"}],"curies":[{"name":"wp","href":"https:\/\/api.w.org\/{rel}","templated":true}]}}