{"id":3971,"date":"2019-11-09T13:06:11","date_gmt":"2019-11-09T13:06:11","guid":{"rendered":"https:\/\/factory.sale\/product\/fibromix-12-polypropylene-fibers-fibromix-12-polypropylene-fibers-for-concrete\/"},"modified":"2024-06-28T03:08:43","modified_gmt":"2024-06-28T03:08:43","slug":"fibromix-12-polypropyleenikuitu-fibromix-12-polypropyleenikuitu-betonin-varten","status":"publish","type":"product","link":"https:\/\/factory.sale\/fi\/tuote\/fibromix-12-polypropyleenikuitu-fibromix-12-polypropyleenikuitu-betonin-varten\/","title":{"rendered":"FIBROMIX 12 POLYPROPYLEENIKUITU \/ FIBROMIX 12 POLYPROPYLEENIKUITU BETONIN VARTEN"},"content":{"rendered":"<p>Fibromix on korkealaatuinen polypropeenikuitu, jota k\u00e4ytet\u00e4\u00e4n lis\u00e4aineena betoniin ja laastiin vaihtoehtona verkon lujittamiselle rakennusalan betoniseoksissa.<\/p>\n<p><strong>K\u00e4ytt\u00f6tarkoitus<\/strong><\/p>\n<p>Fibromix sekoitettuna tuoreeseen betoniin, miljoonien kuitujen ja rakennusmateriaalien kolmiulotteisen yhdistelm\u00e4n ja seoksen t\u00e4ydellisen homogeenisuuden ansiosta varmistaa betonin optimaalisen kest\u00e4vyyden ja est\u00e4\u00e4 mikrohalkeamien muodostumisen sek\u00e4 betonin pinnalle ett\u00e4 sen sis\u00e4puolelle.<\/p>\n<ul>\n<li>Teollisuus- ja yksityislattiat<\/li>\n<li>Kokoontaidettavat elementit<\/li>\n<li>Jalkak\u00e4yt\u00e4v\u00e4t ja ajotiet<\/li>\n<li>Puristettu ja arkkitehtoninen betoni<\/li>\n<\/ul>\n<p><strong>Ominaisuudet ja edut<\/strong><\/p>\n<ul>\n<li>K\u00e4yt\u00e4nn\u00f6llinen ja taloudellinen<\/li>\n<li>Ei tarvita erikoislaitteita<\/li>\n<li>Ei vaadi k\u00e4ytt\u00e4j\u00e4lt\u00e4 koulutusta<\/li>\n<li>Normaalin verkon asentamiseen ei tarvita lis\u00e4ty\u00f6t\u00e4<\/li>\n<li>Kuitubetoni voidaan pumpata<\/li>\n<li>Helpompi ja nopeampi betonilattioiden asennus<\/li>\n<li>V\u00e4hent\u00e4\u00e4 ty\u00f6voimakustannuksia<\/li>\n<li>V\u00e4hent\u00e4\u00e4 kutistumista ja lis\u00e4\u00e4 sidoksen lujuutta<\/li>\n<li>Est\u00e4\u00e4 mikrokerrosten muodostumisen<\/li>\n<li>Ei korroosiovaaraa eik\u00e4 johda s\u00e4hk\u00f6\u00e4<\/li>\n<li>Parannettu betonin k\u00e4ytt\u00e4ytyminen kosketuksissa tulen kanssa<\/li>\n<li>Kest\u00e4v\u00e4mpi sekoitus<\/li>\n<li>Parantaa lopputuotteen teknisi\u00e4 ominaisuuksia<\/li>\n<\/ul>\n","protected":false},"excerpt":{"rendered":"<p>Fibromix on korkealaatuinen polypropeenikuitu, jota k\u00e4ytet\u00e4\u00e4n lis\u00e4aineena betoniin ja laastiin vaihtoehtona verkon lujittamiselle rakennusalan betoniseoksissa.<\/p>\n","protected":false},"featured_media":3973,"comment_status":"open","ping_status":"closed","template":"","meta":{"_acf_changed":false},"factory":[],"free-shipment":[],"product_brand":[],"product_cat":[425,428],"product_tag":[503],"class_list":{"0":"post-3971","1":"product","2":"type-product","3":"status-publish","4":"has-post-thumbnail","6":"product_cat-construction-chemistry-fi","7":"product_cat-kuidut","8":"product_tag-fibers-fi","10":"first","11":"instock","12":"sale","13":"taxable","14":"shipping-taxable","15":"purchasable","16":"product-type-simple"},"acf":[],"_links":{"self":[{"href":"https:\/\/factory.sale\/fi\/wp-json\/wp\/v2\/product\/3971","targetHints":{"allow":["GET"]}}],"collection":[{"href":"https:\/\/factory.sale\/fi\/wp-json\/wp\/v2\/product"}],"about":[{"href":"https:\/\/factory.sale\/fi\/wp-json\/wp\/v2\/types\/product"}],"replies":[{"embeddable":true,"href":"https:\/\/factory.sale\/fi\/wp-json\/wp\/v2\/comments?post=3971"}],"wp:featuredmedia":[{"embeddable":true,"href":"https:\/\/factory.sale\/fi\/wp-json\/wp\/v2\/media\/3973"}],"wp:attachment":[{"href":"https:\/\/factory.sale\/fi\/wp-json\/wp\/v2\/media?parent=3971"}],"wp:term":[{"taxonomy":"factory","embeddable":true,"href":"https:\/\/factory.sale\/fi\/wp-json\/wp\/v2\/factory?post=3971"},{"taxonomy":"free-shipment","embeddable":true,"href":"https:\/\/factory.sale\/fi\/wp-json\/wp\/v2\/free-shipment?post=3971"},{"taxonomy":"product_brand","embeddable":true,"href":"https:\/\/factory.sale\/fi\/wp-json\/wp\/v2\/product_brand?post=3971"},{"taxonomy":"product_cat","embeddable":true,"href":"https:\/\/factory.sale\/fi\/wp-json\/wp\/v2\/product_cat?post=3971"},{"taxonomy":"product_tag","embeddable":true,"href":"https:\/\/factory.sale\/fi\/wp-json\/wp\/v2\/product_tag?post=3971"}],"curies":[{"name":"wp","href":"https:\/\/api.w.org\/{rel}","templated":true}]}}