{"id":3968,"date":"2019-11-09T13:08:44","date_gmt":"2019-11-09T13:08:44","guid":{"rendered":"https:\/\/factory.sale\/product\/rust-remover-gel-250ml-rust-remover-rust-remover-gel\/"},"modified":"2024-06-26T08:31:53","modified_gmt":"2024-06-26T08:31:53","slug":"ruosteenpoistogeeli-250ml-ruosteen-poistaja-ruosteenpoistogeeli","status":"publish","type":"product","link":"https:\/\/factory.sale\/fi\/tuote\/ruosteenpoistogeeli-250ml-ruosteen-poistaja-ruosteenpoistogeeli\/","title":{"rendered":"RUOSTEENPOISTOGEELI 250ML \u2013 RUOSTEEN POISTAJA, RUOSTEENPOISTOGEELI"},"content":{"rendered":"<p>Vahva seos nopeasti vaikuttavista kemiallisista rakenteista, jotka perustuvat modifioituun ortofosforihappoon, joka liuottaa metallioksidit. Yhdess\u00e4 pintaj\u00e4nnityshiukkasten kanssa se mahdollistaa tunkeutumisen syv\u00e4sti sy\u00f6pyneisiin pintoihin. Sit\u00e4 k\u00e4ytet\u00e4\u00e4n my\u00f6s lian poistamiseen sementtilaastista, ruostetahroista jne. Geelin rakenne mahdollistaa valmisteen k\u00e4yt\u00f6n pystypinnoilla.<\/p>\n<p><strong>K\u00e4ytt\u00f6ohjeet<\/strong><\/p>\n<p>Pinta on puhdistettava irtonaiselta ruosteelta ja lialta. Levit\u00e4 siveltimell\u00e4 tai telalla, odota kunnes ruoste liukenee, pese sitten huolellisesti vedell\u00e4 ja kuivaa. Hieman ruosteisten pintojen kanssa valmiste on j\u00e4tett\u00e4v\u00e4 pinnalle 5-15 minuutiksi. Jos pinnalla on jo kuoppia, ruosteenpoistoaika voi olla useita tunteja. Jos pinta on k\u00e4ytett\u00e4v\u00e4 uudelleen vedell\u00e4 huuhtelun j\u00e4lkeen, se voidaan levitt\u00e4\u00e4 kuivaamata.<\/p>\n<p>Tuote vaikuttaa aggressiivisesti (voimakkaasti sinkittyyn) joihinkin galvaanisiin pintoihin. Puhdistaessasi sellaisia \u200b\u200besineit\u00e4, toimi pikaisesti.<br \/>\nTestit tulee suorittaa pienell\u00e4 alueella ennen jokaista levityst\u00e4.<\/p>\n","protected":false},"excerpt":{"rendered":"<p>Vahva seos nopeasti vaikuttavista kemiallisista rakenteista, jotka perustuvat modifioituun ortofosforihappoon, joka liuottaa metallioksidit. Yhdess\u00e4 pintaj\u00e4nnityshiukkasten kanssa se mahdollistaa tunkeutumisen syv\u00e4sti sy\u00f6pyneisiin pintoihin. Sit\u00e4 k\u00e4ytet\u00e4\u00e4n my\u00f6s lian poistamiseen sementtilaastista, ruostetahroista jne. Geelin rakenne mahdollistaa valmisteen k\u00e4yt\u00f6n pystypinnoilla.<\/p>\n","protected":false},"featured_media":3970,"comment_status":"open","ping_status":"closed","template":"","meta":{"_acf_changed":false},"factory":[],"free-shipment":[],"product_brand":[],"product_cat":[425,436],"product_tag":[528],"class_list":{"0":"post-3968","1":"product","2":"type-product","3":"status-publish","4":"has-post-thumbnail","6":"product_cat-construction-chemistry-fi","7":"product_cat-ruosteenpoisto","8":"product_tag-rust-removers-fi","10":"first","11":"instock","12":"sale","13":"taxable","14":"shipping-taxable","15":"purchasable","16":"product-type-simple"},"acf":[],"_links":{"self":[{"href":"https:\/\/factory.sale\/fi\/wp-json\/wp\/v2\/product\/3968","targetHints":{"allow":["GET"]}}],"collection":[{"href":"https:\/\/factory.sale\/fi\/wp-json\/wp\/v2\/product"}],"about":[{"href":"https:\/\/factory.sale\/fi\/wp-json\/wp\/v2\/types\/product"}],"replies":[{"embeddable":true,"href":"https:\/\/factory.sale\/fi\/wp-json\/wp\/v2\/comments?post=3968"}],"wp:featuredmedia":[{"embeddable":true,"href":"https:\/\/factory.sale\/fi\/wp-json\/wp\/v2\/media\/3970"}],"wp:attachment":[{"href":"https:\/\/factory.sale\/fi\/wp-json\/wp\/v2\/media?parent=3968"}],"wp:term":[{"taxonomy":"factory","embeddable":true,"href":"https:\/\/factory.sale\/fi\/wp-json\/wp\/v2\/factory?post=3968"},{"taxonomy":"free-shipment","embeddable":true,"href":"https:\/\/factory.sale\/fi\/wp-json\/wp\/v2\/free-shipment?post=3968"},{"taxonomy":"product_brand","embeddable":true,"href":"https:\/\/factory.sale\/fi\/wp-json\/wp\/v2\/product_brand?post=3968"},{"taxonomy":"product_cat","embeddable":true,"href":"https:\/\/factory.sale\/fi\/wp-json\/wp\/v2\/product_cat?post=3968"},{"taxonomy":"product_tag","embeddable":true,"href":"https:\/\/factory.sale\/fi\/wp-json\/wp\/v2\/product_tag?post=3968"}],"curies":[{"name":"wp","href":"https:\/\/api.w.org\/{rel}","templated":true}]}}