{"id":3966,"date":"2019-11-09T13:15:07","date_gmt":"2019-11-09T13:15:07","guid":{"rendered":"https:\/\/factory.sale\/product\/lemar-membrane-lembit-xs\/"},"modified":"2024-06-27T18:30:57","modified_gmt":"2024-06-27T18:30:57","slug":"lemar-membraan-lembit-xs","status":"publish","type":"product","link":"https:\/\/factory.sale\/fi\/tuote\/lemar-membraan-lembit-xs\/","title":{"rendered":"LEMAR MEMBRAAN LEMBIT XS"},"content":{"rendered":"<p>LEMBIT MEMBRANA XS &#8211; kattohuopa on tarkoitettu kaikentyyppisille kattolevyille, ohutlevykattolevyille ja katto-vy\u00f6ruusuille eristekerroksena. Se suojaa kattokerroksia kosteudelta, biologiselta korroosiolta, suojaa katon eristyst\u00e4 kosteuden aiheuttamilta l\u00e4mm\u00f6neristysominaisuuksien menetyksilt\u00e4, pident\u00e4\u00e4 katon k\u00e4ytt\u00f6ik\u00e4\u00e4. Suositellaan k\u00e4ytett\u00e4v\u00e4ksi puukatoilla. K\u00e4ytet\u00e4\u00e4n eristeiss\u00e4, jotka ovat alttiina mekaanisille vaikutuksille.<\/p>\n<p><strong>Kuvaus<\/strong><\/p>\n<div>\n<p>Tuotteen k\u00e4ytt\u00f6tarkoitus &#8211; p\u00e4\u00e4llyskerros vedenpit\u00e4vyyteen pintakerroksena monikerroksisissa kattoissa<br \/>Kokoonpanotyyppi &#8211; maahan kiinnitetyll\u00e4 kokoonpanotyypill\u00e4 liimalla tai mekaanisesti<br \/>Painotyyppi &#8211; SBS-muokattu asfaltti<br \/>Loimi tyyppi &#8211; polyesterikuitukangas<br \/>Paksuus (mm) &#8211; 2,0<br \/>Suurin vetolujuus (pituussuunnassa ja poikittain) 700N \/ 500N +\/- 200N molempiin suuntiin<br \/>Pidentyminen suurimmalla vetolujuudella 35% \/ 35% +\/- 20% molempiin suuntiin<br \/>Virtausvastus maksimil\u00e4mp\u00f6tilassa &#8211; min + 100 \u00b0 C<br \/>Matala l\u00e4mp\u00f6tilan joustavuus &#8211; 25 \u00b0 C<br \/>Vedenpit\u00e4vyys &#8211;&nbsp; vesitiivis 60 kPa: n paineessa<br \/>Telan pituus, m\u00e4\u00e4r\u00e4 lavalla, paino &#8211; 15m, 300m2, 920kg<br \/>Paloreaktio &#8211; E-luokka<br \/>Standardi EN 13707: 2004 + A2: 2009, EN 13969: 2004<br \/>Takuu 5 vuotta<\/p>\n<\/div>\n","protected":false},"excerpt":{"rendered":"<p>LEMBIT MEMBRANA XS &#8211; kattohuopa on tarkoitettu kaikentyyppisille kattolevyille, ohutlevykattolevyille ja katto-vy\u00f6ruusuille eristekerroksena. Se suojaa kattokerroksia kosteudelta, biologiselta korroosiolta, suojaa katon eristyst\u00e4 kosteuden aiheuttamilta l\u00e4mm\u00f6neristysominaisuuksien menetyksilt\u00e4, pident\u00e4\u00e4 katon k\u00e4ytt\u00f6ik\u00e4\u00e4. Suositellaan k\u00e4ytett\u00e4v\u00e4ksi puukatoilla. K\u00e4ytet\u00e4\u00e4n eristeiss\u00e4, jotka ovat alttiina mekaanisille vaikutuksille.<\/p>\n","protected":false},"featured_media":3964,"comment_status":"open","ping_status":"closed","template":"","meta":{"_acf_changed":false},"factory":[],"free-shipment":[],"product_brand":[],"product_cat":[470,474],"product_tag":[529],"class_list":{"0":"post-3966","1":"product","2":"type-product","3":"status-publish","4":"has-post-thumbnail","6":"product_cat-roof-fi","7":"product_cat-sbs-fi","8":"product_tag-sbs-fi","10":"first","11":"instock","12":"sale","13":"taxable","14":"shipping-taxable","15":"purchasable","16":"product-type-simple"},"acf":[],"_links":{"self":[{"href":"https:\/\/factory.sale\/fi\/wp-json\/wp\/v2\/product\/3966","targetHints":{"allow":["GET"]}}],"collection":[{"href":"https:\/\/factory.sale\/fi\/wp-json\/wp\/v2\/product"}],"about":[{"href":"https:\/\/factory.sale\/fi\/wp-json\/wp\/v2\/types\/product"}],"replies":[{"embeddable":true,"href":"https:\/\/factory.sale\/fi\/wp-json\/wp\/v2\/comments?post=3966"}],"wp:featuredmedia":[{"embeddable":true,"href":"https:\/\/factory.sale\/fi\/wp-json\/wp\/v2\/media\/3964"}],"wp:attachment":[{"href":"https:\/\/factory.sale\/fi\/wp-json\/wp\/v2\/media?parent=3966"}],"wp:term":[{"taxonomy":"factory","embeddable":true,"href":"https:\/\/factory.sale\/fi\/wp-json\/wp\/v2\/factory?post=3966"},{"taxonomy":"free-shipment","embeddable":true,"href":"https:\/\/factory.sale\/fi\/wp-json\/wp\/v2\/free-shipment?post=3966"},{"taxonomy":"product_brand","embeddable":true,"href":"https:\/\/factory.sale\/fi\/wp-json\/wp\/v2\/product_brand?post=3966"},{"taxonomy":"product_cat","embeddable":true,"href":"https:\/\/factory.sale\/fi\/wp-json\/wp\/v2\/product_cat?post=3966"},{"taxonomy":"product_tag","embeddable":true,"href":"https:\/\/factory.sale\/fi\/wp-json\/wp\/v2\/product_tag?post=3966"}],"curies":[{"name":"wp","href":"https:\/\/api.w.org\/{rel}","templated":true}]}}