{"id":3965,"date":"2019-11-09T13:22:35","date_gmt":"2019-11-09T13:22:35","guid":{"rendered":"https:\/\/factory.sale\/product\/lemar-lembit-nro-foundation-gv\/"},"modified":"2024-06-26T12:46:44","modified_gmt":"2024-06-26T12:46:44","slug":"lemar-lembit-nro-foundation-gv-bitumivuorauspaperi","status":"publish","type":"product","link":"https:\/\/factory.sale\/fi\/tuote\/lemar-lembit-nro-foundation-gv-bitumivuorauspaperi\/","title":{"rendered":"LEMAR LEMBIT NRO FOUNDATION GV BITUMIVUORAUSPAPERI"},"content":{"rendered":"<p>Kattoj\u00e4rjestelmiss\u00e4 k\u00e4ytett\u00e4v\u00e4 palonkest\u00e4v\u00e4 alushuopa. Pohjamaali, vedeneristykseen. Paperi t\u00e4ytt\u00e4\u00e4 lis\u00e4\u00e4ntyneen ulkoisen tulenkest\u00e4vyyden kriteerit (t1) ja sit\u00e4 k\u00e4ytet\u00e4\u00e4n j\u00e4rjestelmiss\u00e4, jotka sallivat kattojen palonkest\u00e4vyyden &#8211; REI.<\/p>\n<p><strong>Parametrit<\/strong><\/p>\n<ul>\n<li>Tuotteen k\u00e4ytt\u00f6 &#8211; palonkest\u00e4v\u00e4 alushuopa. Paperi t\u00e4ytt\u00e4\u00e4 lis\u00e4\u00e4ntyneen ulkoisen tulenkest\u00e4vyyskriteerin vaatimukset (t1) ja sit\u00e4 k\u00e4ytet\u00e4\u00e4n j\u00e4rjestelmiss\u00e4, jotka sallivat kattojen palonkest\u00e4vyyden &#8211; REI.<\/li>\n<li>Kokoonpanotyyppi &#8211; hitsaus, mekaaninen kiinnitys<\/li>\n<li>Painotyyppi &#8211; muokkaajan lis\u00e4yksell\u00e4<\/li>\n<li>Loimityyppi &#8211; komposiitti sis\u00e4osa<\/li>\n<li>Paksuus (mm) &#8211; 2,5<\/li>\n<li>Suurin vetovoima (pituussuunnassa ja poikittain) 1000N \/ 900N +\/- 200N molempiin suuntiin<\/li>\n<li>Pidentyminen suurimmalla vetolujuudella 6% \/ 6% +\/- 4% molempiin suuntiin<\/li>\n<li>Virtausvastus maksimil\u00e4mp\u00f6tilassa &#8211; min + 80 \u00b0 C<\/li>\n<li>Matala l\u00e4mp\u00f6tilan joustavuus -6 \u00b0 C<\/li>\n<li>Vedenpit\u00e4v\u00e4 100 kPa<\/li>\n<li>Telan pituus, m\u00e4\u00e4r\u00e4 lavalla, paino 10m, 240m2, 935kg<\/li>\n<li>Paloreaktio &#8211; E-luokka<\/li>\n<li>Standardi EN 13969: 2004, EN 13707: 2004 + A2: 2009<\/li>\n<li>Takuu 7 vuotta<\/li>\n<\/ul>\n","protected":false},"excerpt":{"rendered":"<p>Kattoj\u00e4rjestelmiss\u00e4 k\u00e4ytett\u00e4v\u00e4 palonkest\u00e4v\u00e4 alushuopa. Pohjamaali, vedeneristykseen. Paperi t\u00e4ytt\u00e4\u00e4 lis\u00e4\u00e4ntyneen ulkoisen tulenkest\u00e4vyyden kriteerit (t1) ja sit\u00e4 k\u00e4ytet\u00e4\u00e4n j\u00e4rjestelmiss\u00e4, jotka sallivat kattojen palonkest\u00e4vyyden &#8211; REI.<\/p>\n","protected":false},"featured_media":3964,"comment_status":"open","ping_status":"closed","template":"","meta":{"_acf_changed":false},"factory":[],"free-shipment":[],"product_brand":[],"product_cat":[470,44,87,474],"product_tag":[86,529],"class_list":{"0":"post-3965","1":"product","2":"type-product","3":"status-publish","4":"has-post-thumbnail","6":"product_cat-roof-fi","7":"product_cat-main-roof","8":"product_cat-sbs","9":"product_cat-sbs-fi","10":"product_tag-sbs","11":"product_tag-sbs-fi","13":"first","14":"instock","15":"sale","16":"taxable","17":"shipping-taxable","18":"purchasable","19":"product-type-simple"},"acf":[],"_links":{"self":[{"href":"https:\/\/factory.sale\/fi\/wp-json\/wp\/v2\/product\/3965","targetHints":{"allow":["GET"]}}],"collection":[{"href":"https:\/\/factory.sale\/fi\/wp-json\/wp\/v2\/product"}],"about":[{"href":"https:\/\/factory.sale\/fi\/wp-json\/wp\/v2\/types\/product"}],"replies":[{"embeddable":true,"href":"https:\/\/factory.sale\/fi\/wp-json\/wp\/v2\/comments?post=3965"}],"wp:featuredmedia":[{"embeddable":true,"href":"https:\/\/factory.sale\/fi\/wp-json\/wp\/v2\/media\/3964"}],"wp:attachment":[{"href":"https:\/\/factory.sale\/fi\/wp-json\/wp\/v2\/media?parent=3965"}],"wp:term":[{"taxonomy":"factory","embeddable":true,"href":"https:\/\/factory.sale\/fi\/wp-json\/wp\/v2\/factory?post=3965"},{"taxonomy":"free-shipment","embeddable":true,"href":"https:\/\/factory.sale\/fi\/wp-json\/wp\/v2\/free-shipment?post=3965"},{"taxonomy":"product_brand","embeddable":true,"href":"https:\/\/factory.sale\/fi\/wp-json\/wp\/v2\/product_brand?post=3965"},{"taxonomy":"product_cat","embeddable":true,"href":"https:\/\/factory.sale\/fi\/wp-json\/wp\/v2\/product_cat?post=3965"},{"taxonomy":"product_tag","embeddable":true,"href":"https:\/\/factory.sale\/fi\/wp-json\/wp\/v2\/product_tag?post=3965"}],"curies":[{"name":"wp","href":"https:\/\/api.w.org\/{rel}","templated":true}]}}