{"id":3963,"date":"2019-11-09T13:24:22","date_gmt":"2019-11-09T13:24:22","guid":{"rendered":"https:\/\/factory.sale\/product\/lemar-lembit-super-paroisolation-s20-al-pye\/"},"modified":"2024-06-25T12:10:02","modified_gmt":"2024-06-25T12:10:02","slug":"lemar-lembit-super-paro-isolatsioon-s20-al-pye","status":"publish","type":"product","link":"https:\/\/factory.sale\/fi\/tuote\/lemar-lembit-super-paro-isolatsioon-s20-al-pye\/","title":{"rendered":"LEMAR Lembit SUPER PARO ERISTYS S20 al + PYE"},"content":{"rendered":"<p>H\u00f6yrynsuojakattohuopa. Alahuopa, h\u00f6yrysulku. Itsekiinnittyv\u00e4, mekaaninen kiinnitys.<\/p>\n<div>\n<div class=\"para\">\n<p><strong>Parametrit<\/strong><br \/>\nTuotteen k\u00e4ytt\u00f6 &#8211; alahuopa, h\u00f6yrysulku<br \/>\nKokoonpanotyyppi &#8211; itsekiinnittyv\u00e4, mekaaninen kiinnitys<br \/>\nPainotyyppi &#8211; SBS muokattu<br \/>\nLoimin tyyppi &#8211; alumiini + polyesteri<br \/>\nPaksuus (mm) &#8211; 2<br \/>\nSuurin vetovoima (pituussuunnassa ja poikittain) 800N \/ 600N +\/- 200N molempiin suuntiin<br \/>\nPidentyminen suurimmalla vetolujuudella 45% \/ 45% +\/- 15% molempiin suuntiin<br \/>\nVirtausvastus maksimil\u00e4mp\u00f6tilassa Min + 100 \u00b0 C<br \/>\nMatala l\u00e4mp\u00f6tilan joustavuus -25 \u00b0 C<br \/>\nVedenpit\u00e4v\u00e4 200 kPa<br \/>\nTelan pituus, m\u00e4\u00e4r\u00e4 lavalla, paino &#8211; 10m, 240m2, 550kg<br \/>\nPaloreaktio &#8211; E-luokka<br \/>\nStandardi EN 13970: 2004 \/ A1: 2006<br \/>\nTakuu 12 vuotta<\/p>\n<\/div>\n<\/div>\n","protected":false},"excerpt":{"rendered":"<p>H\u00f6yrynsuojakattohuopa. Alahuopa, h\u00f6yrysulku. Itsekiinnittyv\u00e4, mekaaninen kiinnitys.<\/p>\n","protected":false},"featured_media":3964,"comment_status":"open","ping_status":"closed","template":"","meta":{"_acf_changed":false},"factory":[],"free-shipment":[],"product_brand":[],"product_cat":[470,470,474,474],"product_tag":[529,529],"class_list":{"0":"post-3963","1":"product","2":"type-product","3":"status-publish","4":"has-post-thumbnail","6":"product_cat-roof-fi","8":"product_cat-sbs-fi","10":"product_tag-sbs-fi","13":"first","14":"instock","15":"sale","16":"taxable","17":"shipping-taxable","18":"purchasable","19":"product-type-simple"},"acf":[],"_links":{"self":[{"href":"https:\/\/factory.sale\/fi\/wp-json\/wp\/v2\/product\/3963","targetHints":{"allow":["GET"]}}],"collection":[{"href":"https:\/\/factory.sale\/fi\/wp-json\/wp\/v2\/product"}],"about":[{"href":"https:\/\/factory.sale\/fi\/wp-json\/wp\/v2\/types\/product"}],"replies":[{"embeddable":true,"href":"https:\/\/factory.sale\/fi\/wp-json\/wp\/v2\/comments?post=3963"}],"wp:featuredmedia":[{"embeddable":true,"href":"https:\/\/factory.sale\/fi\/wp-json\/wp\/v2\/media\/3964"}],"wp:attachment":[{"href":"https:\/\/factory.sale\/fi\/wp-json\/wp\/v2\/media?parent=3963"}],"wp:term":[{"taxonomy":"factory","embeddable":true,"href":"https:\/\/factory.sale\/fi\/wp-json\/wp\/v2\/factory?post=3963"},{"taxonomy":"free-shipment","embeddable":true,"href":"https:\/\/factory.sale\/fi\/wp-json\/wp\/v2\/free-shipment?post=3963"},{"taxonomy":"product_brand","embeddable":true,"href":"https:\/\/factory.sale\/fi\/wp-json\/wp\/v2\/product_brand?post=3963"},{"taxonomy":"product_cat","embeddable":true,"href":"https:\/\/factory.sale\/fi\/wp-json\/wp\/v2\/product_cat?post=3963"},{"taxonomy":"product_tag","embeddable":true,"href":"https:\/\/factory.sale\/fi\/wp-json\/wp\/v2\/product_tag?post=3963"}],"curies":[{"name":"wp","href":"https:\/\/api.w.org\/{rel}","templated":true}]}}