{"id":3961,"date":"2019-11-09T13:29:17","date_gmt":"2019-11-09T13:29:17","guid":{"rendered":"https:\/\/factory.sale\/product\/lemar-green-roof-system\/"},"modified":"2024-06-28T00:57:54","modified_gmt":"2024-06-28T00:57:54","slug":"lemar-vihrea-katto-jarjestelma","status":"publish","type":"product","link":"https:\/\/factory.sale\/fi\/tuote\/lemar-vihrea-katto-jarjestelma\/","title":{"rendered":"LEMAR VIHRE\u00c4 KATTOJ\u00c4RJESTELM\u00c4"},"content":{"rendered":"<p>Juurihitsausta suojaava kattohuopaj\u00e4rjestelm\u00e4 LEMBIT GREEN ROOF on k\u00e4\u00e4nteiskerrosj\u00e4rjestelm\u00e4ll\u00e4 valmistettu katto.<\/p>\n<p>T\u00e4m\u00e4n j\u00e4rjestelm\u00e4n vesi kulkee kaikkien katon kerrosten l\u00e4pi ja johdetaan viem\u00e4riin viimeisest\u00e4 kerroksesta, jossa on vedeneristys. Kaiken tyyppiset katot peitet\u00e4\u00e4n tehokkaasti ja pysyv\u00e4sti vihre\u00e4ll\u00e4 t\u00e4ll\u00e4 tavalla kehitetyn ja rakennetun j\u00e4rjestelm\u00e4n avulla.<\/p>\n<ul>\n<li>rauhoittaa kaupunki-ilmastoa<\/li>\n<li>v\u00e4hent\u00e4\u00e4 katumelua<\/li>\n<li>toimii katon lis\u00e4eristeen\u00e4<\/li>\n<li>mahdollistaa rakentamiseen kadonneen biologisesti aktiivisen pinnan talteenoton<\/li>\n<li>kasvillisuuden k\u00e4ytt\u00f6 katoilla ja rakennusten julkisivuilla on yksi arkkitehtonisen tilan muotoilun elementtej\u00e4<\/li>\n<\/ul>\n<p>J\u00e4rjestelm\u00e4 perustuu nelj\u00e4\u00e4n peruskerrokseen:<\/p>\n<ul>\n<li>eristyskerros &#8211; vedenpit\u00e4v\u00e4, juurten kasvua kest\u00e4v\u00e4<\/li>\n<li>viem\u00e4ri- ja suodatuskerros, joka on suunniteltu poistamaan ylim\u00e4\u00e4r\u00e4inen vesi, tuulettamaan juuria ja parantamaan kattorakenteen eristysarvoa<\/li>\n<li>kasvillisuuskerros &#8211; substraatti, joka on valmistettu mineraalikivien seoksesta huolellisesti valitulla rakeisuudella<\/li>\n<li>kasvikerros<\/li>\n<\/ul>\n<p><strong>Ziel-kattoj\u00e4rjestelm\u00e4<\/strong><\/p>\n<ul>\n<li>Intensiivinen vihre\u00e4<\/li>\n<li>substraatti<\/li>\n<li>Geotekstiili, jonka paino on 125 g \/ m2<\/li>\n<li>Kauhan folio Geotekstiili, jonka peruspaino on 125g\/m2<\/li>\n<li>XPS S (Styrodur) -levyt &#8211; limitt\u00e4in jyrsitty<\/li>\n<li>H\u00f6yrysulkukalvo 0,2 mm paksu<\/li>\n<li>Top kattohuopa LEMBIT GREEN ROOF (anti-root)<\/li>\n<li>LEMBIT SUPER P-PYE200 S50 SBS pohjamaali: Betoni<\/li>\n<\/ul>\n<p><strong>Parametrit<\/strong><\/p>\n<ul>\n<li>Tuotteen k\u00e4ytt\u00f6 &#8211; Pintap\u00e4\u00e4llyste, yksi- ja monikerroksisille pinnoitteille. Sill\u00e4 on juuria est\u00e4vi\u00e4 ominaisuuksia. Suunniteltu vedeneristykseen pintakerroksena, maanalaisten pys\u00e4k\u00f6intialueiden ja kasvinviljelyyn tarkoitettujen k\u00e4yt\u00e4vien erist\u00e4miseen<\/li>\n<li>Asennuksen tyyppi &#8211; Hitsaus<\/li>\n<li>Painon tyyppi &#8211; SBS muutettu<\/li>\n<li>Loimityyppi &#8211; polyesterikuitukangas<\/li>\n<li>Paksuus (mm) 5.2<\/li>\n<li>Suurin vetovoima (pitkitt\u00e4in ja poikittain) 1000N \/ 850N +\/- 200N molempiin suuntiin<\/li>\n<li>Venym\u00e4 maks. vetovoimalla 45 % \/ 45 % +\/- 15 % molempiin suuntiin<\/li>\n<li>Virtausvastus maksimil\u00e4mp\u00f6tilassa 100 \u00b0C<\/li>\n<li>Matalissa l\u00e4mp\u00f6tiloissa joustavuus -22 \u00b0C<\/li>\n<li>Vedenpit\u00e4v\u00e4 60 kPa<\/li>\n<li>Rullan pituus, m\u00e4\u00e4r\u00e4 lavalla, paino 5m, 120m2, 800kg<\/li>\n<li>Reaktio tulipaloon E-luokka<\/li>\n<li>Standardi EN 13707: 2004 + A2: 2009<\/li>\n<li>Takuu 10 vuotta<\/li>\n<\/ul>\n","protected":false},"excerpt":{"rendered":"<p>LEMBIT GREEN ROOF -kattohuopaj\u00e4rjestelm\u00e4 on katto, joka on valmistettu k\u00e4\u00e4nteiskerrosj\u00e4rjestelm\u00e4st\u00e4. Vesi kulkee t\u00e4ss\u00e4 j\u00e4rjestelm\u00e4ss\u00e4 kaikkien kattokerrosten l\u00e4pi ja valuu viem\u00e4riin viimeisimm\u00e4st\u00e4 kerroksesta, jossa on vedeneristys. Kaikentyyppiset katot peitet\u00e4\u00e4n tehokkaasti ja pysyv\u00e4sti viheri\u00f6ll\u00e4 siten kehitetyn ja rakennetun j\u00e4rjestelm\u00e4n avulla.<\/p>\n","protected":false},"featured_media":3962,"comment_status":"open","ping_status":"closed","template":"","meta":{"_acf_changed":false},"factory":[],"free-shipment":[],"product_brand":[],"product_cat":[472,470],"product_tag":[505],"class_list":{"0":"post-3961","1":"product","2":"type-product","3":"status-publish","4":"has-post-thumbnail","6":"product_cat-green-roof-fi","7":"product_cat-roof-fi","8":"product_tag-green-roof-fi","10":"first","11":"instock","12":"sale","13":"taxable","14":"shipping-taxable","15":"purchasable","16":"product-type-simple"},"acf":[],"_links":{"self":[{"href":"https:\/\/factory.sale\/fi\/wp-json\/wp\/v2\/product\/3961","targetHints":{"allow":["GET"]}}],"collection":[{"href":"https:\/\/factory.sale\/fi\/wp-json\/wp\/v2\/product"}],"about":[{"href":"https:\/\/factory.sale\/fi\/wp-json\/wp\/v2\/types\/product"}],"replies":[{"embeddable":true,"href":"https:\/\/factory.sale\/fi\/wp-json\/wp\/v2\/comments?post=3961"}],"wp:featuredmedia":[{"embeddable":true,"href":"https:\/\/factory.sale\/fi\/wp-json\/wp\/v2\/media\/3962"}],"wp:attachment":[{"href":"https:\/\/factory.sale\/fi\/wp-json\/wp\/v2\/media?parent=3961"}],"wp:term":[{"taxonomy":"factory","embeddable":true,"href":"https:\/\/factory.sale\/fi\/wp-json\/wp\/v2\/factory?post=3961"},{"taxonomy":"free-shipment","embeddable":true,"href":"https:\/\/factory.sale\/fi\/wp-json\/wp\/v2\/free-shipment?post=3961"},{"taxonomy":"product_brand","embeddable":true,"href":"https:\/\/factory.sale\/fi\/wp-json\/wp\/v2\/product_brand?post=3961"},{"taxonomy":"product_cat","embeddable":true,"href":"https:\/\/factory.sale\/fi\/wp-json\/wp\/v2\/product_cat?post=3961"},{"taxonomy":"product_tag","embeddable":true,"href":"https:\/\/factory.sale\/fi\/wp-json\/wp\/v2\/product_tag?post=3961"}],"curies":[{"name":"wp","href":"https:\/\/api.w.org\/{rel}","templated":true}]}}