{"id":3959,"date":"2019-11-09T13:42:46","date_gmt":"2019-11-09T13:42:46","guid":{"rendered":"https:\/\/factory.sale\/product\/blachotrapetz-roof-sheets\/"},"modified":"2024-06-25T14:23:47","modified_gmt":"2024-06-25T14:23:47","slug":"blachotrapez-katto-levy","status":"publish","type":"product","link":"https:\/\/factory.sale\/fi\/tuote\/blachotrapez-katto-levy\/","title":{"rendered":"BLACHOTRAPEZ KATTO LEVY"},"content":{"rendered":"<p>Metallilaatta on yksi yleisimmist\u00e4 ratkaisuista asuin-, sakraali- ja julkisissa rakennuksissa. T\u00e4ysin automatisoitu tuotantoprosessi mahdollistaa metallilevyjen leikkaamisen vaaditulle pituudelle ja siten ep\u00e4tavallisimpien tilausten toimittamiselle ja j\u00e4tteen v\u00e4hent\u00e4miselle. Blachotrapez tarjoaa yli kymmenen eri v\u00e4rin metallilaattoja, jotka on p\u00e4\u00e4llystetty polyesterill\u00e4, Pladur\u00ae Eco Protect ThyssenKruppilla, alumiinilla ja Colorcoat HP2000\u00ae Ultra -lakalla. Metallilevyjen kevyys on niiden erityinen etu. 1 neli\u00f6metri\u00e4 metallilevy\u00e4 painaa noin. 4,5 kg. Kevyyden ansiosta metallilattiakatto ei rasita eik\u00e4 vaikuta koko rakennuksen rakenteeseen.<\/p>\n<h3 class=\"ht\">Roof sheets\u00a0&#8211; Products<\/h3>\n<div class=\"item\">\n<div class=\"imag\"><img decoding=\"async\" src=\"https:\/\/www.blachotrapez.eu\/files\/product\/mini_foto_974_1544184552.png\" alt=\"produkt\" \/><\/div>\n<div class=\"title\">\n<h3>Roof sheets<br \/>\nTYSENIA<\/h3>\n<\/div>\n<div class=\"more\"><\/div>\n<\/div>\n<p><a href=\"https:\/\/www.blachotrapez.eu\/en\/prtm\/974\/tysenia\" target=\"_blank\" rel=\"noopener\">\u00a0<\/a><\/p>\n<div class=\"item\">\n<div class=\"imag\"><img decoding=\"async\" src=\"https:\/\/www.blachotrapez.eu\/files\/product\/mini_foto_968_1518772014.jpg\" alt=\"produkt\" \/><\/div>\n<div class=\"title\">\n<h3>Roof sheets<br \/>\nGerman Simetric<\/h3>\n<\/div>\n<div class=\"more\"><\/div>\n<\/div>\n<p><a href=\"https:\/\/www.blachotrapez.eu\/en\/prtm\/968\/german-simetric\" target=\"_blank\" rel=\"noopener\">\u00a0<\/a><\/p>\n<div class=\"item\">\n<div class=\"imag\"><img decoding=\"async\" src=\"https:\/\/www.blachotrapez.eu\/files\/product\/mini_foto_108_1476092534.png\" alt=\"produkt\" \/><\/div>\n<div class=\"title\">\n<h3>Roof sheets<br \/>\nTalia<\/h3>\n<\/div>\n<div class=\"more\"><\/div>\n<\/div>\n<p><a href=\"https:\/\/www.blachotrapez.eu\/en\/prtm\/108\/talia\" target=\"_blank\" rel=\"noopener\">\u00a0<\/a><\/p>\n<div class=\"item\">\n<div class=\"imag\"><img decoding=\"async\" src=\"https:\/\/www.blachotrapez.eu\/files\/product\/mini_foto_101_1476092652.png\" alt=\"produkt\" \/><\/div>\n<div class=\"title\">\n<h3>Roof sheets<br \/>\nGermania Simetric<\/h3>\n<\/div>\n<div class=\"more\"><\/div>\n<\/div>\n<p><a href=\"https:\/\/www.blachotrapez.eu\/en\/prtm\/101\/germania-simetric-new\" target=\"_blank\" rel=\"noopener\">\u00a0<\/a><\/p>\n<div class=\"item\">\n<div class=\"imag\"><img decoding=\"async\" src=\"https:\/\/www.blachotrapez.eu\/files\/product\/mini_foto_103_1476092741.png\" alt=\"produkt\" \/><\/div>\n<div class=\"title\">\n<h3>Roof sheets<br \/>\nDiament Eco Plus<\/h3>\n<\/div>\n<div class=\"more\"><\/div>\n<\/div>\n<p><a href=\"https:\/\/www.blachotrapez.eu\/en\/prtm\/103\/diament-eco-plus\" target=\"_blank\" rel=\"noopener\">\u00a0<\/a><\/p>\n<div class=\"item\">\n<div class=\"imag\"><img decoding=\"async\" src=\"https:\/\/www.blachotrapez.eu\/files\/product\/mini_foto_104_1476092794.png\" alt=\"produkt\" \/><\/div>\n<div class=\"title\">\n<h3>Roof sheets<br \/>\nDiament Plus<\/h3>\n<\/div>\n<div class=\"more\"><\/div>\n<\/div>\n<p><a href=\"https:\/\/www.blachotrapez.eu\/en\/prtm\/104\/diament-plus\" target=\"_blank\" rel=\"noopener\">\u00a0<\/a><\/p>\n<div class=\"item\">\n<div class=\"imag\"><img decoding=\"async\" src=\"https:\/\/www.blachotrapez.eu\/files\/product\/mini_foto_105_1476093025.png\" alt=\"produkt\" \/><\/div>\n<div class=\"title\">\n<h3>Roof sheets<br \/>\nKingas<\/h3>\n<\/div>\n<div class=\"more\"><\/div>\n<\/div>\n<p><a href=\"https:\/\/www.blachotrapez.eu\/en\/prtm\/105\/kingas\" target=\"_blank\" rel=\"noopener\">\u00a0<\/a><\/p>\n<div class=\"item\">\n<div class=\"imag\"><img decoding=\"async\" src=\"https:\/\/www.blachotrapez.eu\/files\/product\/mini_foto_106_1476092867.png\" alt=\"produkt\" \/><\/div>\n<div class=\"title\">\n<h3>Roof sheets<br \/>\nKingas Eco Plus<\/h3>\n<\/div>\n<div class=\"more\"><\/div>\n<\/div>\n<p><a href=\"https:\/\/www.blachotrapez.eu\/en\/prtm\/106\/kingas-eco-plus\" target=\"_blank\" rel=\"noopener\">\u00a0<\/a><\/p>\n<div class=\"item\">\n<div class=\"imag\"><img decoding=\"async\" src=\"https:\/\/www.blachotrapez.eu\/files\/product\/mini_foto_107_1476092934.png\" alt=\"produkt\" \/><\/div>\n<div class=\"title\">\n<h3>Roof sheets<br \/>\nKingas 15<\/h3>\n<\/div>\n<\/div>\n<p>&nbsp;<\/p>\n","protected":false},"excerpt":{"rendered":"<p>Metallilaatta on yksi yleisimmist\u00e4 ratkaisuista asuin-, sakraali- ja julkisissa rakennuksissa. T\u00e4ysin automatisoitu tuotantoprosessi mahdollistaa metallilevyjen leikkaamisen vaaditulle pituudelle ja siten ep\u00e4tavallisimpien tilausten toimittamiselle ja j\u00e4tteen v\u00e4hent\u00e4miselle. Blachotrapez tarjoaa yli kymmenen eri v\u00e4rin metallilaattoja, jotka on p\u00e4\u00e4llystetty polyesterill\u00e4, Pladur\u00ae Eco Protect ThyssenKruppilla, alumiinilla ja Colorcoat HP2000\u00ae Ultra -lakalla. Metallilevyjen kevyys on niiden erityinen etu. 1 neli\u00f6metri\u00e4 metallilevy\u00e4 painaa noin. 4,5 kg. Kevyyden ansiosta metallilattiakatto ei rasita eik\u00e4 vaikuta koko rakennuksen rakenteeseen.<\/p>\n<p>&nbsp;<\/p>\n","protected":false},"featured_media":3960,"comment_status":"open","ping_status":"closed","template":"","meta":{"_acf_changed":false},"factory":[],"free-shipment":[],"product_brand":[],"product_cat":[470,475],"product_tag":[527],"class_list":{"0":"post-3959","1":"product","2":"type-product","3":"status-publish","4":"has-post-thumbnail","6":"product_cat-roof-fi","7":"product_cat-sheets-fi","8":"product_tag-roof-sheets-fi","10":"first","11":"instock","12":"sale","13":"taxable","14":"shipping-taxable","15":"purchasable","16":"product-type-simple"},"acf":[],"_links":{"self":[{"href":"https:\/\/factory.sale\/fi\/wp-json\/wp\/v2\/product\/3959","targetHints":{"allow":["GET"]}}],"collection":[{"href":"https:\/\/factory.sale\/fi\/wp-json\/wp\/v2\/product"}],"about":[{"href":"https:\/\/factory.sale\/fi\/wp-json\/wp\/v2\/types\/product"}],"replies":[{"embeddable":true,"href":"https:\/\/factory.sale\/fi\/wp-json\/wp\/v2\/comments?post=3959"}],"wp:featuredmedia":[{"embeddable":true,"href":"https:\/\/factory.sale\/fi\/wp-json\/wp\/v2\/media\/3960"}],"wp:attachment":[{"href":"https:\/\/factory.sale\/fi\/wp-json\/wp\/v2\/media?parent=3959"}],"wp:term":[{"taxonomy":"factory","embeddable":true,"href":"https:\/\/factory.sale\/fi\/wp-json\/wp\/v2\/factory?post=3959"},{"taxonomy":"free-shipment","embeddable":true,"href":"https:\/\/factory.sale\/fi\/wp-json\/wp\/v2\/free-shipment?post=3959"},{"taxonomy":"product_brand","embeddable":true,"href":"https:\/\/factory.sale\/fi\/wp-json\/wp\/v2\/product_brand?post=3959"},{"taxonomy":"product_cat","embeddable":true,"href":"https:\/\/factory.sale\/fi\/wp-json\/wp\/v2\/product_cat?post=3959"},{"taxonomy":"product_tag","embeddable":true,"href":"https:\/\/factory.sale\/fi\/wp-json\/wp\/v2\/product_tag?post=3959"}],"curies":[{"name":"wp","href":"https:\/\/api.w.org\/{rel}","templated":true}]}}