{"id":3956,"date":"2019-11-09T14:12:39","date_gmt":"2019-11-09T14:12:39","guid":{"rendered":"https:\/\/factory.sale\/product\/german-simetric\/"},"modified":"2024-06-27T11:04:43","modified_gmt":"2024-06-27T11:04:43","slug":"blachotrapez-saksan-simetric","status":"publish","type":"product","link":"https:\/\/factory.sale\/fi\/tuote\/blachotrapez-saksan-simetric\/","title":{"rendered":"BLACHOTRAPEZ SAKSALAINEN SIMETRIC"},"content":{"rendered":"<p>Metallilaatta on yksi yleisimmist\u00e4 ratkaisuista asuin-, sakraali- ja julkisissa rakennuksissa. T\u00e4ysin automatisoitu tuotantoprosessi mahdollistaa metallilevyjen leikkaamisen vaaditulle pituudelle ja siten ep\u00e4tavallisimpien tilausten toimittamiselle ja j\u00e4tteen v\u00e4hent\u00e4miselle. Blachotrapez tarjoaa yli kymmenen v\u00e4rin metallilaattoja, jotka on p\u00e4\u00e4llystetty polyesterill\u00e4, Pladur\u00ae Eco Protect ThyssenKruppilla, alumiinilla ja Colorcoat HP2000\u00ae Ultra -lakalla. Metallilevyjen kevyys on niiden erityinen etu. 1 neli\u00f6metri\u00e4 metallilevy\u00e4 painaa noin. 4,5 kg. Kevyyden ansiosta metallilattiakatto ei rasita eik\u00e4 vaikuta koko rakennuksen rakenteeseen.<\/p>\n<p>Tarkkaan r\u00e4\u00e4t\u00e4l\u00f6ity katollesi. Saksalainen Simetric &#8211; uusi kattolevy Blachotrapezin tarjouksessa.<br \/>\nSaksalainen Simetric tarkoittaa tarkkuutta, luotettavuutta ja klassista kauneutta. Luotettavasta saksalaisesta Simetric-kattotiilest\u00e4 voidaan tehd\u00e4 monimutkaisia kattorakenteita, jotka suojaavat sinua ja perhett\u00e4si monien vuosien ajan.<\/p>\n<div class=\"moreProduct contenttab21\">\n<section>\n<div class=\"nag\">\n<p><strong>Tekniset tiedot<\/strong><\/p>\n<p>Kokonaisleveys: ~ 1200 mm<br \/>\nPeitteen leveys: 1144 mm<br \/>\nValmiin tuotteen (ter\u00e4ksen) paksuus: 0,5 mm<br \/>\nPiki: 190,7 mm<br \/>\nMuodostuksen korkeus: 29\/40 mm<br \/>\nProfiilin syvyys: 21 mm<br \/>\nModuulin pituus: 350 mm<br \/>\nArkin v\u00e4himm\u00e4ispituus: 720 mm<br \/>\nArkin enimm\u00e4ispituus: 5970 mm<\/p>\n<h3><a style=\"font-size: 16px;\" href=\"https:\/\/www.blachotrapez.eu\/files\/cke\/RysunkiTechniczne\/GermanRT.jpg\" target=\"_blank\" rel=\"noopener\"><img decoding=\"async\" src=\"https:\/\/www.blachotrapez.eu\/files\/cke\/RysunkiTechniczne\/GermanRT.jpg\" alt=\"\" \/><\/a><\/h3>\n<\/div>\n<\/section>\n<\/div>\n<div class=\"moreProduct contenttab22\">\n<div class=\"line\"><strong>Korkealaatuinen ter\u00e4s<\/strong><\/div>\n<section>\n<div class=\"nag\">\n<p>Saksalainen SIMETRIC on ep\u00e4symmetrinen, modulaarinen kattotiili, jostaa asiakkaat ovat kiinnostuneita uudenaikaisen ja houkuttelevan n\u00e4\u00f6n ja helpon asennuksen takia. Raaka-aineen korkea laatu on my\u00f6s suuri etu. Blachotrapez k\u00e4ytt\u00e4\u00e4 ter\u00e4st\u00e4 saksalaiselta ter\u00e4stehtaalta Thyssenkrupp Steel Europelta, joka on alan johtava yritys, ja muilta tunnetuilta valmistajilta, joiden kanssa Blachotrapez ty\u00f6skentelee. Parhaista raaka-aineista valmistettu saksalainen SIMETRIC on parantanut kulutuskest\u00e4vyytt\u00e4 sek\u00e4 korroosionkest\u00e4vyytt\u00e4.<\/p>\n<p><strong>Yksinkertainen asennus tarkkuuden ansiosta<\/strong><\/p>\n<p>Uudessa Blachotrapez-tuotteessa on ehdottomasti poikkeuksellinen tarkkuus &#8211; modulaarisuus ja keveys. GERMAN SIMETRIC mahdollistaa jopa eritt\u00e4in monimutkaisten kattojen peitt\u00e4misen. T\u00e4m\u00e4 tarkoittaa my\u00f6s kattavuuden taloudellisuutta &#8211; asennuksen aikana k\u00e4ytet\u00e4\u00e4n optimaalista levym\u00e4\u00e4r\u00e4\u00e4 ilman, ett\u00e4 kattotiilij\u00e4 tarvitsee leikata usein. Laadukkaimman raaka-aineen yhdistelm\u00e4 tarkkojen mittojen kanssa takaa kannen tiiviyden ja pitk\u00e4n kest\u00e4vyyden. Suojapinnoitteen valinnasta riippuen valmistaja antaa tuotteen takuun jopa 50 vuodeksi (pinnoite PLADUR\u00ae Wrinkle Mat Plus).<\/p>\n<p><strong>Klassinen ilme kaksinkertaisella kohokuviolla<\/strong><\/p>\n<p>Sijoittajat, jotka v\u00e4litt\u00e4v\u00e4t klassisesta visuaalisesta tehostuksesta, arvostavat tuotetta kattolevyjen perinteisen ilmeen takia. Tyylik\u00e4s, suoraviivainen muoto kaksinkertaisella kohokuviolla vastaa t\u00e4m\u00e4n hetken trendeihin ja korostaa kodin ulkon\u00e4k\u00f6\u00e4.<\/p>\n<p>Moderni kattotiili GERMAN SIMETRIC toimii uusien rakennusten lis\u00e4ksi my\u00f6s vanhojen rakennusten katoilla. Kattop\u00e4\u00e4llysteit\u00e4 on saatavana t\u00e4ydess\u00e4 v\u00e4rivalikoimassa, mik\u00e4 antaa laajan valikoiman sek\u00e4 nykyaikaisten tilojen toteutuksessa ett\u00e4 mahdollistaa vanhojen rakennusten alkuper\u00e4isen ulkon\u00e4\u00f6n j\u00e4lleenrakennuksen.<\/p>\n<\/div>\n<\/section>\n<\/div>\n<div class=\"moreProduct contenttab23\">\n<section>\n<div class=\"nag\">\n<div class=\"lineInner\"><\/div>\n<h3>V\u00e4ri:<\/h3>\n<\/div>\n<p><img decoding=\"async\" src=\"https:\/\/www.blachotrapez.eu\/files\/cke\/kolory\/icecrystal.png\" alt=\"\" \/>\u00a0<img decoding=\"async\" src=\"https:\/\/www.blachotrapez.eu\/files\/cke\/kolory\/wrinklemattk.png\" alt=\"\" \/>\u00a0<img decoding=\"async\" src=\"https:\/\/www.blachotrapez.eu\/files\/cke\/kolory\/superiorhb.png\" alt=\"\" \/>\u00a0<img decoding=\"async\" src=\"https:\/\/www.blachotrapez.eu\/files\/cke\/kolory\/hps2000ultra.png\" alt=\"\" \/>\u00a0<img decoding=\"async\" src=\"https:\/\/www.blachotrapez.eu\/files\/cke\/kolory\/ral.png\" alt=\"\" \/>\u00a0<img decoding=\"async\" src=\"https:\/\/www.blachotrapez.eu\/files\/cke\/kolory\/ralpremiumtk.png\" alt=\"\" \/>\u00a0<img decoding=\"async\" src=\"https:\/\/www.blachotrapez.eu\/files\/cke\/kolory\/MATPLUS.png\" alt=\"\" \/><\/p>\n<div>Erilaisten n\u00e4ytt\u00f6asetusten vuoksi v\u00e4rit voivat poiketa todellisuudesta, mink\u00e4 vuoksi v\u00e4rit ovat likim\u00e4\u00e4r\u00e4isi\u00e4.<br \/>\nN\u00e4ytteiden v\u00e4rit ovat tuotantotoleranssien alaisia ja voivat hieman poiketa rakennusty\u00f6maalle toimitetusta materiaalista.<\/div>\n<\/section>\n<\/div>\n","protected":false},"excerpt":{"rendered":"<p>Metallilaatta on yksi yleisimmist\u00e4 ratkaisuista asuin-, sakraali- ja julkisissa rakennuksissa. T\u00e4ysin automatisoitu tuotantoprosessi mahdollistaa metallilevyjen leikkaamisen vaaditulle pituudelle ja siten ep\u00e4tavallisimpien tilausten toimittamiselle ja j\u00e4tteen v\u00e4hent\u00e4miselle. Blachotrapez tarjoaa yli kymmenen v\u00e4rin metallilaattoja, jotka on p\u00e4\u00e4llystetty polyesterill\u00e4, Pladur\u00ae Eco Protect ThyssenKruppilla, alumiinilla ja Colorcoat HP2000\u00ae Ultra -lakalla. Metallilevyjen kevyys on niiden erityinen etu. 1 neli\u00f6metri\u00e4 metallilevy\u00e4 painaa noin. 4,5 kg. Kevyyden ansiosta metallilattiakatto ei rasita eik\u00e4 vaikuta koko rakennuksen rakenteeseen.<\/p>\n","protected":false},"featured_media":3958,"comment_status":"open","ping_status":"closed","template":"","meta":{"_acf_changed":false},"factory":[],"free-shipment":[],"product_brand":[],"product_cat":[470,475],"product_tag":[524],"class_list":{"0":"post-3956","1":"product","2":"type-product","3":"status-publish","4":"has-post-thumbnail","6":"product_cat-roof-fi","7":"product_cat-sheets-fi","8":"product_tag-rood-sheets-fi","10":"first","11":"instock","12":"sale","13":"taxable","14":"shipping-taxable","15":"purchasable","16":"product-type-simple"},"acf":[],"_links":{"self":[{"href":"https:\/\/factory.sale\/fi\/wp-json\/wp\/v2\/product\/3956","targetHints":{"allow":["GET"]}}],"collection":[{"href":"https:\/\/factory.sale\/fi\/wp-json\/wp\/v2\/product"}],"about":[{"href":"https:\/\/factory.sale\/fi\/wp-json\/wp\/v2\/types\/product"}],"replies":[{"embeddable":true,"href":"https:\/\/factory.sale\/fi\/wp-json\/wp\/v2\/comments?post=3956"}],"wp:featuredmedia":[{"embeddable":true,"href":"https:\/\/factory.sale\/fi\/wp-json\/wp\/v2\/media\/3958"}],"wp:attachment":[{"href":"https:\/\/factory.sale\/fi\/wp-json\/wp\/v2\/media?parent=3956"}],"wp:term":[{"taxonomy":"factory","embeddable":true,"href":"https:\/\/factory.sale\/fi\/wp-json\/wp\/v2\/factory?post=3956"},{"taxonomy":"free-shipment","embeddable":true,"href":"https:\/\/factory.sale\/fi\/wp-json\/wp\/v2\/free-shipment?post=3956"},{"taxonomy":"product_brand","embeddable":true,"href":"https:\/\/factory.sale\/fi\/wp-json\/wp\/v2\/product_brand?post=3956"},{"taxonomy":"product_cat","embeddable":true,"href":"https:\/\/factory.sale\/fi\/wp-json\/wp\/v2\/product_cat?post=3956"},{"taxonomy":"product_tag","embeddable":true,"href":"https:\/\/factory.sale\/fi\/wp-json\/wp\/v2\/product_tag?post=3956"}],"curies":[{"name":"wp","href":"https:\/\/api.w.org\/{rel}","templated":true}]}}