{"id":3954,"date":"2019-11-09T14:17:55","date_gmt":"2019-11-09T14:17:55","guid":{"rendered":"https:\/\/factory.sale\/product\/diamond-eco-plus\/"},"modified":"2024-07-04T10:10:55","modified_gmt":"2024-07-04T10:10:55","slug":"diamond-eko-plus","status":"publish","type":"product","link":"https:\/\/factory.sale\/fi\/tuote\/diamond-eko-plus\/","title":{"rendered":"DIAMOND EKO PLUS METALLILAATTA"},"content":{"rendered":"<p>Metallilaatta on yksi yleisimmist\u00e4 ratkaisuista asuin-, sakraali- ja julkisissa rakennuksissa. T\u00e4ysin automatisoitu tuotantoprosessi mahdollistaa metallilevyjen leikkaamisen vaaditulle pituudelle ja siten ep\u00e4tavallisimpien tilausten toimittamiselle ja j\u00e4tteen v\u00e4hent\u00e4miselle. Blachotrapez tarjoaa yli kymmenen v\u00e4rin metallilaattoja, jotka on p\u00e4\u00e4llystetty polyesterill\u00e4, Pladur\u00ae Eco Protect ThyssenKruppilla, alumiinilla ja Colorcoat HP2000\u00ae Ultra -lakalla. Metallilevyjen kevyys on niiden erityinen etu. 1 neli\u00f6metri\u00e4 metallilevy\u00e4 painaa noin. 4,5 kg. Kevyyden ansiosta metallilattiakatto ei rasita eik\u00e4 vaikuta koko rakennuksen rakenteeseen.<\/p>\n<p>Tile Diamond Eco Plus on silmiinpist\u00e4v\u00e4 muoto. S\u00e4lien korkeus on 14mm. Kuten kaikki Blachotrapezin tuottamat kattolevyt, my\u00f6s Diamond Eco Plus -levyn varsinainen pariliitos on suuri, joka on 1120 &#8211; 1 200 mm.<\/p>\n<div class=\"moreProduct contenttab21\">\n<section>\n<div class=\"nag\">\n<p><strong>Tekinset tiedot<\/strong><\/p>\n<p>Kokonaisleveys: ~ 1200 mm<br \/>\nTehokas leveys: 1120 mm<br \/>\nValmiiden tuotteiden (ter\u00e4ksen) paksuus: 0,5 mm<br \/>\nValmiiden tuotteiden paksuus (alumiini): 0,6 mm<br \/>\nMuotikorkeus: 14 mm<br \/>\nProfiilin syvyys: 22 mm<br \/>\nModuulin pituus: 350\/400 mm<br \/>\nArkin v\u00e4himm\u00e4ispituus: 850\/950 mm<br \/>\nArkin enimm\u00e4ispituus: 5750 mm<br \/>\nPiki: 224 mm<\/p>\n<h3><a style=\"font-size: 16px;\" href=\"https:\/\/www.blachotrapez.eu\/files\/cke\/RysunkiTechniczne\/DiamentEpRT.jpg\" target=\"_blank\" rel=\"noopener noreferrer\"><img decoding=\"async\" src=\"https:\/\/www.blachotrapez.eu\/files\/cke\/RysunkiTechniczne\/DiamentEpRT.jpg\" alt=\"\" \/><\/a><\/h3>\n<\/div>\n<\/section>\n<\/div>\n<div class=\"moreProduct contenttab23\">\n<div class=\"line\"><\/div>\n<section>\n<div class=\"nag\">\n<div class=\"lineInner\"><\/div>\n<h3>V\u00e4rit<\/h3>\n<\/div>\n<p><img decoding=\"async\" src=\"https:\/\/www.blachotrapez.eu\/files\/cke\/kolory\/icecrystal.png\" alt=\"\" \/>\u00a0<img decoding=\"async\" src=\"https:\/\/www.blachotrapez.eu\/files\/cke\/kolory\/wrinklemattk.png\" alt=\"\" \/>\u00a0<img decoding=\"async\" src=\"https:\/\/www.blachotrapez.eu\/files\/cke\/kolory\/superiorhb.png\" alt=\"\" \/>\u00a0<img decoding=\"async\" src=\"https:\/\/www.blachotrapez.eu\/files\/cke\/kolory\/hps2000ultra.png\" alt=\"\" \/>\u00a0<img decoding=\"async\" src=\"https:\/\/www.blachotrapez.eu\/files\/cke\/kolory\/ral.png\" alt=\"\" \/>\u00a0<img decoding=\"async\" src=\"https:\/\/www.blachotrapez.eu\/files\/cke\/kolory\/ralpremiumtk.png\" alt=\"\" \/>\u00a0<img decoding=\"async\" src=\"https:\/\/www.blachotrapez.eu\/files\/cke\/Colors\/innea.png\" alt=\"\" \/>\u00a0<img decoding=\"async\" src=\"https:\/\/www.blachotrapez.eu\/files\/cke\/kolory\/MATPLUS.png\" alt=\"\" \/><\/p>\n<div>Erilaisten n\u00e4ytt\u00f6asetusten vuoksi v\u00e4rit voivat poiketa todellisuudesta, mink\u00e4 vuoksi v\u00e4rit ovat likim\u00e4\u00e4r\u00e4isi\u00e4.<br \/>\nN\u00e4ytteiden v\u00e4rit ovat tuotantotoleranssien alaisia ja voivat hieman poiketa rakennusty\u00f6maalle toimitetusta materiaalista.<\/div>\n<\/section>\n<\/div>\n","protected":false},"excerpt":{"rendered":"<p>Metallilaatta on yksi yleisimmist\u00e4 ratkaisuista asuin-, sakraali- ja julkisissa rakennuksissa. T\u00e4ysin automatisoitu tuotantoprosessi mahdollistaa metallilevyjen leikkaamisen vaaditulle pituudelle ja siten ep\u00e4tavallisimpien tilausten toimittamiselle ja j\u00e4tteen v\u00e4hent\u00e4miselle. Blachotrapez tarjoaa yli kymmenen v\u00e4rin metallilaattoja, jotka on p\u00e4\u00e4llystetty polyesterill\u00e4, Pladur\u00ae Eco Protect ThyssenKruppilla, alumiinilla ja Colorcoat HP2000\u00ae Ultra -lakalla. Metallilevyjen kevyys on niiden erityinen etu. 1 neli\u00f6metri\u00e4 metallilevy\u00e4 painaa noin. 4,5 kg. Kevyyden ansiosta metallilattiakatto ei rasita eik\u00e4 vaikuta koko rakennuksen rakenteeseen.<\/p>\n","protected":false},"featured_media":3955,"comment_status":"open","ping_status":"closed","template":"","meta":{"_acf_changed":false},"factory":[],"free-shipment":[],"product_brand":[],"product_cat":[470,475],"product_tag":[527],"class_list":{"0":"post-3954","1":"product","2":"type-product","3":"status-publish","4":"has-post-thumbnail","6":"product_cat-roof-fi","7":"product_cat-sheets-fi","8":"product_tag-roof-sheets-fi","10":"first","11":"instock","12":"sale","13":"taxable","14":"shipping-taxable","15":"purchasable","16":"product-type-simple"},"acf":[],"_links":{"self":[{"href":"https:\/\/factory.sale\/fi\/wp-json\/wp\/v2\/product\/3954","targetHints":{"allow":["GET"]}}],"collection":[{"href":"https:\/\/factory.sale\/fi\/wp-json\/wp\/v2\/product"}],"about":[{"href":"https:\/\/factory.sale\/fi\/wp-json\/wp\/v2\/types\/product"}],"replies":[{"embeddable":true,"href":"https:\/\/factory.sale\/fi\/wp-json\/wp\/v2\/comments?post=3954"}],"wp:featuredmedia":[{"embeddable":true,"href":"https:\/\/factory.sale\/fi\/wp-json\/wp\/v2\/media\/3955"}],"wp:attachment":[{"href":"https:\/\/factory.sale\/fi\/wp-json\/wp\/v2\/media?parent=3954"}],"wp:term":[{"taxonomy":"factory","embeddable":true,"href":"https:\/\/factory.sale\/fi\/wp-json\/wp\/v2\/factory?post=3954"},{"taxonomy":"free-shipment","embeddable":true,"href":"https:\/\/factory.sale\/fi\/wp-json\/wp\/v2\/free-shipment?post=3954"},{"taxonomy":"product_brand","embeddable":true,"href":"https:\/\/factory.sale\/fi\/wp-json\/wp\/v2\/product_brand?post=3954"},{"taxonomy":"product_cat","embeddable":true,"href":"https:\/\/factory.sale\/fi\/wp-json\/wp\/v2\/product_cat?post=3954"},{"taxonomy":"product_tag","embeddable":true,"href":"https:\/\/factory.sale\/fi\/wp-json\/wp\/v2\/product_tag?post=3954"}],"curies":[{"name":"wp","href":"https:\/\/api.w.org\/{rel}","templated":true}]}}