{"id":3952,"date":"2019-11-09T14:23:14","date_gmt":"2019-11-09T14:23:14","guid":{"rendered":"https:\/\/factory.sale\/product\/germania-simetric\/"},"modified":"2024-06-27T21:18:42","modified_gmt":"2024-06-27T21:18:42","slug":"blachotrapez-saksan-simetric-2","status":"publish","type":"product","link":"https:\/\/factory.sale\/fi\/tuote\/blachotrapez-saksan-simetric-2\/","title":{"rendered":"BLACHOTRAPEZ SAKSAN SIMETRIC"},"content":{"rendered":"<p>Metallilaatta on yksi yleisimmist\u00e4 ratkaisuista asuin-, sakraali- ja julkisissa rakennuksissa. T\u00e4ysin automatisoitu tuotantoprosessi mahdollistaa metallilevyjen leikkaamisen vaaditulle pituudelle ja siten ep\u00e4tavallisimpien tilausten toimittamiselle ja j\u00e4tteen v\u00e4hent\u00e4miselle. Blachotrapez tarjoaa yli kymmenen eri v\u00e4rin metallilaattoja, jotka on p\u00e4\u00e4llystetty polyesterill\u00e4, Pladur\u00ae Eco Protect ThyssenKruppilla, alumiinilla ja Colorcoat HP2000\u00ae Ultra -lakalla. Metallilevyjen kevyys on niiden erityinen etu. 1 neli\u00f6metri\u00e4 metallilevy\u00e4 painaa noin. 4,5 kg. Kevyyden ansiosta metallilattiakatto ei rasita eik\u00e4 vaikuta koko rakennuksen rakenteeseen.<\/p>\n<p>Ainutlaatuiset, kolminkertaiset vaijerit takaavat arkin paremman j\u00e4ykkyyden ja alttiuden ty\u00f6st\u00f6lle.<br \/>\nProfiloidut kulmat tekev\u00e4t levyjen ihanteellisesta sovittamisesta sek\u00e4 yksinkertaista ett\u00e4 k\u00e4tev\u00e4\u00e4.<\/p>\n<p><strong>Tekniset tiedot<\/strong><\/p>\n<p>Kokonaisleveys: ~ 1215 mm<br \/>\nTehokas leveys: 1120 mm<br \/>\nValmiin tuotteen (ter\u00e4ksen) paksuus: 0,5 mm<br \/>\nPiki: 224 mm<br \/>\nMuodostuksen korkeus: 25\/30 mm<br \/>\nProfiilin syvyys: 20 mm<br \/>\nModuulin pituus: 350 mm<br \/>\nArkin v\u00e4himm\u00e4ispituus: 720 mm<br \/>\nArkin enimm\u00e4ispituus: 5 970 mm<\/p>\n<p><a href=\"https:\/\/www.blachotrapez.eu\/files\/cke\/RysunkiTechniczne\/GermaniaRT.jpg\" target=\"_blank\" rel=\"noopener noreferrer\"><img decoding=\"async\" src=\"https:\/\/www.blachotrapez.eu\/files\/cke\/RysunkiTechniczne\/GermaniaRT.jpg\" alt=\"\" \/><\/a><\/p>\n<div>\n<div class=\"moreProduct contenttab23\">\n<section>\n<div class=\"moreProduct contenttab23\">\n<div class=\"line\"><\/div>\n<section>\n<div class=\"nag\">\n<div class=\"lineInner\"><\/div>\n<h3>V\u00e4ri<\/h3>\n<\/div>\n<p><img decoding=\"async\" src=\"https:\/\/www.blachotrapez.eu\/files\/cke\/kolory\/icecrystal.png\" alt=\"\" \/>\u00a0<img decoding=\"async\" src=\"https:\/\/www.blachotrapez.eu\/files\/cke\/kolory\/wrinklemattk.png\" alt=\"\" \/>\u00a0<img decoding=\"async\" src=\"https:\/\/www.blachotrapez.eu\/files\/cke\/kolory\/superiorhb.png\" alt=\"\" \/>\u00a0<img decoding=\"async\" src=\"https:\/\/www.blachotrapez.eu\/files\/cke\/kolory\/hps2000ultra.png\" alt=\"\" \/>\u00a0<img decoding=\"async\" src=\"https:\/\/www.blachotrapez.eu\/files\/cke\/kolory\/ral.png\" alt=\"\" \/>\u00a0<img decoding=\"async\" src=\"https:\/\/www.blachotrapez.eu\/files\/cke\/kolory\/ralpremiumtk.png\" alt=\"\" \/>\u00a0<img decoding=\"async\" src=\"https:\/\/www.blachotrapez.eu\/files\/cke\/kolory\/MATPLUS.png\" alt=\"\" \/><\/p>\n<div>Erilaisten n\u00e4ytt\u00f6asetusten vuoksi v\u00e4rit voivat poiketa todellisuudesta, mink\u00e4 vuoksi v\u00e4rit ovat likim\u00e4\u00e4r\u00e4isi\u00e4.<br \/>\nN\u00e4ytteiden v\u00e4rit ovat tuotantotoleranssien alaisia ja voivat hieman poiketa rakennusty\u00f6maalle toimitetusta materiaalista.<\/div>\n<\/section>\n<\/div>\n<\/section>\n<\/div>\n<div class=\"moreProduct contenttab24\">\n<div class=\"line\"><\/div>\n<section>\n<div class=\"nag\"><\/div>\n<\/section>\n<\/div>\n<\/div>\n<p>&nbsp;<\/p>\n","protected":false},"excerpt":{"rendered":"<p>Metallilaatta on yksi yleisimmist\u00e4 ratkaisuista asuin-, sakraali- ja julkisissa rakennuksissa. T\u00e4ysin automatisoitu tuotantoprosessi mahdollistaa metallilevyjen leikkaamisen vaaditulle pituudelle ja siten ep\u00e4tavallisimpien tilausten toimittamiselle ja j\u00e4tteen v\u00e4hent\u00e4miselle. Blachotrapez tarjoaa yli kymmenen v\u00e4rin metallilaattoja, jotka on p\u00e4\u00e4llystetty polyesterill\u00e4, Pladur\u00ae Eco Protect ThyssenKruppilla, alumiinilla ja Colorcoat HP2000\u00ae Ultra -lakalla. Metallilevyjen kevyys on niiden erityinen etu. 1 neli\u00f6metri\u00e4 metallilevy\u00e4 painaa noin. 4,5 kg. Kevyyden ansiosta metallilattiakatto ei rasita eik\u00e4 vaikuta koko rakennuksen rakenteeseen.<\/p>\n","protected":false},"featured_media":3953,"comment_status":"open","ping_status":"closed","template":"","meta":{"_acf_changed":false},"factory":[],"free-shipment":[],"product_brand":[],"product_cat":[470,475],"product_tag":[527],"class_list":{"0":"post-3952","1":"product","2":"type-product","3":"status-publish","4":"has-post-thumbnail","6":"product_cat-roof-fi","7":"product_cat-sheets-fi","8":"product_tag-roof-sheets-fi","10":"first","11":"instock","12":"sale","13":"taxable","14":"shipping-taxable","15":"purchasable","16":"product-type-simple"},"acf":[],"_links":{"self":[{"href":"https:\/\/factory.sale\/fi\/wp-json\/wp\/v2\/product\/3952","targetHints":{"allow":["GET"]}}],"collection":[{"href":"https:\/\/factory.sale\/fi\/wp-json\/wp\/v2\/product"}],"about":[{"href":"https:\/\/factory.sale\/fi\/wp-json\/wp\/v2\/types\/product"}],"replies":[{"embeddable":true,"href":"https:\/\/factory.sale\/fi\/wp-json\/wp\/v2\/comments?post=3952"}],"wp:featuredmedia":[{"embeddable":true,"href":"https:\/\/factory.sale\/fi\/wp-json\/wp\/v2\/media\/3953"}],"wp:attachment":[{"href":"https:\/\/factory.sale\/fi\/wp-json\/wp\/v2\/media?parent=3952"}],"wp:term":[{"taxonomy":"factory","embeddable":true,"href":"https:\/\/factory.sale\/fi\/wp-json\/wp\/v2\/factory?post=3952"},{"taxonomy":"free-shipment","embeddable":true,"href":"https:\/\/factory.sale\/fi\/wp-json\/wp\/v2\/free-shipment?post=3952"},{"taxonomy":"product_brand","embeddable":true,"href":"https:\/\/factory.sale\/fi\/wp-json\/wp\/v2\/product_brand?post=3952"},{"taxonomy":"product_cat","embeddable":true,"href":"https:\/\/factory.sale\/fi\/wp-json\/wp\/v2\/product_cat?post=3952"},{"taxonomy":"product_tag","embeddable":true,"href":"https:\/\/factory.sale\/fi\/wp-json\/wp\/v2\/product_tag?post=3952"}],"curies":[{"name":"wp","href":"https:\/\/api.w.org\/{rel}","templated":true}]}}