{"id":3950,"date":"2019-11-09T14:29:58","date_gmt":"2019-11-09T14:29:58","guid":{"rendered":"https:\/\/factory.sale\/product\/t-18-roof\/"},"modified":"2024-06-30T18:57:05","modified_gmt":"2024-06-30T18:57:05","slug":"t-18-katto","status":"publish","type":"product","link":"https:\/\/factory.sale\/fi\/tuote\/t-18-katto\/","title":{"rendered":"T-18 KATTO"},"content":{"rendered":"<p>Karkaistu kattolevy on eritt\u00e4in hyv\u00e4 ratkaisu oman yksinkertaisuutensa ja selke\u00e4n muotonsa ansiosta. Sen avulla pystyt\u00e4\u00e4n rakentamaan vaikuttavia rakenteita, jotka rikkovat perinteisen jaon katon ja julkisivun v\u00e4lill\u00e4. Laajan arkin paksuusalueen 0,5 &#8211; 1,25 mm, r\u00e4\u00e4t\u00e4l\u00f6ityjen leikkuupalvelujen ja runsaan v\u00e4rivalikoiman ansiosta sen sovellukset ovat rajattomat. T\u00e4rke\u00e4n\u00e4 ominaisuutena sen j\u00e4ykkyys ja kest\u00e4vyys m\u00e4\u00e4r\u00e4ytyv\u00e4t profiilin korkeuden mukaan. Pienille ja keskisuurille rakennuksille suosittelemme seuraavia karkaistulevyprofiileja: T8, T14 plus, T18, T18 plus, T35, T35 plus, T50, T55, T55 plus, T60. T90- ja T135-levyt on tarkoitettu suuriin kaupallisiin tiloihin tai tuotantohalliin.<\/p>\n<div class=\"moreProduct contenttab21\">\n<section>\n<div class=\"nag\">\n<p><strong>Tekniset tiedot<\/strong><\/p>\n<p>Kokonaisleveys: 1160 mm<br \/>\nPeittoleveys: 1123 mm<br \/>\nArkin paksuus: 0,5\u20130,75 mm<br \/>\nSuositeltava pituus: enint\u00e4\u00e4n 10 MB<br \/>\nProfiilin korkeus: 17,5 mm<\/p>\n<\/div>\n<\/section>\n<\/div>\n<div class=\"moreProduct contenttab23\">\n<section>\n<div class=\"nag\">\n<div class=\"lineInner\"><\/div>\n<h3>V\u00e4ri<\/h3>\n<\/div>\n<div><img loading=\"lazy\" decoding=\"async\" class=\"fullWidth alignnone\" src=\"https:\/\/www.blachotrapez.eu\/files\/cke\/kolory\/kolorywww1.jpg\" alt=\"\" width=\"1200\" height=\"965\" \/><\/div>\n<\/section>\n<\/div>\n","protected":false},"excerpt":{"rendered":"<p>Karkaistu kattolevy on eritt\u00e4in hyv\u00e4 ratkaisu oman yksinkertaisuutensa ja selke\u00e4n muotonsa ansiosta. Sen avulla pystyt\u00e4\u00e4n rakentamaan vaikuttavia rakenteita, jotka rikkovat perinteisen jaon katon ja julkisivun v\u00e4lill\u00e4. Laajan arkin paksuusalueen 0,5 &#8211; 1,25 mm, r\u00e4\u00e4t\u00e4l\u00f6ityjen leikkuupalvelujen ja runsaan v\u00e4rivalikoiman ansiosta sen sovellukset ovat rajattomat. T\u00e4rke\u00e4n\u00e4 ominaisuutena sen j\u00e4ykkyys ja kest\u00e4vyys m\u00e4\u00e4r\u00e4ytyv\u00e4t profiilin korkeuden mukaan. Pienille ja keskisuurille rakennuksille suosittelemme seuraavia karkaistulevyprofiileja: T8, T14 plus, T18, T18 plus, T35, T35 plus, T50, T55, T55 plus, T60. T90- ja T135-levyt on tarkoitettu suuriin kaupallisiin tiloihin tai tuotantohalliin.<\/p>\n","protected":false},"featured_media":3951,"comment_status":"open","ping_status":"closed","template":"","meta":{"_acf_changed":false},"factory":[],"free-shipment":[],"product_brand":[],"product_cat":[470,475],"product_tag":[527],"class_list":{"0":"post-3950","1":"product","2":"type-product","3":"status-publish","4":"has-post-thumbnail","6":"product_cat-roof-fi","7":"product_cat-sheets-fi","8":"product_tag-roof-sheets-fi","10":"first","11":"instock","12":"sale","13":"taxable","14":"shipping-taxable","15":"purchasable","16":"product-type-simple"},"acf":[],"_links":{"self":[{"href":"https:\/\/factory.sale\/fi\/wp-json\/wp\/v2\/product\/3950","targetHints":{"allow":["GET"]}}],"collection":[{"href":"https:\/\/factory.sale\/fi\/wp-json\/wp\/v2\/product"}],"about":[{"href":"https:\/\/factory.sale\/fi\/wp-json\/wp\/v2\/types\/product"}],"replies":[{"embeddable":true,"href":"https:\/\/factory.sale\/fi\/wp-json\/wp\/v2\/comments?post=3950"}],"wp:featuredmedia":[{"embeddable":true,"href":"https:\/\/factory.sale\/fi\/wp-json\/wp\/v2\/media\/3951"}],"wp:attachment":[{"href":"https:\/\/factory.sale\/fi\/wp-json\/wp\/v2\/media?parent=3950"}],"wp:term":[{"taxonomy":"factory","embeddable":true,"href":"https:\/\/factory.sale\/fi\/wp-json\/wp\/v2\/factory?post=3950"},{"taxonomy":"free-shipment","embeddable":true,"href":"https:\/\/factory.sale\/fi\/wp-json\/wp\/v2\/free-shipment?post=3950"},{"taxonomy":"product_brand","embeddable":true,"href":"https:\/\/factory.sale\/fi\/wp-json\/wp\/v2\/product_brand?post=3950"},{"taxonomy":"product_cat","embeddable":true,"href":"https:\/\/factory.sale\/fi\/wp-json\/wp\/v2\/product_cat?post=3950"},{"taxonomy":"product_tag","embeddable":true,"href":"https:\/\/factory.sale\/fi\/wp-json\/wp\/v2\/product_tag?post=3950"}],"curies":[{"name":"wp","href":"https:\/\/api.w.org\/{rel}","templated":true}]}}