{"id":3946,"date":"2019-11-09T15:22:08","date_gmt":"2019-11-09T15:22:08","guid":{"rendered":"https:\/\/factory.sale\/product\/blachotrapez-roof-panel-retro-25\/"},"modified":"2024-06-25T19:57:00","modified_gmt":"2024-06-25T19:57:00","slug":"blachotrapez-kattopaneeli-retro-25","status":"publish","type":"product","link":"https:\/\/factory.sale\/fi\/tuote\/blachotrapez-kattopaneeli-retro-25\/","title":{"rendered":"BLACHOTRAPEZ KATTOPANEELI RETRO 25"},"content":{"rendered":"<p>Perinteinen ulkon\u00e4k\u00f6 ja moderni paneeli, jolla on seisova sauma. Suositellaan p\u00e4\u00e4asiassa historiallisten ja sakraalien rakennusten sek\u00e4 uusien kerrostalojen, nykyaikaisten yksitt\u00e4isten talojen tai julkisten rakennusten korjausprojekteihin. Nopean ja helpon asennuksen ansiosta tuotteemme on parempi kuin kaksoissaumalla varustetut levyt ja parantuneen j\u00e4ykkyyden ansiosta se voidaan asettaa suoraan kattolevyille (ei tarvita ylim\u00e4\u00e4r\u00e4isi\u00e4 kattolevyj\u00e4 tai -levyj\u00e4). N\u00e4iden etujen ansiosta sit\u00e4 voidaan k\u00e4ytt\u00e4\u00e4 my\u00f6s sein\u00e4paneelina, joka toimii erityisen\u00e4 julkisivun viimeistelyn\u00e4 vaaka- tai pystysuunnassa. Erityisell\u00e4 napsautuslukolla paneelit voidaan kiinnitt\u00e4\u00e4 nopeasti ja tiukasti ilman lis\u00e4varusteita. Lis\u00e4ksi kiinnitysreikien sijainnin vuoksi kiinnitysruuvit peitet\u00e4\u00e4n vierekk\u00e4isell\u00e4 paneelilla saumaa pitkin. Paneelien kokoonpanossa voidaan k\u00e4ytt\u00e4\u00e4 kiinnitys- tai itsekelausruuveja, p\u00e4\u00e4n koko 4,2z25mm. Ruuvien lukum\u00e4\u00e4r\u00e4 &#8211; 4 kpl \/ m3. Tuloksena syntyy siisti saumaton kattop\u00e4\u00e4llyste.<\/p>\n<div class=\"moreProduct contenttab21\">\n<section>\n<div class=\"nag\">\n<p><strong>Tekniset tiedot<\/strong><\/p>\n<p>Kokonaisleveys: ~ 239 \/ ~ 340 \/ ~ 554 mm<br \/>\nPeitteen leveys: 209\/309\/521 mm<br \/>\nValmiin tuotteen (ter\u00e4ksen) paksuus: 0,5 mm<br \/>\nValmiin tuotteen (alumiinin) paksuus: 0,6 mm<br \/>\nSuositeltava pituus: enint\u00e4\u00e4n 8 Mt<br \/>\nWeltin korkeus: 25 mm<br \/>\nClik-korkeus: 19 mm<\/p>\n<h3><a style=\"font-size: 16px;\" href=\"https:\/\/www.blachotrapez.eu\/files\/cke\/RysunkiTechniczne\/Panel25RT.jpg\" target=\"_blank\" rel=\"noopener noreferrer\"><img decoding=\"async\" src=\"https:\/\/www.blachotrapez.eu\/files\/cke\/RysunkiTechniczne\/Panel25RT.jpg\" alt=\"\" \/><\/a><\/h3>\n<\/div>\n<\/section>\n<\/div>\n<div class=\"moreProduct contenttab23\">\n<div class=\"line\"><\/div>\n<section>\n<div class=\"nag\">\n<div class=\"lineInner\"><\/div>\n<h3>Colour<\/h3>\n<\/div>\n<p><img decoding=\"async\" src=\"https:\/\/www.blachotrapez.eu\/files\/cke\/kolory\/icecrystal.png\" alt=\"\" \/>\u00a0<img decoding=\"async\" src=\"https:\/\/www.blachotrapez.eu\/files\/cke\/kolory\/wrinklemattk.png\" alt=\"\" \/>\u00a0<img decoding=\"async\" src=\"https:\/\/www.blachotrapez.eu\/files\/cke\/kolory\/superiorhb.png\" alt=\"\" \/>\u00a0<img decoding=\"async\" src=\"https:\/\/www.blachotrapez.eu\/files\/cke\/kolory\/hps2000ultra.png\" alt=\"\" \/>\u00a0<img decoding=\"async\" src=\"https:\/\/www.blachotrapez.eu\/files\/cke\/kolory\/ral.png\" alt=\"\" \/>\u00a0<img decoding=\"async\" src=\"https:\/\/www.blachotrapez.eu\/files\/cke\/kolory\/ralpremiumtk.png\" alt=\"\" \/>\u00a0<img decoding=\"async\" src=\"https:\/\/www.blachotrapez.eu\/files\/cke\/Colors\/innea.png\" alt=\"\" \/><\/p>\n<div>Erilaisten n\u00e4ytt\u00f6asetusten vuoksi v\u00e4rit voivat poiketa todellisuudesta, mink\u00e4 vuoksi v\u00e4rit ovat likim\u00e4\u00e4r\u00e4isi\u00e4.<br \/>\nN\u00e4ytteiden v\u00e4rit ovat tuotantotoleranssien alaisia ja voivat hieman poiketa rakennusty\u00f6maalle toimitetusta materiaalista.<\/div>\n<\/section>\n<\/div>\n<div class=\"moreProduct contenttab24\">\n<div class=\"line\"><\/div>\n<section>\n<div class=\"nag\"><\/div>\n<\/section>\n<\/div>\n","protected":false},"excerpt":{"rendered":"<p>Perinteinen ulkon\u00e4k\u00f6 ja moderni paneeli, jolla on seisova sauma. Suositellaan p\u00e4\u00e4asiassa historiallisten ja sakraalien rakennusten sek\u00e4 uusien kerrostalojen, nykyaikaisten yksitt\u00e4isten talojen tai julkisten rakennusten korjausprojekteihin. Nopean ja helpon asennuksen ansiosta tuotteemme on parempi kuin kaksoissaumalla varustetut levyt ja parantuneen j\u00e4ykkyyden ansiosta se voidaan asettaa suoraan kattolevyille (ei tarvita ylim\u00e4\u00e4r\u00e4isi\u00e4 kattolevyj\u00e4 tai -levyj\u00e4). N\u00e4iden etujen ansiosta sit\u00e4 voidaan k\u00e4ytt\u00e4\u00e4 my\u00f6s sein\u00e4paneelina, joka toimii erityisen\u00e4 julkisivun viimeistelyn\u00e4 vaaka- tai pystysuunnassa. Erityisell\u00e4 napsautuslukolla paneelit voidaan kiinnitt\u00e4\u00e4 nopeasti ja tiukasti ilman lis\u00e4varusteita. Lis\u00e4ksi kiinnitysreikien sijainnin vuoksi kiinnitysruuvit peitet\u00e4\u00e4n vierekk\u00e4isell\u00e4 paneelilla saumaa pitkin. Paneelien kokoonpanossa voidaan k\u00e4ytt\u00e4\u00e4 kiinnitys- tai itsekelausruuveja, p\u00e4\u00e4n koko 4,2z25mm. Ruuvien lukum\u00e4\u00e4r\u00e4 &#8211; 4 kpl \/ m3. Tuloksena syntyy siisti saumaton kattop\u00e4\u00e4llyste.<\/p>\n","protected":false},"featured_media":3947,"comment_status":"open","ping_status":"closed","template":"","meta":{"_acf_changed":false},"factory":[],"free-shipment":[],"product_brand":[],"product_cat":[470,473],"product_tag":[526],"class_list":{"0":"post-3946","1":"product","2":"type-product","3":"status-publish","4":"has-post-thumbnail","6":"product_cat-roof-fi","7":"product_cat-panels-fi","8":"product_tag-roof-panels-fi","10":"first","11":"instock","12":"sale","13":"taxable","14":"shipping-taxable","15":"purchasable","16":"product-type-simple"},"acf":[],"_links":{"self":[{"href":"https:\/\/factory.sale\/fi\/wp-json\/wp\/v2\/product\/3946","targetHints":{"allow":["GET"]}}],"collection":[{"href":"https:\/\/factory.sale\/fi\/wp-json\/wp\/v2\/product"}],"about":[{"href":"https:\/\/factory.sale\/fi\/wp-json\/wp\/v2\/types\/product"}],"replies":[{"embeddable":true,"href":"https:\/\/factory.sale\/fi\/wp-json\/wp\/v2\/comments?post=3946"}],"wp:featuredmedia":[{"embeddable":true,"href":"https:\/\/factory.sale\/fi\/wp-json\/wp\/v2\/media\/3947"}],"wp:attachment":[{"href":"https:\/\/factory.sale\/fi\/wp-json\/wp\/v2\/media?parent=3946"}],"wp:term":[{"taxonomy":"factory","embeddable":true,"href":"https:\/\/factory.sale\/fi\/wp-json\/wp\/v2\/factory?post=3946"},{"taxonomy":"free-shipment","embeddable":true,"href":"https:\/\/factory.sale\/fi\/wp-json\/wp\/v2\/free-shipment?post=3946"},{"taxonomy":"product_brand","embeddable":true,"href":"https:\/\/factory.sale\/fi\/wp-json\/wp\/v2\/product_brand?post=3946"},{"taxonomy":"product_cat","embeddable":true,"href":"https:\/\/factory.sale\/fi\/wp-json\/wp\/v2\/product_cat?post=3946"},{"taxonomy":"product_tag","embeddable":true,"href":"https:\/\/factory.sale\/fi\/wp-json\/wp\/v2\/product_tag?post=3946"}],"curies":[{"name":"wp","href":"https:\/\/api.w.org\/{rel}","templated":true}]}}