{"id":3938,"date":"2019-11-09T15:38:01","date_gmt":"2019-11-09T15:38:01","guid":{"rendered":"https:\/\/factory.sale\/product\/blahotrapez-windowsills-ribbed-and-bevelled\/"},"modified":"2024-06-27T19:10:23","modified_gmt":"2024-06-27T19:10:23","slug":"blachotrapez-aknalauad-soonikkoes-ja-langus","status":"publish","type":"product","link":"https:\/\/factory.sale\/fi\/tuote\/blachotrapez-aknalauad-soonikkoes-ja-langus\/","title":{"rendered":"BLACHOTRAPEZ IKKUNALAUDAT &#8211; KOHOJUOVAISET JA VIISTOT"},"content":{"rendered":"<p>Tarjoamme ikkunalaudat, jotka on valmistettu p\u00e4\u00e4llystetyist\u00e4 ter\u00e4s- ja alumiinilevyist\u00e4. Ikkunalaudat voidaan asentaa kaikenlaisiin ikkunoihin. Ne ovat tyylikk\u00e4it\u00e4 ja kest\u00e4vi\u00e4 (kest\u00e4v\u00e4t my\u00f6s s\u00e4\u00e4olosuhteet). Oikein asennettuna ne suojaavat rakennusten julkisivuja ja varmistavat veden oikean virtauksen. Ne pit\u00e4v\u00e4t kosteutta ja kest\u00e4v\u00e4t kotitalouspesuaineet; ne ovat palamattomia ja helppo asentaa. Standardimme mukaan ne on valmistettu 25, 31 ja 41 cm leveist\u00e4 levyhihnoista (muut leveydet saatavana pyynn\u00f6st\u00e4).<\/p>\n<ul>\n<li>Enimm\u00e4ism\u00e4\u00e4r\u00e4 pituus &#8211; 3m<\/li>\n<li>Arkin paksuus &#8211; 0,5\u20130,7 mm<\/li>\n<\/ul>\n<p>Lis\u00e4varusteena on PVC-p\u00e4\u00e4n p\u00e4\u00e4ty (tulpat) hyv\u00e4n pinnan varmistamiseksi.<\/p>\n<p>Ikkunalaudat on p\u00e4\u00e4llystetty suojakalvolla.<\/p>\n<div class=\"nag\">\n<h3>V\u00e4ri<\/h3>\n<\/div>\n<div><img loading=\"lazy\" decoding=\"async\" class=\"fullWidth alignnone\" src=\"https:\/\/www.blachotrapez.eu\/files\/cke\/kolory\/color_blachotrapez_www_ENG.jpg\" alt=\"\" width=\"1200\" height=\"965\" \/><\/div>\n","protected":false},"excerpt":{"rendered":"<p>Tarjoamme ikkunalaudat, jotka on valmistettu p\u00e4\u00e4llystetyist\u00e4 ter\u00e4s- ja alumiinilevyist\u00e4. Ikkunalaudat voidaan asentaa kaikenlaisiin ikkunoihin. Ne ovat tyylikk\u00e4it\u00e4 ja kest\u00e4vi\u00e4 (kest\u00e4v\u00e4t my\u00f6s s\u00e4\u00e4olosuhteet). Oikein asennettuna ne suojaavat rakennusten julkisivuja ja varmistavat veden oikean virtauksen. Ne pit\u00e4v\u00e4t kosteutta ja kest\u00e4v\u00e4t kotitalouspesuaineet; ne ovat palamattomia ja helppo asentaa. Standardimme mukaan ne on valmistettu 25, 31 ja 41 cm leveist\u00e4 levyhihnoista (muut leveydet saatavana pyynn\u00f6st\u00e4).<\/p>\n","protected":false},"featured_media":3939,"comment_status":"open","ping_status":"closed","template":"","meta":{"_acf_changed":false},"factory":[],"free-shipment":[],"product_brand":[],"product_cat":[491,491,492,492],"product_tag":[534,534],"class_list":{"0":"post-3938","1":"product","2":"type-product","3":"status-publish","4":"has-post-thumbnail","6":"product_cat-ikkunalaudat","8":"product_cat-sills-fi","10":"product_tag-windowsills-fi","13":"first","14":"instock","15":"sale","16":"taxable","17":"shipping-taxable","18":"purchasable","19":"product-type-simple"},"acf":[],"_links":{"self":[{"href":"https:\/\/factory.sale\/fi\/wp-json\/wp\/v2\/product\/3938","targetHints":{"allow":["GET"]}}],"collection":[{"href":"https:\/\/factory.sale\/fi\/wp-json\/wp\/v2\/product"}],"about":[{"href":"https:\/\/factory.sale\/fi\/wp-json\/wp\/v2\/types\/product"}],"replies":[{"embeddable":true,"href":"https:\/\/factory.sale\/fi\/wp-json\/wp\/v2\/comments?post=3938"}],"wp:featuredmedia":[{"embeddable":true,"href":"https:\/\/factory.sale\/fi\/wp-json\/wp\/v2\/media\/3939"}],"wp:attachment":[{"href":"https:\/\/factory.sale\/fi\/wp-json\/wp\/v2\/media?parent=3938"}],"wp:term":[{"taxonomy":"factory","embeddable":true,"href":"https:\/\/factory.sale\/fi\/wp-json\/wp\/v2\/factory?post=3938"},{"taxonomy":"free-shipment","embeddable":true,"href":"https:\/\/factory.sale\/fi\/wp-json\/wp\/v2\/free-shipment?post=3938"},{"taxonomy":"product_brand","embeddable":true,"href":"https:\/\/factory.sale\/fi\/wp-json\/wp\/v2\/product_brand?post=3938"},{"taxonomy":"product_cat","embeddable":true,"href":"https:\/\/factory.sale\/fi\/wp-json\/wp\/v2\/product_cat?post=3938"},{"taxonomy":"product_tag","embeddable":true,"href":"https:\/\/factory.sale\/fi\/wp-json\/wp\/v2\/product_tag?post=3938"}],"curies":[{"name":"wp","href":"https:\/\/api.w.org\/{rel}","templated":true}]}}