{"id":3932,"date":"2019-11-09T15:45:36","date_gmt":"2019-11-09T15:45:36","guid":{"rendered":"https:\/\/factory.sale\/product\/blachotrapez-roof-fittings-profiled-sprocket\/"},"modified":"2024-07-07T20:47:55","modified_gmt":"2024-07-07T20:47:55","slug":"blachotrapez-kattoyhde-profiloitu-hammas","status":"publish","type":"product","link":"https:\/\/factory.sale\/fi\/tuote\/blachotrapez-kattoyhde-profiloitu-hammas\/","title":{"rendered":"BLACHOTRAPEZ KATTOYHDE &#8211; PROFILOITU HAMMAS"},"content":{"rendered":"<p>Kattoyhteet ovat v\u00e4ltt\u00e4m\u00e4tt\u00f6mi\u00e4 elementtej\u00e4 jokaisessa oikein viimeisteltyss\u00e4 katossa. Ne est\u00e4v\u00e4t vuodot ja tulvat ja antavat siistin pinnan. Profiloitu ketju &#8211; uraauurtava tekniikka. Automatisoitu tuotanto, helppo asennus. Ei ter\u00e4vi\u00e4 reunoja &#8211; ei maalivaurioita. Profiilituista reunoista ja pitkitt\u00e4isest\u00e4 ontosta johtuen sill\u00e4 on eritt\u00e4in j\u00e4ykk\u00e4 rakenne. Sen yleinen muoto sopii kaikenlaisiin kattolevyihin ja karkaistuihin levyihin.<\/p>\n<p><img decoding=\"async\" src=\"https:\/\/www.blachotrapez.eu\/files\/cke\/produkty\/obrobkien3.png\" alt=\"\" \/><\/p>\n<p>Jokainen kiinnityselementti on saatavana lavamme v\u00e4riss\u00e4. Vakiomittojen lis\u00e4ksi voimme toimittaa kaikki varusteet tarvittavaan kokoon r\u00e4\u00e4t\u00e4l\u00f6ityn\u00e4.<\/p>\n<p><img decoding=\"async\" src=\"https:\/\/www.blachotrapez.eu\/files\/cke\/produkty\/wymiarwiatrownica.png\" alt=\"\" \/><\/p>\n","protected":false},"excerpt":{"rendered":"<p>Kattoyhteet ovat v\u00e4ltt\u00e4m\u00e4tt\u00f6mi\u00e4 elementtej\u00e4 jokaisessa oikein viimeisteltyss\u00e4 katossa. Ne est\u00e4v\u00e4t vuodot ja tulvat ja antavat siistin pinnan. Profiloitu ketju &#8211; uraauurtava tekniikka. Automatisoitu tuotanto, helppo asennus. Ei ter\u00e4vi\u00e4 reunoja &#8211; ei maalivaurioita. Profiilituista reunoista ja pitkitt\u00e4isest\u00e4 ontosta johtuen sill\u00e4 on eritt\u00e4in j\u00e4ykk\u00e4 rakenne. Sen yleinen muoto sopii kaikenlaisiin kattolevyihin ja karkaistuihin levyihin.<\/p>\n","protected":false},"featured_media":3933,"comment_status":"open","ping_status":"closed","template":"","meta":{"_acf_changed":false},"factory":[],"free-shipment":[],"product_brand":[],"product_cat":[470,471],"product_tag":[525],"class_list":{"0":"post-3932","1":"product","2":"type-product","3":"status-publish","4":"has-post-thumbnail","6":"product_cat-roof-fi","7":"product_cat-fittings-fi","8":"product_tag-roof-fittings-fi","10":"first","11":"instock","12":"sale","13":"taxable","14":"shipping-taxable","15":"purchasable","16":"product-type-simple"},"acf":[],"_links":{"self":[{"href":"https:\/\/factory.sale\/fi\/wp-json\/wp\/v2\/product\/3932","targetHints":{"allow":["GET"]}}],"collection":[{"href":"https:\/\/factory.sale\/fi\/wp-json\/wp\/v2\/product"}],"about":[{"href":"https:\/\/factory.sale\/fi\/wp-json\/wp\/v2\/types\/product"}],"replies":[{"embeddable":true,"href":"https:\/\/factory.sale\/fi\/wp-json\/wp\/v2\/comments?post=3932"}],"wp:featuredmedia":[{"embeddable":true,"href":"https:\/\/factory.sale\/fi\/wp-json\/wp\/v2\/media\/3933"}],"wp:attachment":[{"href":"https:\/\/factory.sale\/fi\/wp-json\/wp\/v2\/media?parent=3932"}],"wp:term":[{"taxonomy":"factory","embeddable":true,"href":"https:\/\/factory.sale\/fi\/wp-json\/wp\/v2\/factory?post=3932"},{"taxonomy":"free-shipment","embeddable":true,"href":"https:\/\/factory.sale\/fi\/wp-json\/wp\/v2\/free-shipment?post=3932"},{"taxonomy":"product_brand","embeddable":true,"href":"https:\/\/factory.sale\/fi\/wp-json\/wp\/v2\/product_brand?post=3932"},{"taxonomy":"product_cat","embeddable":true,"href":"https:\/\/factory.sale\/fi\/wp-json\/wp\/v2\/product_cat?post=3932"},{"taxonomy":"product_tag","embeddable":true,"href":"https:\/\/factory.sale\/fi\/wp-json\/wp\/v2\/product_tag?post=3932"}],"curies":[{"name":"wp","href":"https:\/\/api.w.org\/{rel}","templated":true}]}}