{"id":3926,"date":"2019-11-09T15:55:03","date_gmt":"2019-11-09T15:55:03","guid":{"rendered":"https:\/\/factory.sale\/product\/blachotrapez-roof-fittings-normal-trough\/"},"modified":"2024-06-26T14:08:30","modified_gmt":"2024-06-26T14:08:30","slug":"blachotrapez-kattoyhde-normi-lapi","status":"publish","type":"product","link":"https:\/\/factory.sale\/fi\/tuote\/blachotrapez-kattoyhde-normi-lapi\/","title":{"rendered":"BLACHOTRAPEZ KATTOYHDE \u2013 NORMI L\u00c4PI"},"content":{"rendered":"<p>Kattoyhteet ovat v\u00e4ltt\u00e4m\u00e4tt\u00f6mi\u00e4 elementtej\u00e4 jokaisessa oikein viimeisteltyss\u00e4 katossa. Ne est\u00e4v\u00e4t vuodot ja tulvat ja antavat siistin pinnan. Innovatiivinen j\u00e4rjestelm\u00e4 syv\u00e4st\u00e4 muotoilusta yhdest\u00e4 arkista ilman saumoja. Pinnan laadun takaa korkealaatuinen jauhemaalaus Noble-br\u00e4ndimaaleilla. Jokainen asennuselementti on saatavana lavan v\u00e4riss\u00e4. Vakiomittojen lis\u00e4ksi voimme toimittaa kaikki tarvikkeet, jotka on r\u00e4\u00e4t\u00e4l\u00f6ity tarvittavaan kokoon.<\/p>\n<p><img decoding=\"async\" src=\"https:\/\/www.blachotrapez.eu\/files\/cke\/produkty\/obrobkien3.png\" alt=\"\" \/><\/p>\n<p>Jokainen kiinnityselementti on saatavana lavamme v\u00e4riss\u00e4. Vakiomittojen lis\u00e4ksi voimme toimittaa kaikki tarvittavaan kokoon r\u00e4\u00e4t\u00e4l\u00f6ityj\u00e4 varusteita.<\/p>\n<h4>Tekniset yksityiskohdat<\/h4>\n<div><img decoding=\"async\" src=\"https:\/\/www.blachotrapez.eu\/files\/cke\/produkty\/wymiarkoronka.png\" alt=\"\" \/><\/div>\n","protected":false},"excerpt":{"rendered":"<p>Kattoyhteet ovat v\u00e4ltt\u00e4m\u00e4tt\u00f6mi\u00e4 elementtej\u00e4 jokaisessa oikein viimeisteltyss\u00e4 katossa. Ne est\u00e4v\u00e4t vuodot ja tulvat ja antavat siistin pinnan. Innovatiivinen j\u00e4rjestelm\u00e4 syv\u00e4st\u00e4 muotoilusta yhdest\u00e4 arkista ilman saumoja. Pinnan laadun takaa korkealaatuinen jauhemaalaus Noble-br\u00e4ndimaaleilla. Jokainen asennuselementti on saatavana lavan v\u00e4riss\u00e4. Vakiomittojen lis\u00e4ksi voimme toimittaa kaikki tarvikkeet, jotka on r\u00e4\u00e4t\u00e4l\u00f6ity tarvittavaan kokoon.<\/p>\n","protected":false},"featured_media":3927,"comment_status":"open","ping_status":"closed","template":"","meta":{"_acf_changed":false},"factory":[],"free-shipment":[],"product_brand":[],"product_cat":[471,470],"product_tag":[525],"class_list":{"0":"post-3926","1":"product","2":"type-product","3":"status-publish","4":"has-post-thumbnail","6":"product_cat-fittings-fi","7":"product_cat-roof-fi","8":"product_tag-roof-fittings-fi","10":"first","11":"instock","12":"sale","13":"taxable","14":"shipping-taxable","15":"purchasable","16":"product-type-simple"},"acf":[],"_links":{"self":[{"href":"https:\/\/factory.sale\/fi\/wp-json\/wp\/v2\/product\/3926","targetHints":{"allow":["GET"]}}],"collection":[{"href":"https:\/\/factory.sale\/fi\/wp-json\/wp\/v2\/product"}],"about":[{"href":"https:\/\/factory.sale\/fi\/wp-json\/wp\/v2\/types\/product"}],"replies":[{"embeddable":true,"href":"https:\/\/factory.sale\/fi\/wp-json\/wp\/v2\/comments?post=3926"}],"wp:featuredmedia":[{"embeddable":true,"href":"https:\/\/factory.sale\/fi\/wp-json\/wp\/v2\/media\/3927"}],"wp:attachment":[{"href":"https:\/\/factory.sale\/fi\/wp-json\/wp\/v2\/media?parent=3926"}],"wp:term":[{"taxonomy":"factory","embeddable":true,"href":"https:\/\/factory.sale\/fi\/wp-json\/wp\/v2\/factory?post=3926"},{"taxonomy":"free-shipment","embeddable":true,"href":"https:\/\/factory.sale\/fi\/wp-json\/wp\/v2\/free-shipment?post=3926"},{"taxonomy":"product_brand","embeddable":true,"href":"https:\/\/factory.sale\/fi\/wp-json\/wp\/v2\/product_brand?post=3926"},{"taxonomy":"product_cat","embeddable":true,"href":"https:\/\/factory.sale\/fi\/wp-json\/wp\/v2\/product_cat?post=3926"},{"taxonomy":"product_tag","embeddable":true,"href":"https:\/\/factory.sale\/fi\/wp-json\/wp\/v2\/product_tag?post=3926"}],"curies":[{"name":"wp","href":"https:\/\/api.w.org\/{rel}","templated":true}]}}