{"id":3924,"date":"2019-11-09T15:56:17","date_gmt":"2019-11-09T15:56:17","guid":{"rendered":"https:\/\/factory.sale\/product\/blachotrapez-roof-fittings-wall-trough\/"},"modified":"2024-06-30T17:34:09","modified_gmt":"2024-06-30T17:34:09","slug":"blachotrapez-kattoyhde-seinan-kautta","status":"publish","type":"product","link":"https:\/\/factory.sale\/fi\/tuote\/blachotrapez-kattoyhde-seinan-kautta\/","title":{"rendered":"BLACHOTRAPEZ KATTOYHDE \u2013 SEIN\u00c4N KAUTTA"},"content":{"rendered":"<p>Kattoyhteet ovat v\u00e4ltt\u00e4m\u00e4t\u00f6n osa jokaista kunnolla viimeistelty\u00e4 kattoa. Ne est\u00e4v\u00e4t vuodot ja tulvat ja tarjoavat siistin lopputuloksen. Innovatiivinen syv\u00e4muotoiluj\u00e4rjestelm\u00e4 yhdest\u00e4 arkista ilman saumoja. Pinnan laadun takaa korkealaatuinen jauhemaalaus Noble-br\u00e4ndimaaleilla. Jokainen asennuselementti on saatavana lavan v\u00e4riss\u00e4. Vakiomittojen lis\u00e4ksi voimme toimittaa kaikki tarvikkeet, jotka on r\u00e4\u00e4t\u00e4l\u00f6ity tarvittavaan kokoon.<\/p>\n<p><img decoding=\"async\" src=\"https:\/\/www.blachotrapez.eu\/files\/cke\/produkty\/obrobkien3.png\" alt=\"\" \/><\/p>\n<p>Jokainen kiinnityselementti on saatavana lavamme v\u00e4riss\u00e4. Vakiomittojen lis\u00e4ksi voimme toimittaa kaikki tarvittavaan kokoon r\u00e4\u00e4t\u00e4l\u00f6ityj\u00e4 varusteita.<\/p>\n<div><img decoding=\"async\" src=\"https:\/\/www.blachotrapez.eu\/files\/cke\/produkty\/wymiarkoronka.png\" alt=\"\" \/><\/div>\n","protected":false},"excerpt":{"rendered":"<p>Kattoyhteet ovat v\u00e4ltt\u00e4m\u00e4t\u00f6n osa jokaista kunnolla viimeistelty\u00e4 kattoa. Ne est\u00e4v\u00e4t vuodot ja tulvat ja tarjoavat siistin lopputuloksen. Innovatiivinen syv\u00e4muotoiluj\u00e4rjestelm\u00e4 yhdest\u00e4 arkista ilman saumoja. Pinnan laadun takaa korkealaatuinen jauhemaalaus Noble-br\u00e4ndimaaleilla. Jokainen asennuselementti on saatavana lavan v\u00e4riss\u00e4. Vakiomittojen lis\u00e4ksi voimme toimittaa kaikki tarvikkeet, jotka on r\u00e4\u00e4t\u00e4l\u00f6ity tarvittavaan kokoon.<\/p>\n","protected":false},"featured_media":3925,"comment_status":"open","ping_status":"closed","template":"","meta":{"_acf_changed":false},"factory":[],"free-shipment":[],"product_brand":[],"product_cat":[470,44,99,471],"product_tag":[100,525],"class_list":{"0":"post-3924","1":"product","2":"type-product","3":"status-publish","4":"has-post-thumbnail","6":"product_cat-roof-fi","7":"product_cat-main-roof","8":"product_cat-fittings","9":"product_cat-fittings-fi","10":"product_tag-roof-fittings","11":"product_tag-roof-fittings-fi","13":"first","14":"instock","15":"sale","16":"taxable","17":"shipping-taxable","18":"purchasable","19":"product-type-simple"},"acf":[],"_links":{"self":[{"href":"https:\/\/factory.sale\/fi\/wp-json\/wp\/v2\/product\/3924","targetHints":{"allow":["GET"]}}],"collection":[{"href":"https:\/\/factory.sale\/fi\/wp-json\/wp\/v2\/product"}],"about":[{"href":"https:\/\/factory.sale\/fi\/wp-json\/wp\/v2\/types\/product"}],"replies":[{"embeddable":true,"href":"https:\/\/factory.sale\/fi\/wp-json\/wp\/v2\/comments?post=3924"}],"wp:featuredmedia":[{"embeddable":true,"href":"https:\/\/factory.sale\/fi\/wp-json\/wp\/v2\/media\/3925"}],"wp:attachment":[{"href":"https:\/\/factory.sale\/fi\/wp-json\/wp\/v2\/media?parent=3924"}],"wp:term":[{"taxonomy":"factory","embeddable":true,"href":"https:\/\/factory.sale\/fi\/wp-json\/wp\/v2\/factory?post=3924"},{"taxonomy":"free-shipment","embeddable":true,"href":"https:\/\/factory.sale\/fi\/wp-json\/wp\/v2\/free-shipment?post=3924"},{"taxonomy":"product_brand","embeddable":true,"href":"https:\/\/factory.sale\/fi\/wp-json\/wp\/v2\/product_brand?post=3924"},{"taxonomy":"product_cat","embeddable":true,"href":"https:\/\/factory.sale\/fi\/wp-json\/wp\/v2\/product_cat?post=3924"},{"taxonomy":"product_tag","embeddable":true,"href":"https:\/\/factory.sale\/fi\/wp-json\/wp\/v2\/product_tag?post=3924"}],"curies":[{"name":"wp","href":"https:\/\/api.w.org\/{rel}","templated":true}]}}