{"id":3922,"date":"2019-11-14T06:35:08","date_gmt":"2019-11-14T06:35:08","guid":{"rendered":"https:\/\/factory.sale\/product\/lankmeta-mounting-angle-70\/"},"modified":"2024-07-05T10:13:08","modified_gmt":"2024-07-05T10:13:08","slug":"lankmeta-asennuskulma-70-70-80x15","status":"publish","type":"product","link":"https:\/\/factory.sale\/fi\/tuote\/lankmeta-asennuskulma-70-70-80x15\/","title":{"rendered":"LANKMETA ASENNUSKULMA 70\/70\/80X1,5"},"content":{"rendered":"<p>Yhdell\u00e4 j\u00e4yk\u00e4ll\u00e4 reunalla (vahvistettu asennuskulma).<\/p>\n<p>Asennuskulmia (MC) k\u00e4ytet\u00e4\u00e4n erilaisten profiilien kiinnitt\u00e4miseen.<\/p>\n<p><strong>Parametrit:<\/strong><\/p>\n<p>metallisinkitty rakenneter\u00e4s S350GD + Z275MA.<\/p>\n<p><strong>Mitat:<\/strong><\/p>\n<p>A-70mm<\/p>\n<p>B-80mm<\/p>\n<p>C-70mm<\/p>\n<p>Paksuus 1,5 mm<\/p>\n<p>Tilauksia on saatavana vain 20 kpl alkaen. Esimerkiksi: 20, 40, 60 jne.<\/p>\n<p>Tilauksia 1, 2, 3 jne. ei hyv\u00e4ksyt\u00e4.<\/p>\n","protected":false},"excerpt":{"rendered":"<p>Yhdell\u00e4 j\u00e4yk\u00e4ll\u00e4 reunalla (vahvistettu asennuskulma).<\/p>\n<p>Asennuskulmia (MC) k\u00e4ytet\u00e4\u00e4n erilaisten profiilien kiinnitt\u00e4miseen.<\/p>\n<p>Parametrit: metallisinkitty rakenneter\u00e4s S350GD + Z275MA.<\/p>\n","protected":false},"featured_media":3923,"comment_status":"open","ping_status":"closed","template":"","meta":{"_acf_changed":false},"factory":[],"free-shipment":[],"product_brand":[],"product_cat":[466,465],"product_tag":[520],"class_list":{"0":"post-3922","1":"product","2":"type-product","3":"status-publish","4":"has-post-thumbnail","6":"product_cat-mounting-corners-fi","7":"product_cat-metal-products-fi","8":"product_tag-mounting-corners-fi","10":"first","11":"instock","12":"sale","13":"taxable","14":"shipping-taxable","15":"purchasable","16":"product-type-simple"},"acf":[],"_links":{"self":[{"href":"https:\/\/factory.sale\/fi\/wp-json\/wp\/v2\/product\/3922","targetHints":{"allow":["GET"]}}],"collection":[{"href":"https:\/\/factory.sale\/fi\/wp-json\/wp\/v2\/product"}],"about":[{"href":"https:\/\/factory.sale\/fi\/wp-json\/wp\/v2\/types\/product"}],"replies":[{"embeddable":true,"href":"https:\/\/factory.sale\/fi\/wp-json\/wp\/v2\/comments?post=3922"}],"wp:featuredmedia":[{"embeddable":true,"href":"https:\/\/factory.sale\/fi\/wp-json\/wp\/v2\/media\/3923"}],"wp:attachment":[{"href":"https:\/\/factory.sale\/fi\/wp-json\/wp\/v2\/media?parent=3922"}],"wp:term":[{"taxonomy":"factory","embeddable":true,"href":"https:\/\/factory.sale\/fi\/wp-json\/wp\/v2\/factory?post=3922"},{"taxonomy":"free-shipment","embeddable":true,"href":"https:\/\/factory.sale\/fi\/wp-json\/wp\/v2\/free-shipment?post=3922"},{"taxonomy":"product_brand","embeddable":true,"href":"https:\/\/factory.sale\/fi\/wp-json\/wp\/v2\/product_brand?post=3922"},{"taxonomy":"product_cat","embeddable":true,"href":"https:\/\/factory.sale\/fi\/wp-json\/wp\/v2\/product_cat?post=3922"},{"taxonomy":"product_tag","embeddable":true,"href":"https:\/\/factory.sale\/fi\/wp-json\/wp\/v2\/product_tag?post=3922"}],"curies":[{"name":"wp","href":"https:\/\/api.w.org\/{rel}","templated":true}]}}