{"id":3920,"date":"2019-11-14T06:38:18","date_gmt":"2019-11-14T06:38:18","guid":{"rendered":"https:\/\/factory.sale\/product\/lankmeta-mounting-angle-50-50-75x15\/"},"modified":"2024-06-26T23:35:27","modified_gmt":"2024-06-26T23:35:27","slug":"lankmeta-asennuskulma-50-50-75x1-5","status":"publish","type":"product","link":"https:\/\/factory.sale\/fi\/tuote\/lankmeta-asennuskulma-50-50-75x1-5\/","title":{"rendered":"LANKMETA ASENNUSKULMA 50\/50 \/ 75X1, 5"},"content":{"rendered":"<p>Asennuskulmia (MC) k\u00e4ytet\u00e4\u00e4n erilaisten profiilien kiinnitt\u00e4miseen.<\/p>\n<p><strong>Parametrit:<\/strong><\/p>\n<p>Metallisinkitty rakenneter\u00e4s S350GD + Z275MA<\/p>\n<p><strong>Mitat:<\/strong><\/p>\n<p>A-50mm<\/p>\n<p>B-75mm<\/p>\n<p>C-50mm<\/p>\n","protected":false},"excerpt":{"rendered":"<p>Asennuskulmia (MC) k\u00e4ytet\u00e4\u00e4n erilaisten profiilien kiinnitt\u00e4miseen.<\/p>\n<p>Parametrit: Metallisinkitty rakenneter\u00e4s S350GD + Z275MA<\/p>\n","protected":false},"featured_media":3921,"comment_status":"open","ping_status":"closed","template":"","meta":{"_acf_changed":false},"factory":[],"free-shipment":[],"product_brand":[],"product_cat":[465,466],"product_tag":[520],"class_list":{"0":"post-3920","1":"product","2":"type-product","3":"status-publish","4":"has-post-thumbnail","6":"product_cat-metal-products-fi","7":"product_cat-mounting-corners-fi","8":"product_tag-mounting-corners-fi","10":"first","11":"instock","12":"sale","13":"taxable","14":"shipping-taxable","15":"purchasable","16":"product-type-simple"},"acf":[],"_links":{"self":[{"href":"https:\/\/factory.sale\/fi\/wp-json\/wp\/v2\/product\/3920","targetHints":{"allow":["GET"]}}],"collection":[{"href":"https:\/\/factory.sale\/fi\/wp-json\/wp\/v2\/product"}],"about":[{"href":"https:\/\/factory.sale\/fi\/wp-json\/wp\/v2\/types\/product"}],"replies":[{"embeddable":true,"href":"https:\/\/factory.sale\/fi\/wp-json\/wp\/v2\/comments?post=3920"}],"wp:featuredmedia":[{"embeddable":true,"href":"https:\/\/factory.sale\/fi\/wp-json\/wp\/v2\/media\/3921"}],"wp:attachment":[{"href":"https:\/\/factory.sale\/fi\/wp-json\/wp\/v2\/media?parent=3920"}],"wp:term":[{"taxonomy":"factory","embeddable":true,"href":"https:\/\/factory.sale\/fi\/wp-json\/wp\/v2\/factory?post=3920"},{"taxonomy":"free-shipment","embeddable":true,"href":"https:\/\/factory.sale\/fi\/wp-json\/wp\/v2\/free-shipment?post=3920"},{"taxonomy":"product_brand","embeddable":true,"href":"https:\/\/factory.sale\/fi\/wp-json\/wp\/v2\/product_brand?post=3920"},{"taxonomy":"product_cat","embeddable":true,"href":"https:\/\/factory.sale\/fi\/wp-json\/wp\/v2\/product_cat?post=3920"},{"taxonomy":"product_tag","embeddable":true,"href":"https:\/\/factory.sale\/fi\/wp-json\/wp\/v2\/product_tag?post=3920"}],"curies":[{"name":"wp","href":"https:\/\/api.w.org\/{rel}","templated":true}]}}