{"id":3915,"date":"2020-03-19T11:30:33","date_gmt":"2020-03-19T11:30:33","guid":{"rendered":"https:\/\/factory.sale\/product\/factory-sale-offer-4est-curve-wooden-parquet-flooring\/"},"modified":"2024-06-25T11:16:38","modified_gmt":"2024-06-25T11:16:38","slug":"4est-kaareva-parketti-lattiapaallyste","status":"publish","type":"product","link":"https:\/\/factory.sale\/fi\/tuote\/4est-kaareva-parketti-lattiapaallyste\/","title":{"rendered":"4EST KAAREVA PARKETTI"},"content":{"rendered":"<p>Tarjoamme korkealaatuisia modulaarisia kaarevia parketteja, jotka on valmistettu ja valmistettu huolellisesti ja tarkasti. Kaikki lankut ovat 1,9 m pitki\u00e4 ja niiden leveys on v\u00e4lill\u00e4 180\u2013260 mm. Siin\u00e4 on eurooppalaisen tammen 4 mm:n p\u00e4\u00e4llyskerros, joka on asennettu 12 mm: n koivuvanerille. Tuloksena on eritt\u00e4in korkealaatuinen 16 mm 5\/8 \u2033 &#8211; tuote, joka tarjoaa vakauden, helpon asennuksen ja poikkeuksellisen kauneuden. Suunnittelijat rakastavat sit\u00e4, arkkitehdit rakastavat sit\u00e4 ja niin sin\u00e4kin!<\/p>\n<p><strong>Tiedot<\/strong><\/p>\n<p>Kokoonpano: 1 pala<br \/>\nPuulaji: Euroopan tammi (muita lajeja voi lainata)<br \/>\nReunaviiste: &#8211; 1 mm V-ura pitkilt\u00e4 sivuilta<br \/>\nPinnan v\u00e4ri \u00f6ljy, lakka, savustettu harjattu tai keskener\u00e4inen<br \/>\nTekstuuri sile\u00e4 hiottu \/ asennus valmis<br \/>\nYhteinen liitos<br \/>\nPaksuus 16 mm (lis\u00e4varuste 15 mm: lle)<br \/>\nRakenne 2 kerros<br \/>\nP\u00e4llimm\u00e4inen kerros 4 mm (lis\u00e4varuste 3 mm) Euro Tammi<br \/>\nKosteus 6,5 &#8211; 8,5% toimituksen j\u00e4lkeen<br \/>\nTukikerros 12 mm: Balttian koivuvaneri &#8211;\u00a0 9-kerros<\/p>\n<ul>\n<li>Formaldehydip\u00e4\u00e4st\u00f6t t\u00e4ytt\u00e4\u00e4 formaldehydip\u00e4\u00e4st\u00f6j\u00e4 koskevat EU E1 -standardit. Moduulin rakenne: 10 ainutlaatuista kaarevaa levy\u00e4, jotka sopivat yhteen muodostamaan 3,87 m2 moduulin, joka toistuu kaikkiin 4 suuntaan<\/li>\n<li>Takuu 25 vuotta asianmukaisella kunnossapidolla<\/li>\n<li>V\u00e4rimuutos Puu\u00a0 &#8211; saattaa muuttaa v\u00e4ri\u00e4 ajan my\u00f6t\u00e4<\/li>\n<li>Asennus liima \/ naula \/ kellua tai erityisell\u00e4 aluslevyll\u00e4 ohjeiden mukaan<\/li>\n<li>Pakkaus \/ painot \/ laudat \/ moduulit l\u00e4hetet\u00e4\u00e4n yleens\u00e4 eurolavoilla<\/li>\n<li>10 lautaa, joiden pinta-ala on 3,87 m2, painavat 40 kiloa<\/li>\n<li>Pakattu 5 laattaa sis\u00e4lt\u00e4viin laatikoihin, 20 kg \/ laatikko<\/li>\n<li>Pakkauskoko = 1920 mm X 270 mm X 85 mm<\/li>\n<\/ul>\n","protected":false},"excerpt":{"rendered":"<p>Tarjoamme korkealaatuisia modulaarisia kaarevia parketteja, jotka on valmistettu ja valmistettu huolellisesti ja tarkasti. Kaikki lankut ovat 1,9 m pitki\u00e4 ja niiden leveys on v\u00e4lill\u00e4 180\u2013260 mm. Siin\u00e4 on eurooppalaisen tammen 4 mm:n p\u00e4\u00e4llyskerros, joka on asennettu 12 mm: n koivuvanerille. Tuloksena on eritt\u00e4in korkealaatuinen 16 mm 5\/8 \u2033 &#8211; tuote, joka tarjoaa vakauden, helpon asennuksen ja poikkeuksellisen kauneuden. Suunnittelijat rakastavat sit\u00e4, arkkitehdit rakastavat sit\u00e4 ja niin sin\u00e4kin!<\/p>\n","protected":false},"featured_media":3917,"comment_status":"open","ping_status":"closed","template":"","meta":{"_acf_changed":false},"factory":[],"free-shipment":[],"product_brand":[],"product_cat":[450,1683],"product_tag":[495],"class_list":{"0":"post-3915","1":"product","2":"type-product","3":"status-publish","4":"has-post-thumbnail","6":"product_cat-parketti","7":"product_cat-yksikaistainen-parketti","8":"product_tag-4estcurve-fi","10":"first","11":"instock","12":"sale","13":"taxable","14":"shipping-taxable","15":"purchasable","16":"product-type-simple"},"acf":[],"_links":{"self":[{"href":"https:\/\/factory.sale\/fi\/wp-json\/wp\/v2\/product\/3915","targetHints":{"allow":["GET"]}}],"collection":[{"href":"https:\/\/factory.sale\/fi\/wp-json\/wp\/v2\/product"}],"about":[{"href":"https:\/\/factory.sale\/fi\/wp-json\/wp\/v2\/types\/product"}],"replies":[{"embeddable":true,"href":"https:\/\/factory.sale\/fi\/wp-json\/wp\/v2\/comments?post=3915"}],"wp:featuredmedia":[{"embeddable":true,"href":"https:\/\/factory.sale\/fi\/wp-json\/wp\/v2\/media\/3917"}],"wp:attachment":[{"href":"https:\/\/factory.sale\/fi\/wp-json\/wp\/v2\/media?parent=3915"}],"wp:term":[{"taxonomy":"factory","embeddable":true,"href":"https:\/\/factory.sale\/fi\/wp-json\/wp\/v2\/factory?post=3915"},{"taxonomy":"free-shipment","embeddable":true,"href":"https:\/\/factory.sale\/fi\/wp-json\/wp\/v2\/free-shipment?post=3915"},{"taxonomy":"product_brand","embeddable":true,"href":"https:\/\/factory.sale\/fi\/wp-json\/wp\/v2\/product_brand?post=3915"},{"taxonomy":"product_cat","embeddable":true,"href":"https:\/\/factory.sale\/fi\/wp-json\/wp\/v2\/product_cat?post=3915"},{"taxonomy":"product_tag","embeddable":true,"href":"https:\/\/factory.sale\/fi\/wp-json\/wp\/v2\/product_tag?post=3915"}],"curies":[{"name":"wp","href":"https:\/\/api.w.org\/{rel}","templated":true}]}}