{"id":3910,"date":"2020-04-16T08:23:47","date_gmt":"2020-04-16T08:23:47","guid":{"rendered":"https:\/\/factory.sale\/product\/premium-450-polycarbonate-greenhouse\/"},"modified":"2023-10-05T12:29:31","modified_gmt":"2023-10-05T12:29:31","slug":"polykarbonaatista-kasvihuoneet-premium-450","status":"publish","type":"product","link":"https:\/\/factory.sale\/fi\/tuote\/polykarbonaatista-kasvihuoneet-premium-450\/","title":{"rendered":"POLYKARBONAATISTA KASVIHUONEET PREMIUM 450"},"content":{"rendered":"<div>\n<p>Uusi vahva galvanoitu profiili. Rungon korkeus on t\u00e4ydelinen korkeiden kasvien viljelyyn, mutta leveys on optimaalinen kahdelle riville.<br \/>\nRunko t\u00e4ydellisell\u00e4 kokoonpanolla, kiristimell\u00e4 ja sivutukilla voi kest\u00e4\u00e4 korkeintaan 450 kg lunta per 1 m2 vaakatasoa, mik\u00e4 vastaa 1,4m \u00e4skett\u00e4in pudonnutta lunta tai 0,7 m seisonutta lunta.<br \/>\nKasvihuone &#8220;Premium 450&#8221; on suunniteltu luomaan mikroilmasto, joka on hyv\u00e4 kasvattamaan puutarhakasveja m\u00f6kill\u00e4 ja puutarhamaalla. Peitett\u00e4v\u00e4n tontin pinta-ala riippuu kasvihuoneen pituudesta. Kasvihuone voi olla eripituinen ostajan toiveiden mukaan.<br \/>\nKasvihuoneen runko on valmistettu galvanoidusta ter\u00e4ksest\u00e4 ja se on koottu pulteilla ja muttereilla. Kasvihuone on kiinnitetty tonttiin kaivamalla rungon T-muotoiset p\u00e4\u00e4t maahan. Sarja sis\u00e4lt\u00e4\u00e4 kaiken mit\u00e4 tarvitset kannen kiinnitt\u00e4miseen. Kasvihuoneessa on kaksi oviaukkoa vastakkaisissa p\u00e4iss\u00e4.<\/p>\n<\/div>\n<div>\n<p><strong>Tekniset tiedot:<\/strong><br \/>\n\u2022 Enimm\u00e4islumen kuormitus 450 kg \/ m2<br \/>\n\u2022 Leveys &#8211; 2,6 m; Korkeus &#8211; 2,5 m; Pituus &#8211; 4, 6, 8m\u2026<\/p>\n<p>Artikkeli: 0000000000563<\/p>\n<div>\n<div class=\"row margint10\">\n<p>Saatavilla koot hinnoilla:<\/p>\n<p><strong><label class=\"marginr15\">4mm &#8211; 2.6 x 2.5 x 4 m &#8211; 729 EUR<label class=\"marginr15\">\u00a0<label class=\"marginr15\"><label class=\"marginr15\"><label class=\"marginr15\">(ilman ALV).<\/label><\/label><\/label><\/label><br \/>\n<\/label><label class=\"marginr15\">4mm &#8211; 2.6 x 2.5 x 6 m &#8211; 919 EUR<label class=\"marginr15\">\u00a0<label class=\"marginr15\"><label class=\"marginr15\"><label class=\"marginr15\">(ilman ALV).<\/label><\/label><\/label><\/label><br \/>\n<\/label><label class=\"marginr15\">4mm &#8211; 2.6 x 2.5 x 8 m &#8211; 1109 EUR <label class=\"marginr15\"><label class=\"marginr15\"><label class=\"marginr15\"><label class=\"marginr15\">(ilman ALV).<\/label><\/label><\/label><\/label><br \/>\n<\/label><label class=\"marginr15\">4mm &#8211; 2.6 x 2.5 x 10 m &#8211; 1299 EUR <label class=\"marginr15\"><label class=\"marginr15\"><label class=\"marginr15\"><label class=\"marginr15\">(ilman ALV).<\/label><\/label><\/label><\/label><br \/>\n<\/label><label class=\"marginr15\">6mm &#8211; 2.6 x 2.5 x 4 m &#8211; 829 EUR<label class=\"marginr15\">\u00a0<label class=\"marginr15\"><label class=\"marginr15\"><label class=\"marginr15\">(ilman ALV).<\/label><\/label><\/label><\/label><br \/>\n<\/label><label class=\"marginr15\">6mm &#8211; 2.6 x 2.5 x 6 m &#8211; 1049 EUR<label class=\"marginr15\">\u00a0<label class=\"marginr15\"><label class=\"marginr15\"><label class=\"marginr15\">(ilman ALV).<\/label><\/label><\/label><\/label><br \/>\n<\/label><label class=\"marginr15\">6mm &#8211; 2.6 x 2.5 x 8 m &#8211; 1269 EUR<label class=\"marginr15\">\u00a0<label class=\"marginr15\"><label class=\"marginr15\"><label class=\"marginr15\">(ilman ALV).<\/label><\/label><\/label><\/label><br \/>\n<\/label><label class=\"marginr15\">6mm &#8211; 2.6 x 2.5 x 10 m &#8211; 1489 EUR<label class=\"marginr15\">\u00a0<label class=\"marginr15\"><label class=\"marginr15\"><label class=\"marginr15\">(ilman ALV).<\/label><\/label><\/label><\/label><\/label><\/strong><\/p>\n<p>Lumenkuormitus, kg \/ m2: 450<\/p>\n<p>Lis\u00e4ksi:<br \/>\n<strong><label class=\"marginr15\"><label class=\"marginr15\"><label class=\"marginr15\"><label class=\"marginr15\"><label class=\"marginr15\"><label class=\"marginr15\"><label class=\"marginr15\"><label class=\"marginr15\"><label class=\"marginr15\"><label class=\"marginr15\">Ilmaikkuna &#8211; 30 EUR <label class=\"marginr15\"><label class=\"marginr15\"><label class=\"marginr15\"><label class=\"marginr15\"><label class=\"marginr15\">(<label class=\"marginr15\"><label class=\"marginr15\"><label class=\"marginr15\"><label class=\"marginr15\">ilman ALV<\/label><\/label><\/label><\/label>). <\/label><\/label><\/label><\/label><\/label><br \/>\nAutomaatio &#8211; 35 EUR <label class=\"marginr15\"><label class=\"marginr15\"><label class=\"marginr15\"><label class=\"marginr15\"><label class=\"marginr15\">(<label class=\"marginr15\"><label class=\"marginr15\"><label class=\"marginr15\"><label class=\"marginr15\">ilman ALV<\/label><\/label><\/label><\/label>).<br \/>\nKasteluj\u00e4rjestelm\u00e4 &#8211; 65 EUR <label class=\"marginr15\"><label class=\"marginr15\"><label class=\"marginr15\"><label class=\"marginr15\"><label class=\"marginr15\">(<label class=\"marginr15\"><label class=\"marginr15\"><label class=\"marginr15\"><label class=\"marginr15\">ilman ALV<\/label><\/label><\/label><\/label>).<br \/>\nSinkitty kasvipenkki 0,7m &#8211; 55 EUR <label class=\"marginr15\"><label class=\"marginr15\"><label class=\"marginr15\"><label class=\"marginr15\"><label class=\"marginr15\"><label class=\"marginr15\"><label class=\"marginr15\"><label class=\"marginr15\"><label class=\"marginr15\"><label class=\"marginr15\">(<label class=\"marginr15\"><label class=\"marginr15\"><label class=\"marginr15\"><label class=\"marginr15\">ilman ALV<\/label><\/label><\/label><\/label>).<\/label><\/label><\/label><\/label><\/label><\/label><\/label><\/label><\/label><\/label><\/label><\/label><\/label><\/label><\/label><\/label><\/label><\/label><\/label><\/label><\/label><\/label><\/label><\/label><\/label><\/label><\/label><\/label><\/label><\/label><\/strong><\/p>\n<p>Tarjoamme my\u00f6s asennusta ja kuljetusta. L\u00e4het\u00e4 meille osoitteesi saadaksesi tarjouksen.<\/p>\n<p><strong>HUOM! Kasvihuoneessa, jossa on 6 mm polykarbonaattia, p\u00e4\u00e4dyt ovat valmistettu 4 mm polykarbonaatista.<\/strong><\/p>\n<\/div>\n<div>\n<p><strong><strong>\u00a0<\/strong><\/strong><\/p>\n<\/div>\n<\/div>\n<\/div>\n","protected":false},"excerpt":{"rendered":"<div>\n<p>Kasvihuone &#8220;Premium 450&#8221; on suunniteltu luomaan mikroilmasto, joka on hyv\u00e4 kasvattamaan puutarhakasveja m\u00f6kill\u00e4 ja puutarhamaalla. Peitett\u00e4v\u00e4n tontin pinta-ala riippuu kasvihuoneen pituudesta. Kasvihuone voi olla eripituinen ostajan toiveiden mukaan.<br \/>\nKasvihuoneen runko on valmistettu galvanoidusta ter\u00e4ksest\u00e4 ja se on koottu pulteilla ja muttereilla. Kasvihuone on kiinnitetty tonttiin kaivamalla rungon T-muotoiset p\u00e4\u00e4t maahan. Sarja sis\u00e4lt\u00e4\u00e4 kaiken mit\u00e4 tarvitset kannen kiinnitt\u00e4miseen. Kasvihuoneessa on kaksi oviaukkoa vastakkaisissa p\u00e4iss\u00e4.<\/p>\n<\/div>\n<div><\/div>\n","protected":false},"featured_media":3911,"comment_status":"closed","ping_status":"closed","template":"","meta":{"_acf_changed":false},"factory":[],"free-shipment":[],"product_brand":[],"product_cat":[452,997],"product_tag":[506],"class_list":{"0":"post-3910","1":"product","2":"type-product","3":"status-publish","4":"has-post-thumbnail","6":"product_cat-kasvihuoneet","7":"product_cat-piha-puutarha-fi","8":"product_tag-greenhouse-fi","10":"first","11":"instock","12":"sale","13":"taxable","14":"shipping-taxable","15":"purchasable","16":"product-type-simple"},"acf":[],"_links":{"self":[{"href":"https:\/\/factory.sale\/fi\/wp-json\/wp\/v2\/product\/3910","targetHints":{"allow":["GET"]}}],"collection":[{"href":"https:\/\/factory.sale\/fi\/wp-json\/wp\/v2\/product"}],"about":[{"href":"https:\/\/factory.sale\/fi\/wp-json\/wp\/v2\/types\/product"}],"replies":[{"embeddable":true,"href":"https:\/\/factory.sale\/fi\/wp-json\/wp\/v2\/comments?post=3910"}],"wp:featuredmedia":[{"embeddable":true,"href":"https:\/\/factory.sale\/fi\/wp-json\/wp\/v2\/media\/3911"}],"wp:attachment":[{"href":"https:\/\/factory.sale\/fi\/wp-json\/wp\/v2\/media?parent=3910"}],"wp:term":[{"taxonomy":"factory","embeddable":true,"href":"https:\/\/factory.sale\/fi\/wp-json\/wp\/v2\/factory?post=3910"},{"taxonomy":"free-shipment","embeddable":true,"href":"https:\/\/factory.sale\/fi\/wp-json\/wp\/v2\/free-shipment?post=3910"},{"taxonomy":"product_brand","embeddable":true,"href":"https:\/\/factory.sale\/fi\/wp-json\/wp\/v2\/product_brand?post=3910"},{"taxonomy":"product_cat","embeddable":true,"href":"https:\/\/factory.sale\/fi\/wp-json\/wp\/v2\/product_cat?post=3910"},{"taxonomy":"product_tag","embeddable":true,"href":"https:\/\/factory.sale\/fi\/wp-json\/wp\/v2\/product_tag?post=3910"}],"curies":[{"name":"wp","href":"https:\/\/api.w.org\/{rel}","templated":true}]}}