{"id":3905,"date":"2020-04-16T10:28:32","date_gmt":"2020-04-16T10:28:32","guid":{"rendered":"https:\/\/factory.sale\/product\/compact-240-polycarbonate-greenhouses\/"},"modified":"2024-06-27T22:01:31","modified_gmt":"2024-06-27T22:01:31","slug":"polykarbonaatista-kasvihuoneet-kompakt-240","status":"publish","type":"product","link":"https:\/\/factory.sale\/fi\/tuote\/polykarbonaatista-kasvihuoneet-kompakt-240\/","title":{"rendered":"POLYKARBONAATISTA KASVIHUONEET KOMPAKT 240"},"content":{"rendered":"<div>\n<p>Kasvihuone &#8220;Kompakt 240&#8221; on suunniteltu luomaan mikroilmasto, joka edist\u00e4\u00e4 puutarhakulttuurin kasvua m\u00f6keiss\u00e4 ja puutarhoissa. Kasvihuone voi olla eri pituinen asiakkaan toiveiden mukaan.<br \/>\nAsennetun kasvihuoneen korkeus &#8211; 2,2 m. Kasvihuoneen runko on valmistettu galvanoidusta metallista ja kiinnitetty muttereilla ja pulteilla. Kasvihuoneen perustusta ei vaadita, mutta asennus perustuselle on sallittu. Kasvihuone on kiinnitetty pintaan asettamalla se maahan erityisill\u00e4 asennusjaloilla.<br \/>\nPakkaus sis\u00e4lt\u00e4\u00e4 kaiken mit\u00e4 tarvitset kansien kiinnitt\u00e4miseen. Kasvihuoneessa on oviaukko ja tuuletusikkunat molemmissa p\u00e4iss\u00e4. Kasvihuoneen runko on valmistettu galvanoidusta metallista, ja se on koottu pulteilla ja muttereilla.<\/p>\n<\/div>\n<p><strong>Tekniset tiedot:<\/strong><\/p>\n<p>\u2022 Suurin lumenkuormitus 240 kg \/ m2<br \/>\n\u2022 Leveys &#8211; 2m; Korkeus &#8211; 2,2m; Pituus &#8211; 2, 4, 6, 8m\u2026<\/p>\n<p>Artikkeli: 0000000000565<\/p>\n<div>\n<div class=\"row margint10\">\n<p>Saatavilla koot hinnoilla:<\/p>\n<div class=\"js-color-sizes js-color-sizes-1\"><strong><label class=\"marginr15\">4mm &#8211; 2 x 2.2 x 2 m &#8211; 329 EUR <label class=\"marginr15\"><label class=\"marginr15\"><label class=\"marginr15\">(ilman ALV).<\/label><\/label><\/label><\/label><\/strong><\/div>\n<div class=\"js-color-sizes js-color-sizes-1\"><strong><label class=\"marginr15\">4mm &#8211; 2 x 2.2 x 4 m &#8211; 449 EUR <label class=\"marginr15\"><label class=\"marginr15\"><label class=\"marginr15\"><label class=\"marginr15\">(<label class=\"marginr15\"><label class=\"marginr15\"><label class=\"marginr15\"><label class=\"marginr15\">ilman ALV<\/label><\/label><\/label><\/label>).<\/label><\/label><\/label><\/label><\/label><\/strong><\/div>\n<div class=\"js-color-sizes js-color-sizes-1\"><strong><label class=\"marginr15\">4mm &#8211; 2 x 2.2 x 6 m &#8211; 569 EUR <label class=\"marginr15\"><label class=\"marginr15\"><label class=\"marginr15\"><label class=\"marginr15\">(<label class=\"marginr15\"><label class=\"marginr15\"><label class=\"marginr15\"><label class=\"marginr15\">ilman ALV<\/label><\/label><\/label><\/label>).<\/label><\/label><\/label><\/label><\/label><\/strong><\/div>\n<div class=\"js-color-sizes js-color-sizes-1\"><strong><label class=\"marginr15\">4mm &#8211; 2 x 2.2 x 8 m &#8211; 689 EUR <label class=\"marginr15\"><label class=\"marginr15\"><label class=\"marginr15\"><label class=\"marginr15\">(<label class=\"marginr15\"><label class=\"marginr15\"><label class=\"marginr15\"><label class=\"marginr15\">ilman ALV<\/label><\/label><\/label><\/label>).<\/label><\/label><\/label><\/label><\/label><\/strong><\/div>\n<div class=\"js-color-sizes js-color-sizes-1\"><strong><label class=\"marginr15\">4mm &#8211; 2 x 2.2 x 10 m &#8211; 809 EUR <label class=\"marginr15\"><label class=\"marginr15\"><label class=\"marginr15\"><label class=\"marginr15\">(<label class=\"marginr15\"><label class=\"marginr15\"><label class=\"marginr15\"><label class=\"marginr15\">ilman ALV<\/label><\/label><\/label><\/label>).<\/label><\/label><\/label><\/label><\/label><\/strong><\/div>\n<div class=\"js-color-sizes js-color-sizes-1\"><strong><label class=\"marginr15\">6mm &#8211; 2 x 2.2 x 2 m &#8211; 399 EUR <label class=\"marginr15\"><label class=\"marginr15\"><label class=\"marginr15\"><label class=\"marginr15\">(<label class=\"marginr15\"><label class=\"marginr15\"><label class=\"marginr15\"><label class=\"marginr15\">ilman ALV<\/label><\/label><\/label><\/label>).<\/label><\/label><\/label><\/label><\/label><\/strong><\/div>\n<div class=\"js-color-sizes js-color-sizes-1\"><strong><label class=\"marginr15\">6mm &#8211; 2 x 2.2 x 4 m &#8211; 549 EUR <label class=\"marginr15\"><label class=\"marginr15\"><label class=\"marginr15\"><label class=\"marginr15\">(<label class=\"marginr15\"><label class=\"marginr15\"><label class=\"marginr15\"><label class=\"marginr15\">ilman ALV<\/label><\/label><\/label><\/label>).<\/label><\/label><\/label><\/label><\/label><\/strong><\/div>\n<div class=\"js-color-sizes js-color-sizes-1\"><strong><label class=\"marginr15\">6mm &#8211; 2 x 2.2 x 6 m &#8211; 699 EUR <label class=\"marginr15\"><label class=\"marginr15\"><label class=\"marginr15\"><label class=\"marginr15\">(<label class=\"marginr15\"><label class=\"marginr15\"><label class=\"marginr15\"><label class=\"marginr15\">ilman ALV<\/label><\/label><\/label><\/label>).<\/label><\/label><\/label><\/label><\/label><\/strong><\/div>\n<div class=\"js-color-sizes js-color-sizes-1\"><strong><label class=\"marginr15\">6mm &#8211; 2 x 2.2 x 8 m &#8211; 849 EUR <label class=\"marginr15\"><label class=\"marginr15\"><label class=\"marginr15\"><label class=\"marginr15\">(<label class=\"marginr15\"><label class=\"marginr15\"><label class=\"marginr15\"><label class=\"marginr15\">ilman ALV<\/label><\/label><\/label><\/label>).<\/label><\/label><\/label><\/label><\/label><\/strong><\/div>\n<div class=\"js-color-sizes js-color-sizes-1\"><strong><label class=\"marginr15\">6mm &#8211; 2 x 2.2 x 10 m &#8211; 999 EUR <label class=\"marginr15\"><label class=\"marginr15\"><label class=\"marginr15\"><label class=\"marginr15\">(<label class=\"marginr15\"><label class=\"marginr15\"><label class=\"marginr15\"><label class=\"marginr15\">ilman ALV<\/label><\/label><\/label><\/label>).<\/label><\/label><\/label><\/label><\/label><\/strong><\/div>\n<\/div>\n<\/div>\n<div><\/div>\n<div>\n<div class=\"row margint10\">\n<p>Lumenkuormitus, kg \/ m2: 240<\/p>\n<p>Lis\u00e4ksi:<br \/>\n<strong>Ilmaikkuna &#8211; 30 EUR <label class=\"marginr15\"><label class=\"marginr15\"><label class=\"marginr15\"><label class=\"marginr15\"><label class=\"marginr15\">(<label class=\"marginr15\"><label class=\"marginr15\"><label class=\"marginr15\"><label class=\"marginr15\">ilman ALV<\/label><\/label><\/label><\/label>). <\/label><\/label><\/label><\/label><\/label><\/strong><br \/>\n<strong>Automaatio &#8211; 35 EUR <label class=\"marginr15\"><label class=\"marginr15\"><label class=\"marginr15\"><label class=\"marginr15\"><label class=\"marginr15\">(<label class=\"marginr15\"><label class=\"marginr15\"><label class=\"marginr15\"><label class=\"marginr15\">ilman ALV<\/label><\/label><\/label><\/label>).<br \/>\nKasteluj\u00e4rjestelm\u00e4 &#8211; 65 EUR <label class=\"marginr15\"><label class=\"marginr15\"><label class=\"marginr15\"><label class=\"marginr15\"><label class=\"marginr15\">(<label class=\"marginr15\"><label class=\"marginr15\"><label class=\"marginr15\"><label class=\"marginr15\">ilman ALV<\/label><\/label><\/label><\/label>).<br \/>\nSinkitty kasvipenkki 0,7m &#8211; 55 EUR <label class=\"marginr15\"><label class=\"marginr15\"><label class=\"marginr15\"><label class=\"marginr15\"><label class=\"marginr15\"><label class=\"marginr15\"><label class=\"marginr15\"><label class=\"marginr15\"><label class=\"marginr15\"><label class=\"marginr15\">(<label class=\"marginr15\"><label class=\"marginr15\"><label class=\"marginr15\"><label class=\"marginr15\">ilman ALV<\/label><\/label><\/label><\/label>).<\/label><\/label><\/label><\/label><\/label><\/label><\/label><\/label><\/label><\/label><br \/>\n<\/label><\/label><\/label><\/label><\/label><\/label><\/label><\/label><\/label><\/label><\/strong><\/p>\n<p>Tarjoamme my\u00f6s asennusta ja kuljetusta. L\u00e4het\u00e4 meille osoitteesi saadaksesi tarjouksen.<\/p>\n<p><strong>HUOM! Kasvihuoneessa, jossa on 6 mm polykarbonaattia, p\u00e4\u00e4dyt ovat valmistettu 4 mm polykarbonaatista.<\/strong><\/p>\n<\/div>\n<\/div>\n","protected":false},"excerpt":{"rendered":"<p>Kasvihuone &#8220;Kompakt 240&#8221; on suunniteltu luomaan mikroilmasto, joka edist\u00e4\u00e4 puutarhakulttuurin kasvua m\u00f6keiss\u00e4 ja puutarhoissa. Kasvihuone voi olla eri pituinen asiakkaan toiveiden mukaan.<br \/>\nAsennetun kasvihuoneen korkeus &#8211; 2,2 m. Kasvihuoneen runko on valmistettu galvanoidusta metallista ja kiinnitetty muttereilla ja pulteilla. Kasvihuoneen perustusta ei vaadita, mutta asennus perustuselle on sallittu. Kasvihuone on kiinnitetty pintaan asettamalla se maahan erityisill\u00e4 asennusjaloilla.<br \/>\nPakkaus sis\u00e4lt\u00e4\u00e4 kaiken mit\u00e4 tarvitset kansien kiinnitt\u00e4miseen. Kasvihuoneessa on oviaukko ja tuuletusikkunat molemmissa p\u00e4iss\u00e4. Kasvihuoneen runko on valmistettu galvanoidusta metallista, ja se on koottu pulteilla ja muttereilla.<\/p>\n","protected":false},"featured_media":3907,"comment_status":"open","ping_status":"closed","template":"","meta":{"_acf_changed":false},"factory":[],"free-shipment":[],"product_brand":[],"product_cat":[997,452],"product_tag":[506],"class_list":{"0":"post-3905","1":"product","2":"type-product","3":"status-publish","4":"has-post-thumbnail","6":"product_cat-piha-puutarha-fi","7":"product_cat-kasvihuoneet","8":"product_tag-greenhouse-fi","10":"first","11":"instock","12":"sale","13":"taxable","14":"shipping-taxable","15":"purchasable","16":"product-type-simple"},"acf":[],"_links":{"self":[{"href":"https:\/\/factory.sale\/fi\/wp-json\/wp\/v2\/product\/3905","targetHints":{"allow":["GET"]}}],"collection":[{"href":"https:\/\/factory.sale\/fi\/wp-json\/wp\/v2\/product"}],"about":[{"href":"https:\/\/factory.sale\/fi\/wp-json\/wp\/v2\/types\/product"}],"replies":[{"embeddable":true,"href":"https:\/\/factory.sale\/fi\/wp-json\/wp\/v2\/comments?post=3905"}],"wp:featuredmedia":[{"embeddable":true,"href":"https:\/\/factory.sale\/fi\/wp-json\/wp\/v2\/media\/3907"}],"wp:attachment":[{"href":"https:\/\/factory.sale\/fi\/wp-json\/wp\/v2\/media?parent=3905"}],"wp:term":[{"taxonomy":"factory","embeddable":true,"href":"https:\/\/factory.sale\/fi\/wp-json\/wp\/v2\/factory?post=3905"},{"taxonomy":"free-shipment","embeddable":true,"href":"https:\/\/factory.sale\/fi\/wp-json\/wp\/v2\/free-shipment?post=3905"},{"taxonomy":"product_brand","embeddable":true,"href":"https:\/\/factory.sale\/fi\/wp-json\/wp\/v2\/product_brand?post=3905"},{"taxonomy":"product_cat","embeddable":true,"href":"https:\/\/factory.sale\/fi\/wp-json\/wp\/v2\/product_cat?post=3905"},{"taxonomy":"product_tag","embeddable":true,"href":"https:\/\/factory.sale\/fi\/wp-json\/wp\/v2\/product_tag?post=3905"}],"curies":[{"name":"wp","href":"https:\/\/api.w.org\/{rel}","templated":true}]}}