{"id":3900,"date":"2020-04-16T10:57:46","date_gmt":"2020-04-16T10:57:46","guid":{"rendered":"https:\/\/factory.sale\/product\/standard-180-polycarbonate-greenhouse\/"},"modified":"2025-11-19T16:21:35","modified_gmt":"2025-11-19T13:21:35","slug":"polykarbonaatista-kasvihuoneet-standard-180","status":"publish","type":"product","link":"https:\/\/factory.sale\/fi\/tuote\/polykarbonaatista-kasvihuoneet-standard-180\/","title":{"rendered":"POLYKARBONAATISTA KASVIHUONEET STANDARD 180"},"content":{"rendered":"<p>Erityisesti kuormitettuihin rungon osiin lis\u00e4ttiin ensimm\u00e4ist\u00e4 kertaa laaja vahvistettu profiili, joka kest\u00e4\u00e4 raskaat lumikuormitukset. Uuden leve\u00e4n profiilin k\u00e4yt\u00f6n ansiosta oli mahdollista v\u00e4hent\u00e4\u00e4 osien lukum\u00e4\u00e4r\u00e4\u00e4, yksinkertaistaa kokoonpanoa ja lis\u00e4t\u00e4 rakenteen kantavuutta lis\u00e4\u00e4m\u00e4tt\u00e4 hintaa. Kasvihuoneen leveys on optimaalinen kolmelle vuodepaikalle. Kasvihuoneen geometria on ajateltu t\u00e4ydent\u00e4m\u00e4\u00e4n sit\u00e4 edelleen erilaisilla lis\u00e4varusteilla: taimien sivup\u00f6yd\u00e4t, s\u00e4ngyt. Kaiken t\u00e4m\u00e4n ansiosta saatiin uusi lupaava korkealaatuinen malli edulliseen hintaan<br \/>\nRunko t\u00e4ydellisell\u00e4 kokoonpanolla, kiristimell\u00e4 ja sivutukilla voi kest\u00e4\u00e4 korkeintaan 180 kg lunta 1 m2 vaakatasoa kohden, mik\u00e4 vastaa 1,4 m \u00e4skett\u00e4in pudonnutta lunta tai 0,7 m seisonutta lunta.<\/p>\n<p><strong>Tekniset tiedot:<\/strong><br \/>\n\u2022 Suurin lumikuormitus 180 kg \/ m2<br \/>\n\u2022 Leve\u00e4mpi profiili<br \/>\n\u2022 Leveys &#8211; 3m; Korkeus &#8211; 2,1 m; Pituus &#8211; 4, 6, 8, 10, 12m\u2026<\/p>\n<p>Artikkeli: 0000000000566<\/p>\n<div>\n<p>Saatavilla koot hinnoilla:<\/p>\n<\/div>\n<div>\n<div class=\"row margint10\">\n<div class=\"js-color-sizes js-color-sizes-1\"><strong><label class=\"marginr15\">4mm &#8211; 3 x 2.1 x 4 m &#8211; 489 EUR <label class=\"marginr15\"><label class=\"marginr15\"><label class=\"marginr15\"><label class=\"marginr15\">(ilman ALV).<\/label><\/label><\/label><\/label><\/label><\/strong><\/div>\n<div class=\"js-color-sizes js-color-sizes-1\"><strong><label class=\"marginr15\">4mm &#8211; 3 x 2.1 x 6 m &#8211; 619 EUR <label class=\"marginr15\"><label class=\"marginr15\"><label class=\"marginr15\"><label class=\"marginr15\">(ilman ALV).<\/label><\/label><\/label><\/label><\/label><\/strong><\/div>\n<div class=\"js-color-sizes js-color-sizes-1\"><strong><label class=\"marginr15\">4mm &#8211; 3 x 2.1 x 8 m &#8211; 749 EUR <label class=\"marginr15\"><label class=\"marginr15\"><label class=\"marginr15\"><label class=\"marginr15\">(ilman ALV).<\/label><\/label><\/label><\/label><\/label><\/strong><\/div>\n<div class=\"js-color-sizes js-color-sizes-1\"><strong><label class=\"marginr15\">4mm &#8211; 3 x 2.1 x 10 m &#8211; 879 EUR <label class=\"marginr15\"><label class=\"marginr15\"><label class=\"marginr15\"><label class=\"marginr15\">(ilman ALV).<\/label><\/label><\/label><\/label><\/label><\/strong><\/div>\n<div class=\"js-color-sizes js-color-sizes-1\"><strong><label class=\"marginr15\">6mm &#8211; 3 x 2.1 x 4 m &#8211; 589 EUR <label class=\"marginr15\"><label class=\"marginr15\"><label class=\"marginr15\"><label class=\"marginr15\">(ilman ALV).<\/label><\/label><\/label><\/label><\/label><\/strong><\/div>\n<div class=\"js-color-sizes js-color-sizes-1\"><strong><label class=\"marginr15\">6mm &#8211; 3 x 2.1 x 6 m &#8211; 749 EUR <label class=\"marginr15\"><label class=\"marginr15\"><label class=\"marginr15\"><label class=\"marginr15\">(ilman ALV).<\/label><\/label><\/label><\/label><\/label><\/strong><\/div>\n<div class=\"js-color-sizes js-color-sizes-1\"><strong><label class=\"marginr15\">6mm &#8211; 3 x 2.1 x 8 m &#8211; 909 EUR <label class=\"marginr15\"><label class=\"marginr15\"><label class=\"marginr15\"><label class=\"marginr15\">(ilman ALV).<\/label><\/label><\/label><\/label><\/label><\/strong><\/div>\n<div class=\"js-color-sizes js-color-sizes-1\"><strong><label class=\"marginr15\">6mm &#8211; 3 x 2.1 x 10 m &#8211; 1069 EUR <label class=\"marginr15\"><label class=\"marginr15\"><label class=\"marginr15\"><label class=\"marginr15\">(ilman ALV).<\/label><\/label><\/label><\/label>.<\/label><\/strong><\/div>\n<div><\/div>\n<\/div>\n<div class=\"row margint10\">\n<div class=\"row margint10\">\n<p>Lumenkuormitus, kg \/ m2: 180<\/p>\n<p>Lis\u00e4ksi:<br \/>\n<strong>Ilmaikkuna \u2013 40 EUR <label class=\"marginr15\"><label class=\"marginr15\"><label class=\"marginr15\"><label class=\"marginr15\"><label class=\"marginr15\">(<label class=\"marginr15\"><label class=\"marginr15\"><label class=\"marginr15\"><label class=\"marginr15\">ilman ALV<\/label><\/label><\/label><\/label>).<\/label><\/label><\/label><\/label><\/label><\/strong><\/p>\n<p><strong>Automaatio \u2013 35 EUR <label class=\"marginr15\"><label class=\"marginr15\"><label class=\"marginr15\"><label class=\"marginr15\"><label class=\"marginr15\">(<label class=\"marginr15\"><label class=\"marginr15\"><label class=\"marginr15\"><label class=\"marginr15\">ilman ALV<\/label><\/label><\/label><\/label>).<\/label><\/label><\/label><\/label><\/label><\/strong><\/p>\n<p><strong>Kasteluj\u00e4rjestelm\u00e4 \u2013 65 EUR <label class=\"marginr15\"><label class=\"marginr15\"><label class=\"marginr15\"><label class=\"marginr15\"><label class=\"marginr15\">(<label class=\"marginr15\"><label class=\"marginr15\"><label class=\"marginr15\"><label class=\"marginr15\">ilman ALV<\/label><\/label><\/label><\/label>).<\/label><\/label><\/label><\/label><\/label><\/strong><\/p>\n<p><strong>Sinkitty kasvipenkki 0,7m \u2013 55 EUR <\/strong><label class=\"marginr15\"><label class=\"marginr15\"><label class=\"marginr15\"><label class=\"marginr15\"><label class=\"marginr15\"><label class=\"marginr15\"><label class=\"marginr15\"><label class=\"marginr15\"><label class=\"marginr15\"><label class=\"marginr15\"><strong>(<label class=\"marginr15\"><label class=\"marginr15\"><label class=\"marginr15\"><label class=\"marginr15\">ilman ALV<\/label><\/label><\/label><\/label>).<\/strong><br \/>\n<\/label><\/label><\/label><\/label><\/label><\/label><\/label><\/label><\/label><\/label><\/p>\n<p><strong><label class=\"marginr15\"><label class=\"marginr15\"><label class=\"marginr15\"><label class=\"marginr15\"><label class=\"marginr15\"><label class=\"marginr15\"><label class=\"marginr15\"><label class=\"marginr15\"><label class=\"marginr15\"><label class=\"marginr15\"><label class=\"marginr15\"><label class=\"marginr15\"><label class=\"marginr15\"><label class=\"marginr15\"><label class=\"marginr15\"><label class=\"marginr15\"><label class=\"marginr15\"><label class=\"marginr15\"><label class=\"marginr15\"><label class=\"marginr15\"><br \/>\n<\/label><\/label><\/label><\/label><\/label><\/label><\/label><\/label><\/label><\/label><\/label><\/label><\/label><\/label><\/label><\/label><\/label><\/label><\/label><\/label><\/strong>Tarjoamme my\u00f6s asennusta ja kuljetusta. L\u00e4het\u00e4 meille osoitteesi saadaksesi tarjouksen.<\/p>\n<p><strong>HUOM! Kasvihuoneessa, jossa on 6 mm polykarbonaattia, p\u00e4\u00e4dyt ovat valmistettu 4 mm polykarbonaatista.<\/strong><\/p>\n<\/div>\n<\/div>\n<\/div>\n","protected":false},"excerpt":{"rendered":"<p>Erityisesti kuormitettuihin rungon osiin lis\u00e4ttiin ensimm\u00e4ist\u00e4 kertaa laaja vahvistettu profiili, joka kest\u00e4\u00e4 raskaat lumikuormitukset. Uuden leve\u00e4n profiilin k\u00e4yt\u00f6n ansiosta oli mahdollista v\u00e4hent\u00e4\u00e4 osien lukum\u00e4\u00e4r\u00e4\u00e4, yksinkertaistaa kokoonpanoa ja lis\u00e4t\u00e4 rakenteen kantavuutta lis\u00e4\u00e4m\u00e4tt\u00e4 hintaa. Kasvihuoneen leveys on optimaalinen kolmelle vuodepaikalle. Kasvihuoneen geometria on ajateltu t\u00e4ydent\u00e4m\u00e4\u00e4n sit\u00e4 edelleen erilaisilla lis\u00e4varusteilla: taimien sivup\u00f6yd\u00e4t, s\u00e4ngyt. Kaiken t\u00e4m\u00e4n ansiosta saatiin uusi lupaava korkealaatuinen malli edulliseen hintaan.<\/p>\n","protected":false},"featured_media":3901,"comment_status":"open","ping_status":"closed","template":"","meta":{"_acf_changed":false},"factory":[],"free-shipment":[],"product_brand":[],"product_cat":[997,452],"product_tag":[506],"class_list":{"0":"post-3900","1":"product","2":"type-product","3":"status-publish","4":"has-post-thumbnail","6":"product_cat-piha-puutarha-fi","7":"product_cat-kasvihuoneet","8":"product_tag-greenhouse-fi","10":"first","11":"instock","12":"sale","13":"taxable","14":"shipping-taxable","15":"purchasable","16":"product-type-simple"},"acf":[],"_links":{"self":[{"href":"https:\/\/factory.sale\/fi\/wp-json\/wp\/v2\/product\/3900","targetHints":{"allow":["GET"]}}],"collection":[{"href":"https:\/\/factory.sale\/fi\/wp-json\/wp\/v2\/product"}],"about":[{"href":"https:\/\/factory.sale\/fi\/wp-json\/wp\/v2\/types\/product"}],"replies":[{"embeddable":true,"href":"https:\/\/factory.sale\/fi\/wp-json\/wp\/v2\/comments?post=3900"}],"wp:featuredmedia":[{"embeddable":true,"href":"https:\/\/factory.sale\/fi\/wp-json\/wp\/v2\/media\/3901"}],"wp:attachment":[{"href":"https:\/\/factory.sale\/fi\/wp-json\/wp\/v2\/media?parent=3900"}],"wp:term":[{"taxonomy":"factory","embeddable":true,"href":"https:\/\/factory.sale\/fi\/wp-json\/wp\/v2\/factory?post=3900"},{"taxonomy":"free-shipment","embeddable":true,"href":"https:\/\/factory.sale\/fi\/wp-json\/wp\/v2\/free-shipment?post=3900"},{"taxonomy":"product_brand","embeddable":true,"href":"https:\/\/factory.sale\/fi\/wp-json\/wp\/v2\/product_brand?post=3900"},{"taxonomy":"product_cat","embeddable":true,"href":"https:\/\/factory.sale\/fi\/wp-json\/wp\/v2\/product_cat?post=3900"},{"taxonomy":"product_tag","embeddable":true,"href":"https:\/\/factory.sale\/fi\/wp-json\/wp\/v2\/product_tag?post=3900"}],"curies":[{"name":"wp","href":"https:\/\/api.w.org\/{rel}","templated":true}]}}