{"id":3895,"date":"2020-04-28T14:27:42","date_gmt":"2020-04-28T14:27:42","guid":{"rendered":"https:\/\/factory.sale\/product\/erisan-etasept-antiseptic-hand-rub-5-litres\/"},"modified":"2024-06-29T08:13:27","modified_gmt":"2024-06-29T08:13:27","slug":"erisan-etasept-antiseptic-hand-rub-5-litres","status":"publish","type":"product","link":"https:\/\/factory.sale\/fi\/tuote\/erisan-etasept-antiseptic-hand-rub-5-litres\/","title":{"rendered":"Erisan Etasept, Antiseptinen k\u00e4sidesi 5 litraa"},"content":{"rendered":"<p class=\"mb-2\">Erisan Etasept<br \/>\nAntiseptinen k\u00e4sidesi<br \/>\nHygieeniseen k\u00e4sien desinfiointiin<\/p>\n","protected":false},"excerpt":{"rendered":"<p><strong>K\u00e4ytt\u00f6<br \/>\n<\/strong>Ammattimaiseen k\u00e4ytt\u00f6\u00f6n kehitetty antiseptinen k\u00e4sidesi, joka sopii tilanteisiin miss\u00e4 on korkea hygieniavaatimus.<\/p>\n<p><strong>pH 8<\/strong><\/p>\n<p><strong>Ulkon\u00e4k\u00f6 ja tuoksu<\/strong><br \/>\nKirkas, v\u00e4rit\u00f6n geeli, etanoli<\/p>\n","protected":false},"featured_media":3896,"comment_status":"open","ping_status":"closed","template":"","meta":{"_acf_changed":false},"factory":[],"free-shipment":[],"product_brand":[],"product_cat":[440],"product_tag":[501,556,574,572],"class_list":{"0":"post-3895","1":"product","2":"type-product","3":"status-publish","4":"has-post-thumbnail","6":"product_cat-desinfiointiaineet-ja-omahygienia","7":"product_tag-antiseptic-fi","8":"product_tag-disinfectant-fi","9":"product_tag-hand-wash-fi","10":"product_tag-handcleaner-fi","12":"first","13":"instock","14":"sale","15":"taxable","16":"shipping-taxable","17":"purchasable","18":"product-type-simple"},"acf":[],"_links":{"self":[{"href":"https:\/\/factory.sale\/fi\/wp-json\/wp\/v2\/product\/3895","targetHints":{"allow":["GET"]}}],"collection":[{"href":"https:\/\/factory.sale\/fi\/wp-json\/wp\/v2\/product"}],"about":[{"href":"https:\/\/factory.sale\/fi\/wp-json\/wp\/v2\/types\/product"}],"replies":[{"embeddable":true,"href":"https:\/\/factory.sale\/fi\/wp-json\/wp\/v2\/comments?post=3895"}],"wp:featuredmedia":[{"embeddable":true,"href":"https:\/\/factory.sale\/fi\/wp-json\/wp\/v2\/media\/3896"}],"wp:attachment":[{"href":"https:\/\/factory.sale\/fi\/wp-json\/wp\/v2\/media?parent=3895"}],"wp:term":[{"taxonomy":"factory","embeddable":true,"href":"https:\/\/factory.sale\/fi\/wp-json\/wp\/v2\/factory?post=3895"},{"taxonomy":"free-shipment","embeddable":true,"href":"https:\/\/factory.sale\/fi\/wp-json\/wp\/v2\/free-shipment?post=3895"},{"taxonomy":"product_brand","embeddable":true,"href":"https:\/\/factory.sale\/fi\/wp-json\/wp\/v2\/product_brand?post=3895"},{"taxonomy":"product_cat","embeddable":true,"href":"https:\/\/factory.sale\/fi\/wp-json\/wp\/v2\/product_cat?post=3895"},{"taxonomy":"product_tag","embeddable":true,"href":"https:\/\/factory.sale\/fi\/wp-json\/wp\/v2\/product_tag?post=3895"}],"curies":[{"name":"wp","href":"https:\/\/api.w.org\/{rel}","templated":true}]}}