{"id":3888,"date":"2020-04-28T14:57:34","date_gmt":"2020-04-28T14:57:34","guid":{"rendered":"https:\/\/factory.sale\/product\/erisan-mild-liquid-soap-5-l\/"},"modified":"2024-06-26T02:59:34","modified_gmt":"2024-06-26T02:59:34","slug":"erisan-miedosti-hajustettu-nestesaippua-5-l","status":"publish","type":"product","link":"https:\/\/factory.sale\/fi\/tuote\/erisan-miedosti-hajustettu-nestesaippua-5-l\/","title":{"rendered":"Erisan miedosti hajustettu nestesaippua, 5 L"},"content":{"rendered":"<p><strong>Nestesaippua<\/strong><\/p>\n<p>Miedosti hajustettu nestesaippua usein toistuvaan k\u00e4ytt\u00f6\u00f6n.<\/p>\n<p><strong>K\u00e4ytt\u00f6<\/strong><\/p>\n<p>Sopii usein toistuvaan k\u00e4sienpesuun ja k\u00e4ytett\u00e4v\u00e4ksi suihkussa, my\u00f6s hiustenpesuun. Tuote sopii my\u00f6s herk\u00e4lle iholle.<\/p>\n<p><strong>pH<\/strong><\/p>\n<p>Tuotteen pH on 5,5.<\/p>\n<p><strong>Ulkon\u00e4k\u00f6 ja tuoksu<\/strong><\/p>\n<p>Kirkas, v\u00e4rit\u00f6n neste, hajusteeton.<\/p>\n<p><strong>S\u00e4ilytys<\/strong><\/p>\n<p>S\u00e4ilyt\u00e4 yli +5 \u00b0C:ssa. S\u00e4ilyvyys 3 vuotta valmistusp\u00e4iv\u00e4st\u00e4.<\/p>\n<p><strong>K\u00e4ytt\u00f6ohjeet<\/strong><\/p>\n<p>Levit\u00e4 m\u00e4r\u00e4lle iholle, pese ja huuhtele. Kuivaa iho huolellisesti. K\u00e4yt\u00e4 tarvittaessa k\u00e4sivoiteena, perusvoiteena tai kosteusvoiteena.<\/p>\n<p>Kun peset hiuksia, kostuta ensin hiukset ja hiuspohja riitt\u00e4v\u00e4n l\u00e4mpim\u00e4ll\u00e4 vedell\u00e4, pese hiukset ja vaahdota, jonka j\u00e4lkeen huuhtele huolellisesti. Toista pesuprosessi, jos hiuspohja\/hiukset ovat erityisen likaiset tai rasvaiset. K\u00e4yt\u00e4 hoitoainetta tarvittaessa.<\/p>\n","protected":false},"excerpt":{"rendered":"<p><strong>Nestesaippua<\/strong><\/p>\n<p>Miedosti hajustettu nestesaippua usein toistuvaan k\u00e4ytt\u00f6\u00f6n.<\/p>\n<p>&nbsp;<\/p>\n","protected":false},"featured_media":3889,"comment_status":"open","ping_status":"closed","template":"","meta":{"_acf_changed":false},"factory":[],"free-shipment":[],"product_brand":[],"product_cat":[440],"product_tag":[],"class_list":{"0":"post-3888","1":"product","2":"type-product","3":"status-publish","4":"has-post-thumbnail","6":"product_cat-desinfiointiaineet-ja-omahygienia","8":"first","9":"instock","10":"sale","11":"taxable","12":"shipping-taxable","13":"purchasable","14":"product-type-simple"},"acf":[],"_links":{"self":[{"href":"https:\/\/factory.sale\/fi\/wp-json\/wp\/v2\/product\/3888","targetHints":{"allow":["GET"]}}],"collection":[{"href":"https:\/\/factory.sale\/fi\/wp-json\/wp\/v2\/product"}],"about":[{"href":"https:\/\/factory.sale\/fi\/wp-json\/wp\/v2\/types\/product"}],"replies":[{"embeddable":true,"href":"https:\/\/factory.sale\/fi\/wp-json\/wp\/v2\/comments?post=3888"}],"wp:featuredmedia":[{"embeddable":true,"href":"https:\/\/factory.sale\/fi\/wp-json\/wp\/v2\/media\/3889"}],"wp:attachment":[{"href":"https:\/\/factory.sale\/fi\/wp-json\/wp\/v2\/media?parent=3888"}],"wp:term":[{"taxonomy":"factory","embeddable":true,"href":"https:\/\/factory.sale\/fi\/wp-json\/wp\/v2\/factory?post=3888"},{"taxonomy":"free-shipment","embeddable":true,"href":"https:\/\/factory.sale\/fi\/wp-json\/wp\/v2\/free-shipment?post=3888"},{"taxonomy":"product_brand","embeddable":true,"href":"https:\/\/factory.sale\/fi\/wp-json\/wp\/v2\/product_brand?post=3888"},{"taxonomy":"product_cat","embeddable":true,"href":"https:\/\/factory.sale\/fi\/wp-json\/wp\/v2\/product_cat?post=3888"},{"taxonomy":"product_tag","embeddable":true,"href":"https:\/\/factory.sale\/fi\/wp-json\/wp\/v2\/product_tag?post=3888"}],"curies":[{"name":"wp","href":"https:\/\/api.w.org\/{rel}","templated":true}]}}