{"id":3886,"date":"2020-04-28T15:02:24","date_gmt":"2020-04-28T15:02:24","guid":{"rendered":"https:\/\/factory.sale\/product\/hc38-hand-cleaner-38-l\/"},"modified":"2024-06-27T21:20:28","modified_gmt":"2024-06-27T21:20:28","slug":"hc38-kasienpesuaine-38-l","status":"publish","type":"product","link":"https:\/\/factory.sale\/fi\/tuote\/hc38-kasienpesuaine-38-l\/","title":{"rendered":"HC38 K\u00e4sienpesuaine 3,8 L"},"content":{"rendered":"<p><strong>K\u00e4ytt\u00f6<\/strong><\/p>\n<p>Voimakas k\u00e4sienpesuaine teollisuuden, autotallien ja maatalouden k\u00e4ytt\u00f6\u00f6n. Soveltuu erinomaisesti sitkeiden tahrojen, kuten rasvan, tervan, musteen, liiman ja maalin poistoon.<\/p>\n<p><strong>pH<\/strong><\/p>\n<p>Tuotteen pH on 7.<\/p>\n<p><strong>Ulkon\u00e4k\u00f6 ja tuoksu<\/strong><\/p>\n<p>Keltainen, levyinen emulsio.<\/p>\n<p><strong>S\u00e4ilytys<\/strong><\/p>\n<p>5 \u00b0C, ei saa j\u00e4\u00e4ty\u00e4. S\u00e4ilyvyys 3 vuotta valmistuksesta.<\/p>\n<p>K\u00e4ytt\u00f6ohjeet<\/p>\n<p>Hiero pieni m\u00e4\u00e4r\u00e4 k\u00e4sienpesuainetta kuiviin k\u00e4siin, kunnes lika irtoaa. Huuhtele puhtaalla vedell\u00e4 tai pyyhi pois pyyhkeell\u00e4 tai liinalla. Kuivaa k\u00e4det huolellisesti.<\/p>\n<p><strong>Huomautus<\/strong><\/p>\n<p>Uudistettu koostumus: kevyesti hioma-aineena k\u00e4ytetty aine on maissiper\u00e4ist\u00e4, mik\u00e4 on luonnollinen ja ymp\u00e4rist\u00f6yst\u00e4v\u00e4llinen vaihtoehto mikromuoveille. Se sis\u00e4lt\u00e4\u00e4 jojoba\u00f6ljy\u00e4 ja aloe vera -uutetta ihonhoitoaineina.<\/p>\n<p>Pid\u00e4 pakkaus suljettuna k\u00e4yt\u00f6n ulkopuolella.<\/p>\n","protected":false},"excerpt":{"rendered":"<p><strong>Pesuneste<\/strong><\/p>\n<p>UUSI KOOSTUMUS<\/p>\n<p>Tehokas k\u00e4sienpesuaine sitrusmaisella tuoksulla.<\/p>\n<p>&nbsp;<\/p>\n","protected":false},"featured_media":3887,"comment_status":"open","ping_status":"closed","template":"","meta":{"_acf_changed":false},"factory":[],"free-shipment":[],"product_brand":[],"product_cat":[440],"product_tag":[572],"class_list":{"0":"post-3886","1":"product","2":"type-product","3":"status-publish","4":"has-post-thumbnail","6":"product_cat-desinfiointiaineet-ja-omahygienia","7":"product_tag-handcleaner-fi","9":"first","10":"instock","11":"sale","12":"taxable","13":"shipping-taxable","14":"purchasable","15":"product-type-simple"},"acf":[],"_links":{"self":[{"href":"https:\/\/factory.sale\/fi\/wp-json\/wp\/v2\/product\/3886","targetHints":{"allow":["GET"]}}],"collection":[{"href":"https:\/\/factory.sale\/fi\/wp-json\/wp\/v2\/product"}],"about":[{"href":"https:\/\/factory.sale\/fi\/wp-json\/wp\/v2\/types\/product"}],"replies":[{"embeddable":true,"href":"https:\/\/factory.sale\/fi\/wp-json\/wp\/v2\/comments?post=3886"}],"wp:featuredmedia":[{"embeddable":true,"href":"https:\/\/factory.sale\/fi\/wp-json\/wp\/v2\/media\/3887"}],"wp:attachment":[{"href":"https:\/\/factory.sale\/fi\/wp-json\/wp\/v2\/media?parent=3886"}],"wp:term":[{"taxonomy":"factory","embeddable":true,"href":"https:\/\/factory.sale\/fi\/wp-json\/wp\/v2\/factory?post=3886"},{"taxonomy":"free-shipment","embeddable":true,"href":"https:\/\/factory.sale\/fi\/wp-json\/wp\/v2\/free-shipment?post=3886"},{"taxonomy":"product_brand","embeddable":true,"href":"https:\/\/factory.sale\/fi\/wp-json\/wp\/v2\/product_brand?post=3886"},{"taxonomy":"product_cat","embeddable":true,"href":"https:\/\/factory.sale\/fi\/wp-json\/wp\/v2\/product_cat?post=3886"},{"taxonomy":"product_tag","embeddable":true,"href":"https:\/\/factory.sale\/fi\/wp-json\/wp\/v2\/product_tag?post=3886"}],"curies":[{"name":"wp","href":"https:\/\/api.w.org\/{rel}","templated":true}]}}