{"id":3879,"date":"2020-05-18T15:38:09","date_gmt":"2020-05-18T15:38:09","guid":{"rendered":"https:\/\/factory.sale\/product\/power-distribution-and-metering-cabinets-hetr-ip34d\/"},"modified":"2024-06-26T21:13:54","modified_gmt":"2024-06-26T21:13:54","slug":"seinalle-tai-tolpalle-asennettavat-jako-ja-mittarikaapit-helk-ip34d","status":"publish","type":"product","link":"https:\/\/factory.sale\/fi\/tuote\/seinalle-tai-tolpalle-asennettavat-jako-ja-mittarikaapit-helk-ip34d\/","title":{"rendered":"SEIN\u00c4LLE TAI TOLPALLE ASENNETTAVAT JAKO- JA MITTARIKAAPIT &#8211; HELK (IP34D)"},"content":{"rendered":"<p>&nbsp;<\/p>\n<h2><b>RAKENNE<\/b><\/h2>\n<p><span style=\"font-weight: 400;\">Suojakotelo on valmistettu 1,5 mm kuumasinkityst\u00e4 ter\u00e4slevyst\u00e4 ja p\u00e4\u00e4llystetty UV-kest\u00e4v\u00e4ll\u00e4 pulverimaalilla (RAL 7032). Paneelin ovi on liikutettavissa ja varustettu lukolla (kolmio lukko kytkent\u00e4paneelissa, py\u00f6re\u00e4 lukko MAJ-mittauspaneelissa).<\/span><span style=\"font-weight: 400;\"><br \/>\n<\/span><span style=\"font-weight: 400;\">HELK-sarjan suojuksissa on p\u00e4\u00e4llekk\u00e4inen katto suojakseen sateelta, kaksinkertainen katto kondenssiveden suojaamiseen, veden erottelu ja tuuletusaukot. Suojausaste suljetaan ovilla IP 34D, avoimilla ovilla IP 20. Kosketussuojakotelot on valmistettu l\u00e4pin\u00e4kyv\u00e4st\u00e4 polykarbonaatista. Ohjain on TN-C-j\u00e4rjestelm\u00e4ss\u00e4 ja nimellinen k\u00e4ytt\u00f6j\u00e4nnite on 230\/400 V.<\/span><\/p>\n<h2><b>JAKOKAAPPI<\/b><\/h2>\n<p><span style=\"font-weight: 400;\">Vakiotuote sis\u00e4lt\u00e4\u00e4 p\u00e4\u00e4kytkimen, montaasilevyn vastamuttereilla, holkilla ja merkinn\u00f6ill\u00e4 varustetut johdotukset, muoviset suljettavat kosketussuojat, tulo- ja l\u00e4ht\u00f6liittimet sek\u00e4 kolme pistorasia-avainta. Virtajohtimien mittaamaton osa on suljettavissa. Vakioratkaisujen tapauksessa tuotetta ei ole varustettu mittarilla, mittarilla, tariffinhallintakellolla tai p\u00e4\u00e4suojakoneella.<\/span><\/p>\n<h2><b>MASTOASEMAN MITTARIKAAPIT<\/b><\/h2>\n<p><span style=\"font-weight: 400;\">Vakiotuote sis\u00e4lt\u00e4\u00e4 montaasilevyn, jossa vastamutterit, holkki ja merkitty johdotus, tulo- ja l\u00e4ht\u00f6liittimet.<\/span><span style=\"font-weight: 400;\"><br \/>\n<\/span><span style=\"font-weight: 400;\">Suoramittauskilpi sis\u00e4lt\u00e4\u00e4 p\u00e4\u00e4kytkimen ja kolmen 000 000: n sulakekytkimen (ilman sulakkeita) tai automaattisen vapautuskatkaisimen.<\/span><span style=\"font-weight: 400;\"><br \/>\n<\/span><span style=\"font-weight: 400;\">Muuntajasuoja sis\u00e4lt\u00e4\u00e4 virtamuuntajia 150\/5 A 0.2 S ja kolmen 000 000: n sulakekytkimen (ilman sulakkeita) tai automaattisen vapautuskatkaisimen. Vakioratkaisuissa tuotetta ei ole varustettu mittarilla ja tariffinhallintakellolla.<\/span><\/p>\n<h2><b>ASENNUS<\/b><\/h2>\n<p><span style=\"font-weight: 400;\">Kaapitt on tarkoitettu ulkotiloihin asennettavaksi tolpalle tolppasasennustarvikkeiden avulla, maahan tarkoitetulla perustalla (sokkelilla) tai sein\u00e4ll\u00e4 sein\u00e4kiinnikkeiden avulla.<\/span><\/p>\n<h2><b>VAKIOVAATIMUSTEN NOUDATTAMINEN<\/b><\/h2>\n<p><span style=\"font-weight: 400;\">HELK-sarjan suojat on valmistettu standardien EVS-EN 60439-1, EVS-EN 60439-3 ja EVS-EN 60439-5 mukaisesti. HELKill\u00e4 on FIMKO-sertifikaatti no. 21945.<\/span><\/p>\n<p>&nbsp;<\/p>\n","protected":false},"excerpt":{"rendered":"<p><span style=\"font-weight: 400;\">HELK-sarjan s\u00e4hk\u00f6n kytkent\u00e4kaapit on suunniteltu tehon mittaamiseen, virran rajoittamiseen, piirien suojaamiseen ja vaihtamiseen s\u00e4hk\u00f6verkon ja kuluttajan v\u00e4lill\u00e4 kytkent\u00e4pisteess\u00e4. N\u00e4m\u00e4 kaapit voidaan my\u00f6s asentaa muuntajalla oleviin apupolteihin, jotta voidaan mitata ja hallita verkon s\u00e4hk\u00f6tehoa.<\/span><\/p>\n","protected":false},"featured_media":3880,"comment_status":"open","ping_status":"closed","template":"","meta":{"_acf_changed":false},"factory":[],"free-shipment":[],"product_brand":[],"product_cat":[463,462],"product_tag":[507],"class_list":{"0":"post-3879","1":"product","2":"type-product","3":"status-publish","4":"has-post-thumbnail","6":"product_cat-low-voltage-power-distribution-equipment-fi","7":"product_cat-mv-lv-laitteet","8":"product_tag-hetr-fi","10":"first","11":"instock","12":"taxable","13":"shipping-taxable","14":"purchasable","15":"product-type-simple"},"acf":[],"_links":{"self":[{"href":"https:\/\/factory.sale\/fi\/wp-json\/wp\/v2\/product\/3879","targetHints":{"allow":["GET"]}}],"collection":[{"href":"https:\/\/factory.sale\/fi\/wp-json\/wp\/v2\/product"}],"about":[{"href":"https:\/\/factory.sale\/fi\/wp-json\/wp\/v2\/types\/product"}],"replies":[{"embeddable":true,"href":"https:\/\/factory.sale\/fi\/wp-json\/wp\/v2\/comments?post=3879"}],"wp:featuredmedia":[{"embeddable":true,"href":"https:\/\/factory.sale\/fi\/wp-json\/wp\/v2\/media\/3880"}],"wp:attachment":[{"href":"https:\/\/factory.sale\/fi\/wp-json\/wp\/v2\/media?parent=3879"}],"wp:term":[{"taxonomy":"factory","embeddable":true,"href":"https:\/\/factory.sale\/fi\/wp-json\/wp\/v2\/factory?post=3879"},{"taxonomy":"free-shipment","embeddable":true,"href":"https:\/\/factory.sale\/fi\/wp-json\/wp\/v2\/free-shipment?post=3879"},{"taxonomy":"product_brand","embeddable":true,"href":"https:\/\/factory.sale\/fi\/wp-json\/wp\/v2\/product_brand?post=3879"},{"taxonomy":"product_cat","embeddable":true,"href":"https:\/\/factory.sale\/fi\/wp-json\/wp\/v2\/product_cat?post=3879"},{"taxonomy":"product_tag","embeddable":true,"href":"https:\/\/factory.sale\/fi\/wp-json\/wp\/v2\/product_tag?post=3879"}],"curies":[{"name":"wp","href":"https:\/\/api.w.org\/{rel}","templated":true}]}}