{"id":3872,"date":"2020-05-18T15:57:33","date_gmt":"2020-05-18T15:57:33","guid":{"rendered":"https:\/\/factory.sale\/product\/mv-ring-main-units-rm6-8djh-8dj20-8dh10-xiria\/"},"modified":"2024-06-25T19:51:58","modified_gmt":"2024-06-25T19:51:58","slug":"keskijannite-virranjakelulaitteet-rm6-8djh-8dj20-8dh10-xiria","status":"publish","type":"product","link":"https:\/\/factory.sale\/fi\/tuote\/keskijannite-virranjakelulaitteet-rm6-8djh-8dj20-8dh10-xiria\/","title":{"rendered":"KESKIJ\u00c4NNITE VIRRANJAKELULAITTEET- RM6; 8DJH, 8DJ20, 8DH10, XIRIA"},"content":{"rendered":"<p><span style=\"font-weight: 400;\">Vastatakseen asiakkaiden tarpeisiin ja tarjotakseen vastaavan kokonaisratkaisun, Harju Elekter (Viro) jakelee ja asentaa muuntaja-asemissaan rengasp\u00e4\u00e4yksik\u00f6it\u00e4 eri valmistajilta.<\/span><\/p>\n<p><span style=\"font-weight: 400;\">Virranjakelulaitteiden valikoimassa on Schneider Electric RM6; Siemens 8DJH, 8DJ20 ja 8DH10; Eaton Holec Xiria.<\/span><\/p>\n<p><span style=\"font-weight: 400;\">AS Harju Elekter valmistama ja k\u00e4ytt\u00e4m\u00e4 keskij\u00e4nnitekytkin on<\/span><span style=\"font-weight: 400;\"><br \/>\n<\/span><span style=\"font-weight: 400;\">on tarkoitettu s\u00e4hk\u00f6n siirtoon, kytkemiseen, mittaamiseen ja s\u00e4hk\u00f6n toimittamiseen<\/span><span style=\"font-weight: 400;\"><br \/>\n<\/span><span style=\"font-weight: 400;\">suojaukseen jopa 24 kV: n j\u00e4nnitteill\u00e4.<\/span><span style=\"font-weight: 400;\"><br \/>\n<\/span><span style=\"font-weight: 400;\">NEX-p\u00e4\u00e4jakelulaite<\/span><span style=\"font-weight: 400;\"><br \/>\n<\/span><span style=\"font-weight: 400;\">NEX on KP-kytkinlaite, jossa on metallikotelo, ilmaneristys ja ulosvedett\u00e4v\u00e4 tyhji\u00f6katkaisija, valmistettu Schneider Electricin lisenssill\u00e4. NEX-kammio koostuu osastoista, jotka on erotettu metalli (kaapeli, katkaisija, ker\u00e4yspiiri ja matalaj\u00e4nnitekenno), joka varmistaa laitteen toiminnan jatkuvuuden luokassa LSC2B-PM. NEX on lis\u00e4\u00e4ntyneell\u00e4 sis\u00e4kaarivastuksella, mik\u00e4 varmistaa paremman luotettavuuden ja turvallisen toiminnan. NEXill\u00e4 on laaja valikoima relesuojauksia ja automatisointia. Tuote on tyyppitestattu ja t\u00e4ytt\u00e4\u00e4 nykyiset IEC-standardit<\/span><span style=\"font-weight: 400;\"><br \/>\n<\/span><span style=\"font-weight: 400;\">(IEC 62271-200).<\/span><span style=\"font-weight: 400;\"><br \/>\n<\/span><span style=\"font-weight: 400;\">Toissijainen SM6-jakelulaite<\/span><span style=\"font-weight: 400;\"><br \/>\n<\/span><span style=\"font-weight: 400;\">SM6 on valmistettu Schneider Electricin lisenssill\u00e4, ja se on tyyppitestattu ja t\u00e4ytt\u00e4\u00e4 IEC-standardit (IEC 62271-200) ilmaneristyksell\u00e4.<\/span><span style=\"font-weight: 400;\"><br \/>\n<\/span><span style=\"font-weight: 400;\">KP-jakelulaite. SM6 on rakennettu metallikoteloituihin kammioihin, mik\u00e4 varmistaa toiminnan jatkuvuuden keskeytyksen luokassa LSC2A-PI. SM6: lla on laaja valikoima toimintoja ja sit\u00e4 on helppo koota. SM6: ss\u00e4 on ilmaeristetty varastointi, kaasua<\/span><span style=\"font-weight: 400;\"><br \/>\n<\/span><span style=\"font-weight: 400;\">kuormanerotin, s\u00e4hk\u00f6inen tai tyhji\u00f6katkaisija, kontaktori, mittausmuuntajat ja laaja valikoima sek\u00e4 relesuojauksia ett\u00e4 automaatiota.<\/span><span style=\"font-weight: 400;\"><br \/>\n<\/span><span style=\"font-weight: 400;\">CTVT keskij\u00e4nnitteen mittauskammio<\/span><span style=\"font-weight: 400;\"><br \/>\n<\/span><span style=\"font-weight: 400;\">Keskij\u00e4nnitteen mittauskammio CTVT on tarkoitettu virran ja j\u00e4nnitteen mittaamiseen keskij\u00e4nnitekytkinlaitteissa 24 kV saakka. Tuote voidaan k\u00e4ytt\u00e4\u00e4 liit\u00e4nt\u00e4pisteen\u00e4 keskij\u00e4nnitteen energianmittausj\u00e4rjestelmiss\u00e4. CTVT on valmistettu Eesti Energian mukaan<\/span><span style=\"font-weight: 400;\"><br \/>\n<\/span><span style=\"font-weight: 400;\">Yritystandardiin EE 10421629 ST 8: 2004, lis\u00e4ksi tuotteella on GOST-R-sertifikaatti.<\/span><span style=\"font-weight: 400;\"><br \/>\n<\/span><span style=\"font-weight: 400;\">Kiert\u00e4v\u00e4t virtal\u00e4hteet<\/span><span style=\"font-weight: 400;\"><br \/>\n<\/span><span style=\"font-weight: 400;\">AS Harju Elekter asentaa asiakkaan erityiset toiveet ja sopivimman KP-laiteratkaisun varmistamiseksi t\u00e4ydelliset s\u00e4hk\u00f6asemat ja omien tuotteidensa v\u00e4lityksell\u00e4 v\u00e4litt\u00e4\u00e4 KP: n kiert\u00e4vi\u00e4 tehol\u00e4hteit\u00e4 eri valmistajilta. Piirisy\u00f6tt\u00f6laitteet Schneider Electric RM6 ja Unicarc ovat saatavana; Siemens 8DJH, 8DJ20 ja 8DH10; Eaton Holec Xiria.<\/span><\/p>\n<p>&nbsp;<\/p>\n","protected":false},"excerpt":{"rendered":"<p><span style=\"font-weight: 400;\">Vastatakseen asiakkaiden tarpeisiin ja tarjotakseen vastaavan kokonaisratkaisun, Harju Elekter (Viro) jakelee ja asentaa muuntaja-asemissaan rengasp\u00e4\u00e4yksik\u00f6it\u00e4 eri valmistajilta.<\/span><\/p>\n<p><span style=\"font-weight: 400;\">Virranjakelulaitteiden valikoimassa on Schneider Electric RM6; Siemens 8DJH, 8DJ20 ja 8DH10; Eaton Holec Xiria.<\/span><\/p>\n<p>&nbsp;<\/p>\n","protected":false},"featured_media":3873,"comment_status":"open","ping_status":"closed","template":"","meta":{"_acf_changed":false},"factory":[],"free-shipment":[],"product_brand":[],"product_cat":[464,462],"product_tag":[496],"class_list":{"0":"post-3872","1":"product","2":"type-product","3":"status-publish","4":"has-post-thumbnail","6":"product_cat-keskijannitteiset-virranjakelulaitteet","7":"product_cat-mv-lv-laitteet","8":"product_tag-8djh-fi","10":"first","11":"instock","12":"taxable","13":"shipping-taxable","14":"purchasable","15":"product-type-simple"},"acf":[],"_links":{"self":[{"href":"https:\/\/factory.sale\/fi\/wp-json\/wp\/v2\/product\/3872","targetHints":{"allow":["GET"]}}],"collection":[{"href":"https:\/\/factory.sale\/fi\/wp-json\/wp\/v2\/product"}],"about":[{"href":"https:\/\/factory.sale\/fi\/wp-json\/wp\/v2\/types\/product"}],"replies":[{"embeddable":true,"href":"https:\/\/factory.sale\/fi\/wp-json\/wp\/v2\/comments?post=3872"}],"wp:featuredmedia":[{"embeddable":true,"href":"https:\/\/factory.sale\/fi\/wp-json\/wp\/v2\/media\/3873"}],"wp:attachment":[{"href":"https:\/\/factory.sale\/fi\/wp-json\/wp\/v2\/media?parent=3872"}],"wp:term":[{"taxonomy":"factory","embeddable":true,"href":"https:\/\/factory.sale\/fi\/wp-json\/wp\/v2\/factory?post=3872"},{"taxonomy":"free-shipment","embeddable":true,"href":"https:\/\/factory.sale\/fi\/wp-json\/wp\/v2\/free-shipment?post=3872"},{"taxonomy":"product_brand","embeddable":true,"href":"https:\/\/factory.sale\/fi\/wp-json\/wp\/v2\/product_brand?post=3872"},{"taxonomy":"product_cat","embeddable":true,"href":"https:\/\/factory.sale\/fi\/wp-json\/wp\/v2\/product_cat?post=3872"},{"taxonomy":"product_tag","embeddable":true,"href":"https:\/\/factory.sale\/fi\/wp-json\/wp\/v2\/product_tag?post=3872"}],"curies":[{"name":"wp","href":"https:\/\/api.w.org\/{rel}","templated":true}]}}