{"id":3870,"date":"2020-05-25T11:32:36","date_gmt":"2020-05-25T11:32:36","guid":{"rendered":"https:\/\/factory.sale\/product\/eta-700-desinfitseeriv-puhastusaine-10-l\/"},"modified":"2024-06-27T19:58:14","modified_gmt":"2024-06-27T19:58:14","slug":"eta-700-desinfiointiaine-10-l","status":"publish","type":"product","link":"https:\/\/factory.sale\/fi\/tuote\/eta-700-desinfiointiaine-10-l\/","title":{"rendered":"Eta 700 desinfiointiaine 10 L"},"content":{"rendered":"<p>Eta 700 on etanoliin perustuva desinfiointiaine pintojen ja laitteiden desinfiointiin.<\/p>\n<p><strong>Erityispiirteet:<\/strong><\/p>\n<ul>\n<li>Valmis k\u00e4ytett\u00e4v\u00e4ksi.<\/li>\n<li>Haihtuu pinnoilta j\u00e4tt\u00e4m\u00e4tt\u00e4 j\u00e4\u00e4mi\u00e4.<\/li>\n<li>Ei j\u00e4t\u00e4 pintoihin sameutta.<\/li>\n<li>Tehokas bakteereita, hiivoja, homeita ja useimpia viruksia vastaan.<\/li>\n<li>Liukenee rasvaan pinnoilla.<\/li>\n<\/ul>\n<p>&nbsp;<\/p>\n<p><strong>K\u00e4ytt\u00f6:<\/strong><\/p>\n<p>P\u00e4ivitt\u00e4iseen pintojen ja laitteiden desinfiointiin elintarvikealalla.<\/p>\n<p><strong>pH:<\/strong><\/p>\n<p>Tuotteen pH 8 Lioksen pH 8<\/p>\n<p><strong>Ulkon\u00e4k\u00f6 ja tuoksu:<\/strong><\/p>\n<p>Kirkas, v\u00e4rit\u00f6n neste. Etanolin tuoksu.<\/p>\n<p><strong>S\u00e4ilytys:<\/strong><\/p>\n<p>S\u00e4ilyt\u00e4 viile\u00e4ss\u00e4, kuivassa paikassa (yli 3 \u00b0C l\u00e4mp\u00f6tilassa).<\/p>\n<p><strong>K\u00e4ytt\u00f6ohjeet:<\/strong><\/p>\n<p>Suihkuta puhdistetuille pinnoille tai pyyhi ne puhtaaksi laimentamattomalla ETA 700 -liuoksella. Tuote haihtuu j\u00e4tt\u00e4m\u00e4tt\u00e4 j\u00e4\u00e4mi\u00e4 eik\u00e4 vaadi huuhtelua, kunhan pinta on kuiva ennen tuotantoa.<\/p>\n<p>Suositeltu annostus: K\u00e4yt\u00e4 laimentamattomana.<\/p>\n<p><strong>Huomioitavaa:<\/strong><\/p>\n<p>Helposti syttyv\u00e4\u00e4. Muista k\u00e4ytt\u00e4\u00e4 biosidej\u00e4 turvallisesti. Lue k\u00e4ytt\u00f6ohjeet ja turvallisuustiedotteet huolellisesti ennen k\u00e4ytt\u00f6\u00e4.<\/p>\n","protected":false},"excerpt":{"rendered":"<p>Eta 700 on etanoliin perustuva desinfiointiaine pintojen ja laitteiden desinfiointiin.<\/p>\n<p><strong>Erityispiirteet:<\/strong><\/p>\n<ul>\n<li>Valmis k\u00e4ytett\u00e4v\u00e4ksi.<\/li>\n<li>Haihtuu pinnoilta j\u00e4tt\u00e4m\u00e4tt\u00e4 j\u00e4\u00e4mi\u00e4.<\/li>\n<li>Ei j\u00e4t\u00e4 pintoihin sameutta.<\/li>\n<li>Tehokas bakteereita, hiivoja, homeita ja useimpia viruksia vastaan.<\/li>\n<li>Liukenee rasvaan pinnoilla.<\/li>\n<\/ul>\n<p>&nbsp;<\/p>\n","protected":false},"featured_media":3871,"comment_status":"open","ping_status":"closed","template":"","meta":{"_acf_changed":false},"factory":[],"free-shipment":[],"product_brand":[],"product_cat":[440],"product_tag":[],"class_list":{"0":"post-3870","1":"product","2":"type-product","3":"status-publish","4":"has-post-thumbnail","6":"product_cat-desinfiointiaineet-ja-omahygienia","8":"first","9":"instock","10":"sale","11":"taxable","12":"shipping-taxable","13":"purchasable","14":"product-type-simple"},"acf":[],"_links":{"self":[{"href":"https:\/\/factory.sale\/fi\/wp-json\/wp\/v2\/product\/3870","targetHints":{"allow":["GET"]}}],"collection":[{"href":"https:\/\/factory.sale\/fi\/wp-json\/wp\/v2\/product"}],"about":[{"href":"https:\/\/factory.sale\/fi\/wp-json\/wp\/v2\/types\/product"}],"replies":[{"embeddable":true,"href":"https:\/\/factory.sale\/fi\/wp-json\/wp\/v2\/comments?post=3870"}],"wp:featuredmedia":[{"embeddable":true,"href":"https:\/\/factory.sale\/fi\/wp-json\/wp\/v2\/media\/3871"}],"wp:attachment":[{"href":"https:\/\/factory.sale\/fi\/wp-json\/wp\/v2\/media?parent=3870"}],"wp:term":[{"taxonomy":"factory","embeddable":true,"href":"https:\/\/factory.sale\/fi\/wp-json\/wp\/v2\/factory?post=3870"},{"taxonomy":"free-shipment","embeddable":true,"href":"https:\/\/factory.sale\/fi\/wp-json\/wp\/v2\/free-shipment?post=3870"},{"taxonomy":"product_brand","embeddable":true,"href":"https:\/\/factory.sale\/fi\/wp-json\/wp\/v2\/product_brand?post=3870"},{"taxonomy":"product_cat","embeddable":true,"href":"https:\/\/factory.sale\/fi\/wp-json\/wp\/v2\/product_cat?post=3870"},{"taxonomy":"product_tag","embeddable":true,"href":"https:\/\/factory.sale\/fi\/wp-json\/wp\/v2\/product_tag?post=3870"}],"curies":[{"name":"wp","href":"https:\/\/api.w.org\/{rel}","templated":true}]}}