{"id":3868,"date":"2020-05-25T12:58:11","date_gmt":"2020-05-25T12:58:11","guid":{"rendered":"https:\/\/factory.sale\/product\/erisan-hoitava-mild-liquid-soap-500ml\/"},"modified":"2025-03-22T01:11:05","modified_gmt":"2025-03-21T22:11:05","slug":"erisan-hoitava-mild-liquid-soap-500ml","status":"publish","type":"product","link":"https:\/\/factory.sale\/fi\/tuote\/erisan-hoitava-mild-liquid-soap-500ml\/","title":{"rendered":"Erisan hoitava, miedosti hajustettu nestesaippua 500ml"},"content":{"rendered":"<p>Miedosti hajustettu nestesaippua usein toistuvaan k\u00e4ytt\u00f6\u00f6n.<\/p>\n<p><strong>K\u00e4ytt\u00f6<\/strong><\/p>\n<p>Sopii usein toistuvaan k\u00e4sienpesuun ja k\u00e4ytett\u00e4v\u00e4ksi suihkussa, my\u00f6s hiustenpesuun. Tuote sopii my\u00f6s herk\u00e4lle iholle.<\/p>\n<p><strong>Tuotteen ominaisuudet<\/strong><\/p>\n<p>Hajusteeton, kirkas neste, joka vaahtoutuu hyvin. Pesee hell\u00e4varaisesti ja huuhtoutuu helposti. Kosteuttavat ainesosat pit\u00e4v\u00e4t ihon kosteustasapainon hyv\u00e4n\u00e4 ja helpottavat hiusten selvitt\u00e4mist\u00e4. Ainesosat ovat turvallisia ja tutkittuja.<\/p>\n<p><strong>K\u00e4ytt\u00f6ohjeet<\/strong><\/p>\n<p>Levit\u00e4 m\u00e4r\u00e4lle iholle, pese ja huuhtele. Kuivaa iho huolellisesti. K\u00e4yt\u00e4 tarvittaessa k\u00e4sivoiteena, perusvoiteena tai kosteusvoiteena. Kun peset hiuksia, kostuta ensin hiukset ja hiuspohja riitt\u00e4v\u00e4n l\u00e4mpim\u00e4ll\u00e4 vedell\u00e4, pese hiukset ja vaahdota, jonka j\u00e4lkeen huuhtele huolellisesti. Toista pesuprosessi, jos hiuspohja\/hiukset ovat erityisen likaiset tai rasvaiset. K\u00e4yt\u00e4 hoitoainetta tarvittaessa.<\/p>\n<p><strong>Koostumus<\/strong><\/p>\n<p>Ainesosa &#8211; Vaikutus<\/p>\n<p>Aqua Vesi<\/p>\n<p>Sodium Laureth Sulfate &#8211; Hyvin huuhdeltava anioninen pesuaine, joka tuottaa hyv\u00e4n vaahdon<\/p>\n<p>Glycerin Polyyoli &#8211; kosteuttaa tehokkaasti ihoa ja hiuksia sek\u00e4 est\u00e4\u00e4 kuivumista<\/p>\n<p>Sodium Chloride &#8211; Viskositeetin s\u00e4\u00e4t\u00e4j\u00e4<\/p>\n<p>Cocamidopropyl Betaine Mieto- puhdistava amfoteerinen pesuaine, joka tekee kevyen vaahdon<\/p>\n<p>PEG-7 Glyceryl Cocoate Easily &#8211; huuhdeltava hoitoaine, joka hoitaa ihoa ja hiuksia<\/p>\n<p>Cocamide MEA &#8211; Viskositeetin s\u00e4\u00e4t\u00e4j\u00e4<\/p>\n<p>Sodium Benzoate &#8211; S\u00e4il\u00f6nt\u00e4aine<\/p>\n<p>Citric Acid &#8211; pH-s\u00e4\u00e4t\u00e4j\u00e4<\/p>\n<p>&nbsp;<\/p>\n<p><strong>Tuotteen pH<\/strong><\/p>\n<p>5,5 happaman puolella<\/p>\n<p><strong>S\u00e4ilytys<\/strong><\/p>\n<p>S\u00e4ilyt\u00e4 yli +5 \u00b0C:ssa. S\u00e4ilyvyys 3 vuotta valmistusp\u00e4iv\u00e4st\u00e4.<\/p>\n","protected":false},"excerpt":{"rendered":"<p><strong>K\u00e4ytt\u00f6<\/strong><\/p>\n<p>Sopii usein toistuvaan k\u00e4sienpesuun ja k\u00e4ytett\u00e4v\u00e4ksi suihkussa, my\u00f6s hiustenpesuun. Tuote sopii my\u00f6s herk\u00e4lle iholle.<\/p>\n<p><strong>pH<\/strong><\/p>\n<p>Tuotteen pH on 5,5.<\/p>\n<p><strong>Ulkon\u00e4k\u00f6 ja tuoksu<\/strong><\/p>\n<p>Kirkas, v\u00e4rit\u00f6n neste, hajusteeton.<\/p>\n<p><strong>Valmistusmaa<\/strong><\/p>\n<p>SUOMI<\/p>\n","protected":false},"featured_media":3869,"comment_status":"open","ping_status":"closed","template":"","meta":{"_acf_changed":false},"factory":[],"free-shipment":[],"product_brand":[],"product_cat":[440],"product_tag":[],"class_list":{"0":"post-3868","1":"product","2":"type-product","3":"status-publish","4":"has-post-thumbnail","6":"product_cat-desinfiointiaineet-ja-omahygienia","8":"first","9":"instock","10":"sale","11":"taxable","12":"shipping-taxable","13":"purchasable","14":"product-type-simple"},"acf":[],"_links":{"self":[{"href":"https:\/\/factory.sale\/fi\/wp-json\/wp\/v2\/product\/3868","targetHints":{"allow":["GET"]}}],"collection":[{"href":"https:\/\/factory.sale\/fi\/wp-json\/wp\/v2\/product"}],"about":[{"href":"https:\/\/factory.sale\/fi\/wp-json\/wp\/v2\/types\/product"}],"replies":[{"embeddable":true,"href":"https:\/\/factory.sale\/fi\/wp-json\/wp\/v2\/comments?post=3868"}],"wp:featuredmedia":[{"embeddable":true,"href":"https:\/\/factory.sale\/fi\/wp-json\/wp\/v2\/media\/3869"}],"wp:attachment":[{"href":"https:\/\/factory.sale\/fi\/wp-json\/wp\/v2\/media?parent=3868"}],"wp:term":[{"taxonomy":"factory","embeddable":true,"href":"https:\/\/factory.sale\/fi\/wp-json\/wp\/v2\/factory?post=3868"},{"taxonomy":"free-shipment","embeddable":true,"href":"https:\/\/factory.sale\/fi\/wp-json\/wp\/v2\/free-shipment?post=3868"},{"taxonomy":"product_brand","embeddable":true,"href":"https:\/\/factory.sale\/fi\/wp-json\/wp\/v2\/product_brand?post=3868"},{"taxonomy":"product_cat","embeddable":true,"href":"https:\/\/factory.sale\/fi\/wp-json\/wp\/v2\/product_cat?post=3868"},{"taxonomy":"product_tag","embeddable":true,"href":"https:\/\/factory.sale\/fi\/wp-json\/wp\/v2\/product_tag?post=3868"}],"curies":[{"name":"wp","href":"https:\/\/api.w.org\/{rel}","templated":true}]}}