{"id":3866,"date":"2020-05-25T13:47:46","date_gmt":"2020-05-25T13:47:46","guid":{"rendered":"https:\/\/factory.sale\/product\/erisan-etasept-kate-antiseptikum-500-ml\/"},"modified":"2024-06-26T19:14:59","modified_gmt":"2024-06-26T19:14:59","slug":"erisan-etasept-kate-antiseptikum-500-ml","status":"publish","type":"product","link":"https:\/\/factory.sale\/fi\/tuote\/erisan-etasept-kate-antiseptikum-500-ml\/","title":{"rendered":"ERISAN ETASEPT, Antiseptinen k\u00e4sidesi 500 ml pullo"},"content":{"rendered":"<p><strong>K\u00e4ytt\u00f6<\/strong><\/p>\n<p>Ammattimaiseen k\u00e4ytt\u00f6\u00f6n kehitetty antiseptinen k\u00e4sidesi, joka sopii tilanteisiin miss\u00e4 on korkea hygieniavaatimus.<\/p>\n<p><strong>Lis\u00e4tiedot<\/strong><\/p>\n<ul>\n<li>Tehokas, ihonhoitovoide tuhoaa ei-toivotut bakteerit, homeen, hiivan ja virukset iholta.<\/li>\n<li>Etanoli desinfiointiaineena (73,5 painoprosenttia) desinfioi tehokkaasti ja haihtuu nopeasti. Erisan Etasept sis\u00e4lt\u00e4\u00e4 ihoa hoitavia ainesosia. Se sis\u00e4lt\u00e4\u00e4 glyserolia ja kosteuttavia \u00f6ljyj\u00e4 ihon kuivumisen est\u00e4miseksi. Hieman geelim\u00e4isen koostumuksen ja ihoa hoitavien ainesosien ansiosta Erisan Etasept Antiseptic voide on miellytt\u00e4v\u00e4.<\/li>\n<li>Mikrobisidisten tehokkuustestien (EN 1500) testitulokset todistavat, ett\u00e4 Erisan EtaSept Antiseptinen k\u00e4sidesi soveltuu hygieeniseen k\u00e4den desinfiointiin. Todistettu toimivan my\u00f6s norovirusta vastaan.<\/li>\n<li>Tuotteessa on suomalaisen allergia- ja astmayhdistyksen my\u00f6nt\u00e4m\u00e4 allergiamerkki.<\/li>\n<\/ul>\n<p><strong>K\u00e4ytt\u00f6ohjeet<\/strong><\/p>\n<p>Hiero puhtaalle iholle kunnes tuote on imeytynyt.<\/p>\n<p><strong>Tuotetiedot<\/strong><\/p>\n<p>Alcohol denat Biocide, desinfioiva aineosa, biosidinen tehoaine<br \/>\nVesi<br \/>\nGlycerin ihoa tehokkaasti kosteuttava ja sen kuivumista ehk\u00e4isev\u00e4 polyoli<br \/>\nPEG-7 Glyceryl Cocoate Skincare hoito\u00f6ljy, joka ehk\u00e4isee kosteuden haihtumista iholta<br \/>\nTetrahydroxypropyl<br \/>\nEthylenediamine<br \/>\nAcrylates\/C10-30 alkyl acrylate crosspolymer, viskositeetin s\u00e4\u00e4t\u00e4j\u00e4<\/p>\n<p><strong>Muu koostumus<\/strong><\/p>\n<p>(A12) denaturoitu etanoli 73,5 paino-%<\/p>\n<div class=\"product-info__title\"><strong>pH<\/strong><\/div>\n<div class=\"product-info__content\">\n<p>Tuotteen pH: 8<\/p>\n<\/div>\n<p><strong>S\u00e4ilytys<\/strong><\/p>\n<p>S\u00e4ilytysl\u00e4mp\u00f6tila &gt; +5\u00b0C. S\u00e4ilyvyys 5 vuotta.<\/p>\n<div class=\"product-info__title\"><strong>Ulkon\u00e4k\u00f6 ja tuoksu<\/strong><\/div>\n<div class=\"product-info__content\">\n<p>Kirkas v\u00e4rit\u00f6n geeli, etanolin tuoksu<\/p>\n<\/div>\n","protected":false},"excerpt":{"rendered":"<p class=\"mb-2\">Erisan Etasept<\/p>\n<p>Desinfektiointiaine k\u00e4sille<\/p>\n<p>Kevyesti geelim\u00e4inen ja tehokas desinfektiohuuhde k\u00e4sille. Ammattik\u00e4ytt\u00f6\u00f6n. Tuhoaa bakteereita, homeita, hiivoja ja viruksia.<\/p>\n","protected":false},"featured_media":3867,"comment_status":"open","ping_status":"closed","template":"","meta":{"_acf_changed":false},"factory":[],"free-shipment":[],"product_brand":[],"product_cat":[440],"product_tag":[],"class_list":{"0":"post-3866","1":"product","2":"type-product","3":"status-publish","4":"has-post-thumbnail","6":"product_cat-desinfiointiaineet-ja-omahygienia","8":"first","9":"instock","10":"sale","11":"taxable","12":"shipping-taxable","13":"purchasable","14":"product-type-simple"},"acf":[],"_links":{"self":[{"href":"https:\/\/factory.sale\/fi\/wp-json\/wp\/v2\/product\/3866","targetHints":{"allow":["GET"]}}],"collection":[{"href":"https:\/\/factory.sale\/fi\/wp-json\/wp\/v2\/product"}],"about":[{"href":"https:\/\/factory.sale\/fi\/wp-json\/wp\/v2\/types\/product"}],"replies":[{"embeddable":true,"href":"https:\/\/factory.sale\/fi\/wp-json\/wp\/v2\/comments?post=3866"}],"wp:featuredmedia":[{"embeddable":true,"href":"https:\/\/factory.sale\/fi\/wp-json\/wp\/v2\/media\/3867"}],"wp:attachment":[{"href":"https:\/\/factory.sale\/fi\/wp-json\/wp\/v2\/media?parent=3866"}],"wp:term":[{"taxonomy":"factory","embeddable":true,"href":"https:\/\/factory.sale\/fi\/wp-json\/wp\/v2\/factory?post=3866"},{"taxonomy":"free-shipment","embeddable":true,"href":"https:\/\/factory.sale\/fi\/wp-json\/wp\/v2\/free-shipment?post=3866"},{"taxonomy":"product_brand","embeddable":true,"href":"https:\/\/factory.sale\/fi\/wp-json\/wp\/v2\/product_brand?post=3866"},{"taxonomy":"product_cat","embeddable":true,"href":"https:\/\/factory.sale\/fi\/wp-json\/wp\/v2\/product_cat?post=3866"},{"taxonomy":"product_tag","embeddable":true,"href":"https:\/\/factory.sale\/fi\/wp-json\/wp\/v2\/product_tag?post=3866"}],"curies":[{"name":"wp","href":"https:\/\/api.w.org\/{rel}","templated":true}]}}