{"id":3796,"date":"2020-06-23T10:53:59","date_gmt":"2020-06-23T10:53:59","guid":{"rendered":"https:\/\/factory.sale\/product\/tenax-w-pir-h\/"},"modified":"2024-06-26T06:20:11","modified_gmt":"2024-06-26T06:20:11","slug":"tenax-w-pir-h","status":"publish","type":"product","link":"https:\/\/factory.sale\/fi\/tuote\/tenax-w-pir-h\/","title":{"rendered":"Tenax W PIR H"},"content":{"rendered":"<p>TENAX-sandwich-paneeleita valmistetaan monenlaisilla paksuusvaihtoehdoilla. Niiss\u00e4 on erilaisia \u200b\u200bl\u00e4mp\u00f6\u00e4 erist\u00e4vi\u00e4 v\u00e4likerroksia, reunaliitoksia ja ter\u00e4spinnoitusprofiileja, jotka vaikuttavat merkitt\u00e4v\u00e4sti rakenteen toiminnallisiin ominaisuuksiin ja ulkon\u00e4k\u00f6\u00f6n. TENAX-kerrospaneelit, joissa on eristetty polyisosyanuraatti (PIR) -eristekerros, on suunniteltu erityisesti rakenteille, joilla on eritt\u00e4in korkeat l\u00e4mp\u00f6- ja paloturvallisuusvaatimukset, sek\u00e4 rakennuksiin, joissa eristekerroksessa on vaarana veden kondensoituminen.Valitsemalla TENAX-sandwich-paneelit asiakas saa my\u00f6s paneelien suunnittelupalvelut, piirustus kokoonpanoyksik\u00f6ist\u00e4 ja lis\u00e4osista sek\u00e4 paneelien asennukseen tarvittavista materiaaleista.<\/p>\n<p><em>Minimi tilaus 300m2<\/em><\/p>\n<p>&nbsp;<\/p>\n<p>ETUJA<br \/>\n\u2022 projektipohjaiset ratkaisut<br \/>\n\u2022 lyhyt toimitusaika (3-4 viikkoa)<br \/>\n\u2022 kattava tekninen tuki<br \/>\n\u2022 projektinhallinnan tuki rakentamisen aikana<br \/>\n\u2022 v\u00e4hemm\u00e4n leikkaust\u00f6it\u00e4 ja roskia esineess\u00e4 (mahdollinen paneelin leveys &#8211; 0,6 &#8211; 1,2 m)<br \/>\n\u2022 helppo vaihtaa eristemateriaalia suunnitteluty\u00f6n j\u00e4lkeen (esimerkiksi mineraalivillasta PIR-t\u00e4ytteeksi)<br \/>\n\u2022 liitokset sopivat eri paneeleihin (MW, PIR, PUR ja EPS)<br \/>\n\u2022 paneelien lis\u00e4ksi on mahdollista tilata lis\u00e4varusteita (liitokset, ruuvit jne.)<br \/>\n\u2022 Yli 10 vuoden kokemus paneelien tuotannosta, valmistuksesta ja toimituksesta<\/p>\n","protected":false},"excerpt":{"rendered":"<p>TENAX-sandwich-paneeleita valmistetaan monenlaisilla paksuusvaihtoehdoilla. Niiss\u00e4 on erilaisia \u200b\u200bl\u00e4mp\u00f6\u00e4 erist\u00e4vi\u00e4 v\u00e4likerroksia, reunaliitoksia ja ter\u00e4spinnoitusprofiileja, jotka vaikuttavat merkitt\u00e4v\u00e4sti rakenteen toiminnallisiin ominaisuuksiin ja ulkon\u00e4k\u00f6\u00f6n. TENAX-kerrospaneelit, joissa on eristetty polyisosyanuraatti (PIR) -eristekerros, on suunniteltu erityisesti rakenteille, joilla on eritt\u00e4in korkeat l\u00e4mp\u00f6- ja paloturvallisuusvaatimukset, sek\u00e4 rakennuksiin, joissa eristekerroksessa on vaarana veden kondensoituminen.Valitsemalla TENAX-sandwich-paneelit asiakas saa my\u00f6s paneelien suunnittelupalvelut, piirustus kokoonpanoyksik\u00f6ist\u00e4 ja lis\u00e4osista sek\u00e4 paneelien asennukseen tarvittavista materiaaleista.<\/p>\n<p>T\u00e4m\u00e4 on mallihinta 60 mm paneelille.<\/p>\n<p>Meilt\u00e4 saat tarvittaessa my\u00f6s asennuksen \u2013 toimitetaan ja asennetaan valtakunnallisesti!<\/p>\n<p>L\u00e4het\u00e4 oma tarjouspyynt\u00f6: myynti@factory.sale<\/p>\n<p>Minimi tilaus 300m2.<\/p>\n","protected":false},"featured_media":3797,"comment_status":"open","ping_status":"closed","template":"","meta":{"_acf_changed":false},"factory":[],"free-shipment":[],"product_brand":[],"product_cat":[476,479],"product_tag":[607],"class_list":{"0":"post-3796","1":"product","2":"type-product","3":"status-publish","4":"has-post-thumbnail","6":"product_cat-sandwich-panel-fi","7":"product_cat-pir-pur","8":"product_tag-tenax-fi","10":"first","11":"instock","12":"sale","13":"taxable","14":"shipping-taxable","15":"purchasable","16":"product-type-simple"},"acf":[],"_links":{"self":[{"href":"https:\/\/factory.sale\/fi\/wp-json\/wp\/v2\/product\/3796","targetHints":{"allow":["GET"]}}],"collection":[{"href":"https:\/\/factory.sale\/fi\/wp-json\/wp\/v2\/product"}],"about":[{"href":"https:\/\/factory.sale\/fi\/wp-json\/wp\/v2\/types\/product"}],"replies":[{"embeddable":true,"href":"https:\/\/factory.sale\/fi\/wp-json\/wp\/v2\/comments?post=3796"}],"wp:featuredmedia":[{"embeddable":true,"href":"https:\/\/factory.sale\/fi\/wp-json\/wp\/v2\/media\/3797"}],"wp:attachment":[{"href":"https:\/\/factory.sale\/fi\/wp-json\/wp\/v2\/media?parent=3796"}],"wp:term":[{"taxonomy":"factory","embeddable":true,"href":"https:\/\/factory.sale\/fi\/wp-json\/wp\/v2\/factory?post=3796"},{"taxonomy":"free-shipment","embeddable":true,"href":"https:\/\/factory.sale\/fi\/wp-json\/wp\/v2\/free-shipment?post=3796"},{"taxonomy":"product_brand","embeddable":true,"href":"https:\/\/factory.sale\/fi\/wp-json\/wp\/v2\/product_brand?post=3796"},{"taxonomy":"product_cat","embeddable":true,"href":"https:\/\/factory.sale\/fi\/wp-json\/wp\/v2\/product_cat?post=3796"},{"taxonomy":"product_tag","embeddable":true,"href":"https:\/\/factory.sale\/fi\/wp-json\/wp\/v2\/product_tag?post=3796"}],"curies":[{"name":"wp","href":"https:\/\/api.w.org\/{rel}","templated":true}]}}