{"id":3715,"date":"2020-07-31T12:09:07","date_gmt":"2020-07-31T12:09:07","guid":{"rendered":"https:\/\/factory.sale\/product\/surface-disinfectant\/"},"modified":"2024-06-27T19:40:10","modified_gmt":"2024-06-27T19:40:10","slug":"thuja-pintojen-desinfointiaine","status":"publish","type":"product","link":"https:\/\/factory.sale\/fi\/tuote\/thuja-pintojen-desinfointiaine\/","title":{"rendered":"THUJA PINTOJEN DESINFOINTIAINE"},"content":{"rendered":"<p><strong>K\u00e4ytt\u00f6kohteet:<\/strong><\/p>\n<p><strong><br \/>\n<\/strong><span style=\"font-weight: 400;\">\u2022 Kiinteist\u00f6t<\/span><span style=\"font-weight: 400;\"><br \/>\n<\/span><span style=\"font-weight: 400;\">\u2022 Toimistot<\/span><span style=\"font-weight: 400;\"><br \/>\n<\/span><span style=\"font-weight: 400;\">\u2022 Kaupat<\/span><span style=\"font-weight: 400;\"><br \/>\n<\/span><span style=\"font-weight: 400;\">\u2022 Varastot<\/span><span style=\"font-weight: 400;\"><br \/>\n<\/span><span style=\"font-weight: 400;\">\u2022 Julkiset tilat<\/span><span style=\"font-weight: 400;\"><br \/>\n<\/span><span style=\"font-weight: 400;\">\u2022 Teollisuustilat<\/span><span style=\"font-weight: 400;\"><br \/>\n<\/span><span style=\"font-weight: 400;\">\u2022 Autot<\/span><span style=\"font-weight: 400;\"><br \/>\n<\/span><span style=\"font-weight: 400;\">\u2022 Kulkuv\u00e4lineet<\/span><span style=\"font-weight: 400;\"><\/p>\n<p><\/span><\/p>\n<p><strong>K\u00e4ytt\u00f6ohjeet:<\/strong><\/p>\n<p><strong><br \/>\n<\/strong><span style=\"font-weight: 400;\">0,5 litran k\u00e4ytt\u00f6valmis spraypullo on tarkoitettu k\u00e4ytett\u00e4v\u00e4ksi laimentamatta. Laimenna tiivistett\u00e4 1:10 vedell\u00e4. K\u00e4yt\u00e4 enint\u00e4\u00e4n 50 \u00b0 C l\u00e4mp\u00f6tilassa. Levit\u00e4 tuote pinnoille. Valotusaika: 5-10 minuuttia.<\/span><span style=\"font-weight: 400;\"><\/p>\n<p><\/span><\/p>\n<p><strong>Paketit:<\/strong><\/p>\n<p><strong><br \/>\n<\/strong><span style=\"font-weight: 400;\">\u2022 0,5 litran spraypullo k\u00e4ytt\u00f6valmis<\/span><span style=\"font-weight: 400;\"><br \/>\n<\/span><span style=\"font-weight: 400;\">\u2022 5 L k\u00e4ytt\u00f6valmis<\/span><span style=\"font-weight: 400;\"><br \/>\n<\/span><span style=\"font-weight: 400;\">\u2022 10 litraa k\u00e4ytt\u00f6valmis<\/span><span style=\"font-weight: 400;\"><br \/>\n<\/span><span style=\"font-weight: 400;\">\u2022 0,5 I tiiviste<\/span><span style=\"font-weight: 400;\"><br \/>\n<\/span><span style=\"font-weight: 400;\">\u2022 5 litran tiiviste<\/span><\/p>\n<p>&nbsp;<\/p>\n","protected":false},"excerpt":{"rendered":"<ul>\n<li><span style=\"font-weight: 400;\">Sopii kaikille pintamateriaaleille<\/span><span style=\"font-weight: 400;\"><br \/>\n<\/span><\/li>\n<li><span style=\"font-weight: 400;\">Alkoholiton<\/span><span style=\"font-weight: 400;\"><br \/>\n<\/span><\/li>\n<li><span style=\"font-weight: 400;\">Paloturvallinen<\/span><span style=\"font-weight: 400;\"><br \/>\n<\/span><\/li>\n<li><span style=\"font-weight: 400;\">Tappaa bakteerit (99,9%), sienet ja virukset<\/span><span style=\"font-weight: 400;\"><br \/>\n<\/span><\/li>\n<li><span style=\"font-weight: 400;\">Biosidin toimivuus on varmistettu standardien EN 1276, EN 1650 ja EN 13610 (mukaan lukien koronavirus) mukaisesti.<\/span><span style=\"font-weight: 400;\"><br \/>\n<\/span><\/li>\n<li><span style=\"font-weight: 400;\">Kustannukset: 1 L = n. 50-70 m2<\/span><span style=\"font-weight: 400;\"><br \/>\n<\/span><\/li>\n<\/ul>\n","protected":false},"featured_media":3716,"comment_status":"open","ping_status":"closed","template":"","meta":{"_acf_changed":false},"factory":[],"free-shipment":[],"product_brand":[],"product_cat":[440],"product_tag":[502],"class_list":{"0":"post-3715","1":"product","2":"type-product","3":"status-publish","4":"has-post-thumbnail","6":"product_cat-desinfiointiaineet-ja-omahygienia","7":"product_tag-desinfitseerimisvahend-fi","9":"first","10":"instock","11":"sale","12":"taxable","13":"shipping-taxable","14":"purchasable","15":"product-type-simple"},"acf":[],"_links":{"self":[{"href":"https:\/\/factory.sale\/fi\/wp-json\/wp\/v2\/product\/3715","targetHints":{"allow":["GET"]}}],"collection":[{"href":"https:\/\/factory.sale\/fi\/wp-json\/wp\/v2\/product"}],"about":[{"href":"https:\/\/factory.sale\/fi\/wp-json\/wp\/v2\/types\/product"}],"replies":[{"embeddable":true,"href":"https:\/\/factory.sale\/fi\/wp-json\/wp\/v2\/comments?post=3715"}],"wp:featuredmedia":[{"embeddable":true,"href":"https:\/\/factory.sale\/fi\/wp-json\/wp\/v2\/media\/3716"}],"wp:attachment":[{"href":"https:\/\/factory.sale\/fi\/wp-json\/wp\/v2\/media?parent=3715"}],"wp:term":[{"taxonomy":"factory","embeddable":true,"href":"https:\/\/factory.sale\/fi\/wp-json\/wp\/v2\/factory?post=3715"},{"taxonomy":"free-shipment","embeddable":true,"href":"https:\/\/factory.sale\/fi\/wp-json\/wp\/v2\/free-shipment?post=3715"},{"taxonomy":"product_brand","embeddable":true,"href":"https:\/\/factory.sale\/fi\/wp-json\/wp\/v2\/product_brand?post=3715"},{"taxonomy":"product_cat","embeddable":true,"href":"https:\/\/factory.sale\/fi\/wp-json\/wp\/v2\/product_cat?post=3715"},{"taxonomy":"product_tag","embeddable":true,"href":"https:\/\/factory.sale\/fi\/wp-json\/wp\/v2\/product_tag?post=3715"}],"curies":[{"name":"wp","href":"https:\/\/api.w.org\/{rel}","templated":true}]}}