{"id":3711,"date":"2020-07-31T12:43:49","date_gmt":"2020-07-31T12:43:49","guid":{"rendered":"https:\/\/factory.sale\/product\/euro-super-wash-detergent\/"},"modified":"2025-03-27T00:52:43","modified_gmt":"2025-03-26T21:52:43","slug":"euro-super-wash-pesuaine-5l","status":"publish","type":"product","link":"https:\/\/factory.sale\/fi\/tuote\/euro-super-wash-pesuaine-5l\/","title":{"rendered":"Euro Super Wash pesuaine, 5l"},"content":{"rendered":"<p><span style=\"font-weight: 400;\">Erityisen tehokkaat pesuainetiivisteen liotusominaisuudet.<\/span><span style=\"font-weight: 400;\"><br \/>\n<\/span><span style=\"font-weight: 400;\">Poistaa helposti \u00f6ljyn, rasvan, noen, jarrup\u00f6lyn, tien suolan, voiteluaineet ja kaiken vaikeasti poistettavan lian monimutkaisilta vedenkest\u00e4vilt\u00e4 pinnoilta.<\/span><span style=\"font-weight: 400;\"><br \/>\n<\/span><span style=\"font-weight: 400;\">Super Wash on tiivistetty, mutta pohjainen puhdistusaine.<\/span><\/p>\n<p><span style=\"font-weight: 400;\"><br \/>\n<\/span><strong>K\u00e4ytt\u00f6ohjeet:<\/strong><\/p>\n<p><span style=\"font-weight: 400;\">HUOM! K\u00e4yt\u00e4 vain laimennettua!<\/span><span style=\"font-weight: 400;\"><br \/>\n<\/span><span style=\"font-weight: 400;\">Levit\u00e4 liuos suihkuttamalla pinnalle tai korkeapainepesurilla, anna sen vaikuttaa muutaman minuutin (3\u20135 min.) ja pese sitten pesukoneella tai juoksevalla vedell\u00e4. Tarvittaessa k\u00e4yt\u00e4 harjaa puhdistuksen tehostamiseksi. <\/span><\/p>\n<p><strong>Laimennus 5 litralla vett\u00e4:<br \/>\n<\/strong><\/p>\n<ul>\n<li><span style=\"font-weight: 400;\">Vahva esipesuaine 250-500 ml tiivistett\u00e4<\/span><span style=\"font-weight: 400;\"><br \/>\n<\/span><\/li>\n<li><span style=\"font-weight: 400;\">Esipesu pesuainetta 50\u2013150 ml tiivistett\u00e4<\/span><span style=\"font-weight: 400;\"><br \/>\n<\/span><\/li>\n<li><span style=\"font-weight: 400;\">P\u00e4ivitt\u00e4inen yll\u00e4pito pesuaine 10-30 ml tiivistett\u00e4<\/span><\/li>\n<\/ul>\n<p><strong>Sis\u00e4lt\u00f6:<br \/>\n<\/strong><span style=\"font-weight: 400;\">&lt;5% kationisia pinta-aktiivisia aineita, &lt;5% ionittomia pinta-aktiivisia aineita, butyyliglykoli., kaliumfosfaatit, natriumsilikaatit, luonnon sitrusesterit, \u00f6ljyt\u00f6n, biohajoava.<\/span><\/p>\n<p><span style=\"font-weight: 400;\"><strong>Vahva pesuaine<\/strong> &#8211; pH 13,7.<\/span><\/p>\n<p><strong>Pakkaus:<br \/>\n<\/strong><span style=\"font-weight: 400;\">\u2022 1 L &#8211; 12 kpl pakkaus.<\/span><span style=\"font-weight: 400;\"><br \/>\n<\/span><span style=\"font-weight: 400;\">\u2022 5 L &#8211; 3 kpl pakkaus.<\/span><\/p>\n<p><span style=\"font-weight: 400;\"><strong>Varastointi:<\/strong> Suojaa pakkaselta<\/span><\/p>\n<p>&nbsp;<\/p>\n","protected":false},"excerpt":{"rendered":"<p><span style=\"font-weight: 400;\">Erityisen tehokkaat pesuainetiivisteen liotusominaisuudet.<\/span><span style=\"font-weight: 400;\"><br \/>\n<\/span><span style=\"font-weight: 400;\">Poistaa helposti \u00f6ljyn, rasvan, noen, jarrup\u00f6lyn, tien suolan, voiteluaineet ja kaiken vaikeasti poistettavan lian monimutkaisilta vedenkest\u00e4vilt\u00e4 pinnoilta.<\/span><span style=\"font-weight: 400;\"><br \/>\n<\/span><span style=\"font-weight: 400;\">Super Wash on tiivistetty, mutta pohjainen puhdistusaine.<\/span><\/p>\n<p>&nbsp;<\/p>\n","protected":false},"featured_media":3712,"comment_status":"open","ping_status":"closed","template":"","meta":{"_acf_changed":false},"factory":[],"free-shipment":[],"product_brand":[],"product_cat":[441],"product_tag":[],"class_list":{"0":"post-3711","1":"product","2":"type-product","3":"status-publish","4":"has-post-thumbnail","6":"product_cat-ammattimaiset-siivoustuotteet","8":"first","9":"instock","10":"sale","11":"taxable","12":"shipping-taxable","13":"purchasable","14":"product-type-simple"},"acf":[],"_links":{"self":[{"href":"https:\/\/factory.sale\/fi\/wp-json\/wp\/v2\/product\/3711","targetHints":{"allow":["GET"]}}],"collection":[{"href":"https:\/\/factory.sale\/fi\/wp-json\/wp\/v2\/product"}],"about":[{"href":"https:\/\/factory.sale\/fi\/wp-json\/wp\/v2\/types\/product"}],"replies":[{"embeddable":true,"href":"https:\/\/factory.sale\/fi\/wp-json\/wp\/v2\/comments?post=3711"}],"wp:featuredmedia":[{"embeddable":true,"href":"https:\/\/factory.sale\/fi\/wp-json\/wp\/v2\/media\/3712"}],"wp:attachment":[{"href":"https:\/\/factory.sale\/fi\/wp-json\/wp\/v2\/media?parent=3711"}],"wp:term":[{"taxonomy":"factory","embeddable":true,"href":"https:\/\/factory.sale\/fi\/wp-json\/wp\/v2\/factory?post=3711"},{"taxonomy":"free-shipment","embeddable":true,"href":"https:\/\/factory.sale\/fi\/wp-json\/wp\/v2\/free-shipment?post=3711"},{"taxonomy":"product_brand","embeddable":true,"href":"https:\/\/factory.sale\/fi\/wp-json\/wp\/v2\/product_brand?post=3711"},{"taxonomy":"product_cat","embeddable":true,"href":"https:\/\/factory.sale\/fi\/wp-json\/wp\/v2\/product_cat?post=3711"},{"taxonomy":"product_tag","embeddable":true,"href":"https:\/\/factory.sale\/fi\/wp-json\/wp\/v2\/product_tag?post=3711"}],"curies":[{"name":"wp","href":"https:\/\/api.w.org\/{rel}","templated":true}]}}