{"id":3709,"date":"2020-07-31T12:55:10","date_gmt":"2020-07-31T12:55:10","guid":{"rendered":"https:\/\/factory.sale\/product\/euro-power-wash-great-cleaner\/"},"modified":"2025-03-27T00:52:03","modified_gmt":"2025-03-26T21:52:03","slug":"euro-power-wash-great-cleaner","status":"publish","type":"product","link":"https:\/\/factory.sale\/fi\/tuote\/euro-power-wash-great-cleaner\/","title":{"rendered":"Euro Power Wash Great cleaner, 5l"},"content":{"rendered":"<p><span style=\"font-weight: 400;\">Turvallinen ja tehokas puhdistusaine noen, rasvaisen, \u00f6ljyisen ja pinttynyt lian pinnoille. Eritt\u00e4in em\u00e4ksinen ja tehokas. <\/span><\/p>\n<p><strong>K\u00e4ytt\u00f6kohteet:<br \/>\n<\/strong><span style=\"font-weight: 400;\">K\u00e4sien ja koneiden pesuun. Sopii k\u00e4ytett\u00e4v\u00e4ksi yhdistelm\u00e4koneissa ja painepesureissa.<\/span><\/p>\n<p><span style=\"font-weight: 400;\"><br \/>\n<\/span><strong>Annostelu:<\/strong><\/p>\n<ul>\n<li><span style=\"font-weight: 400;\">Eritt\u00e4in likainen pinta (esim. ty\u00f6pajat) 5-10%<\/span><span style=\"font-weight: 400;\"><br \/>\n<\/span><\/li>\n<li><span style=\"font-weight: 400;\">Kohtalaisen likaiset pinnat 1\u20133%<\/span><span style=\"font-weight: 400;\"><br \/>\n<\/span><\/li>\n<li><span style=\"font-weight: 400;\">P\u00e4ivitt\u00e4iseen yll\u00e4pitoon 0,1%<\/span><\/li>\n<li><span style=\"font-weight: 400;\">K\u00e4simenetelm\u00e4 5-25 ml \/ 5 L<\/span><span style=\"font-weight: 400;\"><br \/>\n<\/span><\/li>\n<li><span style=\"font-weight: 400;\">Yhdistelm\u00e4kone 5-25 ml \/ 5 L<\/span><span style=\"font-weight: 400;\"><br \/>\n<\/span><\/li>\n<li><span style=\"font-weight: 400;\">Painepesuri 10-50 ml \/ 5 l<\/span><\/li>\n<\/ul>\n<p><span style=\"font-weight: 400;\"><br \/>\n<\/span><strong>Sis\u00e4lt\u00f6:<br \/>\n<\/strong><span style=\"font-weight: 400;\">&lt;5% kationisia pinta-aktiivisia aineita, &lt;5% ionittomia pinta-aktiivisia aineita, butyyliglykoli, kaliumfosfaatit, natriumsilikaatit, luonnon sitrusesterit. Ei sis\u00e4ll\u00e4 \u00f6ljytuotteita.<\/span><\/p>\n<p><span style=\"font-weight: 400;\">Vahva pesuaine, pH 13,7.<\/span><\/p>\n<p><span style=\"font-weight: 400;\"><br \/>\n<\/span><strong>Pakkaus:<br \/>\n<\/strong><span style=\"font-weight: 400;\">\u2022 5 L &#8211; 3 kpl pakkaus.<\/span><\/p>\n<p><span style=\"font-weight: 400;\"><br \/>\n<\/span><span style=\"font-weight: 400;\"><strong>Varastointi:<\/strong> Suojaa pakkaselta.<\/span><\/p>\n<p>&nbsp;<\/p>\n","protected":false},"excerpt":{"rendered":"<p><span style=\"font-weight: 400;\">Turvallinen ja tehokas puhdistusaine noen, rasvaisen, \u00f6ljyisen ja pinttynyt lian pinnoille. Eritt\u00e4in em\u00e4ksinen ja tehokas. <\/span><\/p>\n","protected":false},"featured_media":3710,"comment_status":"open","ping_status":"closed","template":"","meta":{"_acf_changed":false},"factory":[],"free-shipment":[],"product_brand":[],"product_cat":[441],"product_tag":[],"class_list":{"0":"post-3709","1":"product","2":"type-product","3":"status-publish","4":"has-post-thumbnail","6":"product_cat-ammattimaiset-siivoustuotteet","8":"first","9":"instock","10":"sale","11":"taxable","12":"shipping-taxable","13":"purchasable","14":"product-type-simple"},"acf":[],"_links":{"self":[{"href":"https:\/\/factory.sale\/fi\/wp-json\/wp\/v2\/product\/3709","targetHints":{"allow":["GET"]}}],"collection":[{"href":"https:\/\/factory.sale\/fi\/wp-json\/wp\/v2\/product"}],"about":[{"href":"https:\/\/factory.sale\/fi\/wp-json\/wp\/v2\/types\/product"}],"replies":[{"embeddable":true,"href":"https:\/\/factory.sale\/fi\/wp-json\/wp\/v2\/comments?post=3709"}],"wp:featuredmedia":[{"embeddable":true,"href":"https:\/\/factory.sale\/fi\/wp-json\/wp\/v2\/media\/3710"}],"wp:attachment":[{"href":"https:\/\/factory.sale\/fi\/wp-json\/wp\/v2\/media?parent=3709"}],"wp:term":[{"taxonomy":"factory","embeddable":true,"href":"https:\/\/factory.sale\/fi\/wp-json\/wp\/v2\/factory?post=3709"},{"taxonomy":"free-shipment","embeddable":true,"href":"https:\/\/factory.sale\/fi\/wp-json\/wp\/v2\/free-shipment?post=3709"},{"taxonomy":"product_brand","embeddable":true,"href":"https:\/\/factory.sale\/fi\/wp-json\/wp\/v2\/product_brand?post=3709"},{"taxonomy":"product_cat","embeddable":true,"href":"https:\/\/factory.sale\/fi\/wp-json\/wp\/v2\/product_cat?post=3709"},{"taxonomy":"product_tag","embeddable":true,"href":"https:\/\/factory.sale\/fi\/wp-json\/wp\/v2\/product_tag?post=3709"}],"curies":[{"name":"wp","href":"https:\/\/api.w.org\/{rel}","templated":true}]}}