{"id":36785,"date":"2023-08-10T12:40:07","date_gmt":"2023-09-29T11:00:43","guid":{"rendered":"https:\/\/factory.sale\/?post_type=product&#038;p=36785"},"modified":"2024-06-27T12:08:13","modified_gmt":"2024-06-27T12:08:13","slug":"system-remotus-jupiter-sarja-era-8b-lahetin-rx161-vastaanotin","status":"publish","type":"product","link":"https:\/\/factory.sale\/fi\/tuote\/system-remotus-jupiter-sarja-era-8b-lahetin-rx161-vastaanotin\/","title":{"rendered":"System Remotus Jupiter Sarja: ERA 8B l\u00e4hetin + RX161 vastaanotin"},"content":{"rendered":"<p>Toimittaja: \u00c4kerstr\u00f6ms<br \/>\nVirtal\u00e4hde: 24-230V AC \/ 24V DC<br \/>\nSarja: Remotus Jupiter<br \/>\nK\u00e4ytt\u00f6l\u00e4mp\u00f6tila: -25\u02da&#8230;+55\u02daC<br \/>\nSuojausluokka: IP67<br \/>\nAsennus: Sein\u00e4asennus<br \/>\nPainikkeiden m\u00e4\u00e4r\u00e4: 8<br \/>\nTaajuus: 433-434MHz<br \/>\nV\u00e4ri: Oranssi<\/p>\n<p>&nbsp;<\/p>\n<p><a href=\"https:\/\/www.sakt.ee\/en\/index.php?controller=attachment&amp;id_attachment=1284\" target=\"_blank\" rel=\"noopener\">Tuotetiedot\u00a0PDF<\/a><\/p>\n","protected":false},"excerpt":{"rendered":"<p>Toimittaja: \u00c4kerstr\u00f6ms<br \/>\nVirtal\u00e4hde: 24-230V AC \/ 24V DC<br \/>\nSarja: Remotus Jupiter<br \/>\nK\u00e4ytt\u00f6l\u00e4mp\u00f6tila: -25\u02da&#8230;+55\u02daC<br \/>\nSuojausluokka: IP67<br \/>\nAsennus: Sein\u00e4asennus<br \/>\nPainikkeiden m\u00e4\u00e4r\u00e4: 8<br \/>\nTaajuus: 433-434MHz<br \/>\nV\u00e4ri: Oranssi<\/p>\n","protected":false},"featured_media":33699,"comment_status":"open","ping_status":"closed","template":"","meta":{"_acf_changed":false},"factory":[],"free-shipment":[],"product_brand":[],"product_cat":[2609,2607],"product_tag":[],"class_list":{"0":"post-36785","1":"product","2":"type-product","3":"status-publish","4":"has-post-thumbnail","6":"product_cat-kaukosaadin","7":"product_cat-teollisuusautomaatio","9":"first","10":"instock","11":"sale","12":"taxable","13":"shipping-taxable","14":"purchasable","15":"product-type-simple"},"acf":[],"_links":{"self":[{"href":"https:\/\/factory.sale\/fi\/wp-json\/wp\/v2\/product\/36785","targetHints":{"allow":["GET"]}}],"collection":[{"href":"https:\/\/factory.sale\/fi\/wp-json\/wp\/v2\/product"}],"about":[{"href":"https:\/\/factory.sale\/fi\/wp-json\/wp\/v2\/types\/product"}],"replies":[{"embeddable":true,"href":"https:\/\/factory.sale\/fi\/wp-json\/wp\/v2\/comments?post=36785"}],"wp:featuredmedia":[{"embeddable":true,"href":"https:\/\/factory.sale\/fi\/wp-json\/wp\/v2\/media\/33699"}],"wp:attachment":[{"href":"https:\/\/factory.sale\/fi\/wp-json\/wp\/v2\/media?parent=36785"}],"wp:term":[{"taxonomy":"factory","embeddable":true,"href":"https:\/\/factory.sale\/fi\/wp-json\/wp\/v2\/factory?post=36785"},{"taxonomy":"free-shipment","embeddable":true,"href":"https:\/\/factory.sale\/fi\/wp-json\/wp\/v2\/free-shipment?post=36785"},{"taxonomy":"product_brand","embeddable":true,"href":"https:\/\/factory.sale\/fi\/wp-json\/wp\/v2\/product_brand?post=36785"},{"taxonomy":"product_cat","embeddable":true,"href":"https:\/\/factory.sale\/fi\/wp-json\/wp\/v2\/product_cat?post=36785"},{"taxonomy":"product_tag","embeddable":true,"href":"https:\/\/factory.sale\/fi\/wp-json\/wp\/v2\/product_tag?post=36785"}],"curies":[{"name":"wp","href":"https:\/\/api.w.org\/{rel}","templated":true}]}}