{"id":36780,"date":"2023-08-15T11:41:39","date_gmt":"2023-09-29T10:52:59","guid":{"rendered":"https:\/\/factory.sale\/?post_type=product&#038;p=36780"},"modified":"2024-10-24T14:04:21","modified_gmt":"2024-10-24T11:04:21","slug":"remotus-jupiter-jarjestelma-10b-naytollinen-lahetin-rx161-vastaanotin","status":"publish","type":"product","link":"https:\/\/factory.sale\/fi\/tuote\/remotus-jupiter-jarjestelma-10b-naytollinen-lahetin-rx161-vastaanotin\/","title":{"rendered":"Remotus Jupiter -j\u00e4rjestelm\u00e4: 10B n\u00e4yt\u00f6llinen l\u00e4hetin + RX161 vastaanotin"},"content":{"rendered":"<p>Remotus on valikoimamme turvallisia ja kest\u00e4vi\u00e4 tuotteita ja ratkaisuja turvallisuuden kannalta kriittisten teollisten ja mobiilisovellusten radio-ohjaukseen.<\/p>\n<p>Toimittaja: \u00c4kerstr\u00f6ms<br \/>\nVirtal\u00e4hde: 24-230V AC \/ 24V DC<br \/>\nSarja: Remotus Jupiter<br \/>\nK\u00e4ytt\u00f6l\u00e4mp\u00f6tila: -25\u02da&#8230;+55\u02daC<br \/>\nSuojausluokka: IP67<br \/>\nAsennus: Sein\u00e4asennus<br \/>\nPainikkeiden m\u00e4\u00e4r\u00e4: 10<br \/>\nTaajuus: 433-434MHz<\/p>\n<p>&nbsp;<\/p>\n<p>&nbsp;<\/p>\n<p>&nbsp;<\/p>\n<p>Pdf on saatavilla <a href=\"https:\/\/www.sakt.ee\/en\/index.php?controller=attachment&amp;id_attachment=1286\" target=\"_blank\" rel=\"noopener\">T\u00c4SS\u00c4<\/a><\/p>\n","protected":false},"excerpt":{"rendered":"<p>Toimittaja: \u00c4kerstr\u00f6ms<br \/>\nVirtal\u00e4hde: 24-230V AC \/ 24V DC<br \/>\nSarja: Remotus Jupiter<br \/>\nK\u00e4ytt\u00f6l\u00e4mp\u00f6tila: -25\u02da&#8230;+55\u02daC<br \/>\nSuojausluokka: IP67<br \/>\nAsennus: Sein\u00e4asennus<br \/>\nPainikkeiden m\u00e4\u00e4r\u00e4: 10<br \/>\nTaajuus: 433-434MHz<\/p>\n","protected":false},"featured_media":33762,"comment_status":"open","ping_status":"closed","template":"","meta":{"_acf_changed":false},"factory":[],"free-shipment":[],"product_brand":[],"product_cat":[2609,2607],"product_tag":[],"class_list":{"0":"post-36780","1":"product","2":"type-product","3":"status-publish","4":"has-post-thumbnail","6":"product_cat-kaukosaadin","7":"product_cat-teollisuusautomaatio","9":"first","10":"instock","11":"sale","12":"taxable","13":"shipping-taxable","14":"purchasable","15":"product-type-simple"},"acf":[],"_links":{"self":[{"href":"https:\/\/factory.sale\/fi\/wp-json\/wp\/v2\/product\/36780","targetHints":{"allow":["GET"]}}],"collection":[{"href":"https:\/\/factory.sale\/fi\/wp-json\/wp\/v2\/product"}],"about":[{"href":"https:\/\/factory.sale\/fi\/wp-json\/wp\/v2\/types\/product"}],"replies":[{"embeddable":true,"href":"https:\/\/factory.sale\/fi\/wp-json\/wp\/v2\/comments?post=36780"}],"wp:featuredmedia":[{"embeddable":true,"href":"https:\/\/factory.sale\/fi\/wp-json\/wp\/v2\/media\/33762"}],"wp:attachment":[{"href":"https:\/\/factory.sale\/fi\/wp-json\/wp\/v2\/media?parent=36780"}],"wp:term":[{"taxonomy":"factory","embeddable":true,"href":"https:\/\/factory.sale\/fi\/wp-json\/wp\/v2\/factory?post=36780"},{"taxonomy":"free-shipment","embeddable":true,"href":"https:\/\/factory.sale\/fi\/wp-json\/wp\/v2\/free-shipment?post=36780"},{"taxonomy":"product_brand","embeddable":true,"href":"https:\/\/factory.sale\/fi\/wp-json\/wp\/v2\/product_brand?post=36780"},{"taxonomy":"product_cat","embeddable":true,"href":"https:\/\/factory.sale\/fi\/wp-json\/wp\/v2\/product_cat?post=36780"},{"taxonomy":"product_tag","embeddable":true,"href":"https:\/\/factory.sale\/fi\/wp-json\/wp\/v2\/product_tag?post=36780"}],"curies":[{"name":"wp","href":"https:\/\/api.w.org\/{rel}","templated":true}]}}