{"id":36770,"date":"2023-08-15T11:56:58","date_gmt":"2023-09-29T10:39:31","guid":{"rendered":"https:\/\/factory.sale\/?post_type=product&#038;p=36770"},"modified":"2024-10-24T13:57:55","modified_gmt":"2024-10-24T10:57:55","slug":"system-jupiter-era-150-sarja-era-150-lahetin-rx161-vastaanotin","status":"publish","type":"product","link":"https:\/\/factory.sale\/fi\/tuote\/system-jupiter-era-150-sarja-era-150-lahetin-rx161-vastaanotin\/","title":{"rendered":"System Jupiter Era 150 Sarja: Era 150 l\u00e4hetin + RX161 vastaanotin"},"content":{"rendered":"<p>Remotus Era 150 on ohjaussauva tai l\u00e4hetin nostureihin ja nostolaitesovellusten k\u00e4ytt\u00f6\u00f6n. Era 150 on helppok\u00e4ytt\u00f6inen ja siin\u00e4 on hyvin suunniteltu, kest\u00e4v\u00e4 muotoilu. Siin\u00e4 on kumiset kahvat hyv\u00e4n otteen takaamiseksi ja se seisoo tukevasti omilla suojattuilla metallijaloillaan, kun sit\u00e4 ei k\u00e4ytet\u00e4. Remotus Era 150 pystyy k\u00e4sittelem\u00e4\u00e4n kolme liikett\u00e4 kahdella nopeudella viiden lis\u00e4toiminnon lis\u00e4ksi ja kommunikoi taajuusalueella 434-434 MHz.<\/p>\n<p>&nbsp;<\/p>\n<p>Virtal\u00e4hde: 24-230V AC \/ 24V DC<br \/>\nSarja Remotus: Jupiter<br \/>\nTy\u00f6l\u00e4mp\u00f6tila: -25\u02da&#8230;+55\u02daC<br \/>\nSuojausluokka: IP65<br \/>\nAsennus: Sein\u00e4kiinnitys<br \/>\nTaajuus: 433-434MHz<\/p>\n<p>&nbsp;<\/p>\n","protected":false},"excerpt":{"rendered":"<p>Virtal\u00e4hde: 24-230V AC \/ 24V DC<br \/>\nSarja Remotus: Jupiter<br \/>\nTy\u00f6l\u00e4mp\u00f6tila: -25\u02da&#8230;+55\u02daC<br \/>\nSuojausluokka: IP65<br \/>\nAsennus: Sein\u00e4kiinnitys<br \/>\nTaajuus: 433-434MHz<\/p>\n<p>&nbsp;<\/p>\n","protected":false},"featured_media":33774,"comment_status":"open","ping_status":"closed","template":"","meta":{"_acf_changed":false},"factory":[],"free-shipment":[],"product_brand":[],"product_cat":[2609,2607],"product_tag":[],"class_list":{"0":"post-36770","1":"product","2":"type-product","3":"status-publish","4":"has-post-thumbnail","6":"product_cat-kaukosaadin","7":"product_cat-teollisuusautomaatio","9":"first","10":"instock","11":"sale","12":"taxable","13":"shipping-taxable","14":"purchasable","15":"product-type-simple"},"acf":[],"_links":{"self":[{"href":"https:\/\/factory.sale\/fi\/wp-json\/wp\/v2\/product\/36770","targetHints":{"allow":["GET"]}}],"collection":[{"href":"https:\/\/factory.sale\/fi\/wp-json\/wp\/v2\/product"}],"about":[{"href":"https:\/\/factory.sale\/fi\/wp-json\/wp\/v2\/types\/product"}],"replies":[{"embeddable":true,"href":"https:\/\/factory.sale\/fi\/wp-json\/wp\/v2\/comments?post=36770"}],"wp:featuredmedia":[{"embeddable":true,"href":"https:\/\/factory.sale\/fi\/wp-json\/wp\/v2\/media\/33774"}],"wp:attachment":[{"href":"https:\/\/factory.sale\/fi\/wp-json\/wp\/v2\/media?parent=36770"}],"wp:term":[{"taxonomy":"factory","embeddable":true,"href":"https:\/\/factory.sale\/fi\/wp-json\/wp\/v2\/factory?post=36770"},{"taxonomy":"free-shipment","embeddable":true,"href":"https:\/\/factory.sale\/fi\/wp-json\/wp\/v2\/free-shipment?post=36770"},{"taxonomy":"product_brand","embeddable":true,"href":"https:\/\/factory.sale\/fi\/wp-json\/wp\/v2\/product_brand?post=36770"},{"taxonomy":"product_cat","embeddable":true,"href":"https:\/\/factory.sale\/fi\/wp-json\/wp\/v2\/product_cat?post=36770"},{"taxonomy":"product_tag","embeddable":true,"href":"https:\/\/factory.sale\/fi\/wp-json\/wp\/v2\/product_tag?post=36770"}],"curies":[{"name":"wp","href":"https:\/\/api.w.org\/{rel}","templated":true}]}}